{"id":9556,"date":"2025-04-02T17:15:38","date_gmt":"2025-04-02T17:15:38","guid":{"rendered":"https:\/\/oportofortegroup.com\/?page_id=9556"},"modified":"2026-03-26T15:52:29","modified_gmt":"2026-03-26T15:52:29","slug":"sobre-nos","status":"publish","type":"page","link":"https:\/\/oportofortegroup.com\/pt\/sobre-nos\/","title":{"rendered":"Sobre N\u00f3s"},"content":{"rendered":"\t\t<div data-elementor-type=\"wp-page\" data-elementor-id=\"9556\" class=\"elementor elementor-9556\">\n\t\t\t\t<div class=\"elementor-element elementor-element-7dfbac8 e-flex e-con-boxed e-con e-parent\" data-id=\"7dfbac8\" data-element_type=\"container\" data-e-type=\"container\">\r\n\t\t\t\t\t<div class=\"e-con-inner\">\r\n\t\t\t\t<div class=\"elementor-element elementor-element-d0e5a56 elementor-widget elementor-widget-heading\" data-id=\"d0e5a56\" data-element_type=\"widget\" data-e-type=\"widget\" data-widget_type=\"heading.default\">\n\t\t\t\t<div class=\"elementor-widget-container\">\n\t\t\t\t\t<h2 class=\"elementor-heading-title elementor-size-default\">A nossa hist\u00f3ria<\/h2>\t\t\t\t<\/div>\n\t\t\t\t<\/div>\n\t\t\t\t<div class=\"elementor-element elementor-element-4c3c6ed elementor-widget elementor-widget-text-editor\" data-id=\"4c3c6ed\" data-element_type=\"widget\" data-e-type=\"widget\" data-widget_type=\"text-editor.default\">\n\t\t\t\t<div class=\"elementor-widget-container\">\n\t\t\t\t\t\t\t\t\t<p>O OFG, Oporto Forte Group, \u00e9 um <strong>hub empresarial que conecta pessoas, empresas, neg\u00f3cios e oportunidades <\/strong>pelo mundo desde 1993.\u00a0<\/p><p>Com uma atua\u00e7\u00e3o global e multidisciplinar na Europa, Am\u00e9rica, \u00c1frica e \u00c1sia, desenvolvemos <strong>solu\u00e7\u00f5es integradas nas \u00e1reas de Investimentos e Financeiro; Internacionaliza\u00e7\u00e3o; Forma\u00e7\u00e3o Corporativa; Consultoria e Estrat\u00e9gia Empresarial; Inova\u00e7\u00e3o e Tecnologia; e Social<\/strong>, apoiando governos, institui\u00e7\u00f5es e empresas na sua expans\u00e3o e transforma\u00e7\u00e3o.<\/p>\t\t\t\t\t\t\t\t<\/div>\n\t\t\t\t<\/div>\n\t\t\t\t<div class=\"elementor-element elementor-element-bb18e36 elementor-widget elementor-widget-video\" data-id=\"bb18e36\" data-element_type=\"widget\" data-e-type=\"widget\" data-settings=\"{&quot;video_type&quot;:&quot;hosted&quot;,&quot;autoplay&quot;:&quot;yes&quot;,&quot;play_on_mobile&quot;:&quot;yes&quot;,&quot;mute&quot;:&quot;yes&quot;,&quot;controls&quot;:&quot;yes&quot;}\" data-widget_type=\"video.default\">\n\t\t\t\t<div class=\"elementor-widget-container\">\n\t\t\t\t\t\t\t<div class=\"e-hosted-video elementor-wrapper elementor-open-inline\">\n\t\t\t\t\t<video class=\"elementor-video\" src=\"https:\/\/oportofortegroup.com\/wp-content\/uploads\/2025\/04\/INSTITUCIONAL_pt-pt_V02.mp4\" autoplay=\"\" controls=\"\" muted=\"muted\" playsinline=\"\" controlsList=\"nodownload\"><\/video>\n\t\t\t\t<\/div>\n\t\t\t\t\t\t<\/div>\n\t\t\t\t<\/div>\n\t\t\t\t<div class=\"elementor-element elementor-element-e9a5c1c elementor-widget elementor-widget-text-editor\" data-id=\"e9a5c1c\" data-element_type=\"widget\" data-e-type=\"widget\" data-widget_type=\"text-editor.default\">\n\t\t\t\t<div class=\"elementor-widget-container\">\n\t\t\t\t\t\t\t\t\t<p>Com opera\u00e7\u00e3o direta nos 4 continentes, o OFG conhece de perto as <strong>especificidades de cada regi\u00e3o<\/strong>, como operam os mercados e os desafios e oportunidades inerentes, permitindo orientar as empresas na tomada de decis\u00f5es de acordo com os seus objetivos.\u00a0Atrav\u00e9s de uma abordagem orientada para resultados, trabalhamos com parceiros p\u00fablicos e privados para <strong>modernizar opera\u00e7\u00f5es, fortalecer competitividade e criar solu\u00e7\u00f5es globais<\/strong> que respondem \u00e0s exig\u00eancias de mercados em constante evolu\u00e7\u00e3o.<\/p>\t\t\t\t\t\t\t\t<\/div>\n\t\t\t\t<\/div>\n\t\t<div class=\"elementor-element elementor-element-11ba0b1 e-grid e-con-full e-con e-child\" data-id=\"11ba0b1\" data-element_type=\"container\" data-e-type=\"container\">\r\n\t\t\t\t<div class=\"elementor-element elementor-element-26f565c elementor-widget elementor-widget-porto_info_box\" data-id=\"26f565c\" data-element_type=\"widget\" data-e-type=\"widget\" data-widget_type=\"porto_info_box.default\">\n\t\t\t\t<div class=\"elementor-widget-container\">\n\t\t\t\t\t<div class=\"porto-sicon-box style_1 top-icon text-left\"><div class=\"porto-sicon-header\"><h4 class=\"porto-sicon-title\" style=\"\">A nossa miss\u00e3o<\/h4><\/div> <!-- header --><div class=\"porto-sicon-description\" style=\"\" ><p>Desenvolver neg\u00f3cios e projetos sustent\u00e1veis ao redor do mundo.<\/p><\/div> <!-- description --><\/div><!-- porto-sicon-box -->\t\t\t\t<\/div>\n\t\t\t\t<\/div>\n\t\t\t\t<div class=\"elementor-element elementor-element-5de29fa elementor-widget elementor-widget-porto_info_box\" data-id=\"5de29fa\" data-element_type=\"widget\" data-e-type=\"widget\" data-widget_type=\"porto_info_box.default\">\n\t\t\t\t<div class=\"elementor-widget-container\">\n\t\t\t\t\t<div class=\"porto-sicon-box style_1 top-icon text-left\"><div class=\"porto-sicon-header\"><h4 class=\"porto-sicon-title\" style=\"\">A nossa vis\u00e3o<\/h4><\/div> <!-- header --><div class=\"porto-sicon-description\" style=\"\" ><p>Ser refer\u00eancia internacional no desenvolvimento de neg\u00f3cios e empresas.<\/p><\/div> <!-- description --><\/div><!-- porto-sicon-box -->\t\t\t\t<\/div>\n\t\t\t\t<\/div>\n\t\t\t\t<div class=\"elementor-element elementor-element-bf9422f elementor-widget elementor-widget-porto_info_box\" data-id=\"bf9422f\" data-element_type=\"widget\" data-e-type=\"widget\" data-widget_type=\"porto_info_box.default\">\n\t\t\t\t<div class=\"elementor-widget-container\">\n\t\t\t\t\t<div class=\"porto-sicon-box style_1 top-icon text-left\"><div class=\"porto-sicon-header\"><h4 class=\"porto-sicon-title\" style=\"\">Os nossos valores<\/h4><\/div> <!-- header --><div class=\"porto-sicon-description\" style=\"\" ><p>\u00c9tica, Compromisso, Qualidade, Inova\u00e7\u00e3o Desenvolvimento Humano e Responsabilidade Social.<\/p><\/div> <!-- description --><\/div><!-- porto-sicon-box -->\t\t\t\t<\/div>\n\t\t\t\t<\/div>\n\t\t\t\t<\/div>\n\t\t\t\t<div class=\"elementor-element elementor-element-b573f8e elementor-widget elementor-widget-heading\" data-id=\"b573f8e\" data-element_type=\"widget\" data-e-type=\"widget\" data-widget_type=\"heading.default\">\n\t\t\t\t<div class=\"elementor-widget-container\">\n\t\t\t\t\t<h2 class=\"elementor-heading-title elementor-size-default\">Eventos<\/h2>\t\t\t\t<\/div>\n\t\t\t\t<\/div>\n\t\t\t\t<div class=\"elementor-element elementor-element-16c9c07 elementor-widget elementor-widget-text-editor\" data-id=\"16c9c07\" data-element_type=\"widget\" data-e-type=\"widget\" data-widget_type=\"text-editor.default\">\n\t\t\t\t<div class=\"elementor-widget-container\">\n\t\t\t\t\t\t\t\t\t<p data-start=\"2353\" data-end=\"2805\">Os <strong data-start=\"2356\" data-end=\"2399\">eventos organizados e apoiados<\/strong> pelo OFG s\u00e3o plataformas essenciais de<strong> liga\u00e7\u00e3o entre empresas, especialistas e investidores<\/strong>, promovendo networking qualificado, partilha de conhecimento e cria\u00e7\u00e3o de oportunidades internacionais. Da Europa \u00e0 \u00c1frica Ocidental, Am\u00e9rica Latina e Emirados \u00c1rabes Unidos, realizamos iniciativas centradas em <strong data-start=\"2696\" data-end=\"2804\">neg\u00f3cios internacionais, inova\u00e7\u00e3o, transforma\u00e7\u00e3o digital, forma\u00e7\u00e3o executiva e desenvolvimento econ\u00f3mico<\/strong>.<\/p><p data-start=\"2807\" data-end=\"3121\">Paralelamente, o OFG desenvolve e apoia <strong data-start=\"2847\" data-end=\"2917\">a\u00e7\u00f5es solid\u00e1rias e projetos de responsabilidade social corporativa<\/strong>, contribuindo para causas como sa\u00fade, educa\u00e7\u00e3o, inclus\u00e3o digital e apoio a popula\u00e7\u00f5es vulner\u00e1veis. Esta dimens\u00e3o social \u00e9 parte fundamental da nossa identidade e do impacto que procuramos gerar no mundo.<\/p>\t\t\t\t\t\t\t\t<\/div>\n\t\t\t\t<\/div>\n\t\t\t\t<div class=\"elementor-element elementor-element-fa6e10d elementor-widget elementor-widget-heading\" data-id=\"fa6e10d\" data-element_type=\"widget\" data-e-type=\"widget\" data-widget_type=\"heading.default\">\n\t\t\t\t<div class=\"elementor-widget-container\">\n\t\t\t\t\t<h2 class=\"elementor-heading-title elementor-size-default\">Presen\u00e7a internacional<\/h2>\t\t\t\t<\/div>\n\t\t\t\t<\/div>\n\t\t<div class=\"elementor-element elementor-element-dbc728f e-con-full e-flex e-con e-child\" data-id=\"dbc728f\" data-element_type=\"container\" data-e-type=\"container\">\r\n\t\t<div class=\"elementor-element elementor-element-1f5a395 e-con-full e-flex e-con e-child\" data-id=\"1f5a395\" data-element_type=\"container\" data-e-type=\"container\">\r\n\t\t\t\t<div class=\"elementor-element elementor-element-59c8413 elementor-widget elementor-widget-porto_info_box\" data-id=\"59c8413\" data-element_type=\"widget\" data-e-type=\"widget\" data-widget_type=\"porto_info_box.default\">\n\t\t\t\t<div class=\"elementor-widget-container\">\n\t\t\t\t\t<div class=\"porto-sicon-box style_1 top-icon text-left\"><div class=\"porto-sicon-header\"><h4 class=\"porto-sicon-title\" style=\"\">Europa<\/h4><\/div> <!-- header --><div class=\"porto-sicon-description\" style=\"\" ><p>\u00a0Portugal, Espanha, Fran\u00e7a, Alemanha e Bulg\u00e1ria<\/p><\/div> <!-- description --><\/div><!-- porto-sicon-box -->\t\t\t\t<\/div>\n\t\t\t\t<\/div>\n\t\t\t\t<\/div>\n\t\t<div class=\"elementor-element elementor-element-0bd6ae9 e-con-full e-flex e-con e-child\" data-id=\"0bd6ae9\" data-element_type=\"container\" data-e-type=\"container\">\r\n\t\t\t\t<div class=\"elementor-element elementor-element-e129bf6 elementor-widget elementor-widget-porto_info_box\" data-id=\"e129bf6\" data-element_type=\"widget\" data-e-type=\"widget\" data-widget_type=\"porto_info_box.default\">\n\t\t\t\t<div class=\"elementor-widget-container\">\n\t\t\t\t\t<div class=\"porto-sicon-box style_1 top-icon text-left\"><div class=\"porto-sicon-header\"><h4 class=\"porto-sicon-title\" style=\"\">Am\u00e9rica<\/h4><\/div> <!-- header --><div class=\"porto-sicon-description\" style=\"\" ><p>Brasil<\/p><\/div> <!-- description --><\/div><!-- porto-sicon-box -->\t\t\t\t<\/div>\n\t\t\t\t<\/div>\n\t\t\t\t<\/div>\n\t\t<div class=\"elementor-element elementor-element-155831f e-con-full e-flex e-con e-child\" data-id=\"155831f\" data-element_type=\"container\" data-e-type=\"container\">\r\n\t\t\t\t<div class=\"elementor-element elementor-element-6f86f73 elementor-widget elementor-widget-porto_info_box\" data-id=\"6f86f73\" data-element_type=\"widget\" data-e-type=\"widget\" data-widget_type=\"porto_info_box.default\">\n\t\t\t\t<div class=\"elementor-widget-container\">\n\t\t\t\t\t<div class=\"porto-sicon-box style_1 top-icon text-left\"><div class=\"porto-sicon-header\"><h4 class=\"porto-sicon-title\" style=\"\">\u00c1frica<\/h4><\/div> <!-- header --><div class=\"porto-sicon-description\" style=\"\" ><p>Cabo Verde, Costa do Marfim, Guin\u00e9 Bissau, Mo\u00e7ambique e Senegal<\/p><\/div> <!-- description --><\/div><!-- porto-sicon-box -->\t\t\t\t<\/div>\n\t\t\t\t<\/div>\n\t\t\t\t<\/div>\n\t\t<div class=\"elementor-element elementor-element-0b866fb e-con-full e-flex e-con e-child\" data-id=\"0b866fb\" data-element_type=\"container\" data-e-type=\"container\">\r\n\t\t\t\t<div class=\"elementor-element elementor-element-b5feeea elementor-widget elementor-widget-porto_info_box\" data-id=\"b5feeea\" data-element_type=\"widget\" data-e-type=\"widget\" data-widget_type=\"porto_info_box.default\">\n\t\t\t\t<div class=\"elementor-widget-container\">\n\t\t\t\t\t<div class=\"porto-sicon-box style_1 top-icon text-left\"><div class=\"porto-sicon-header\"><h4 class=\"porto-sicon-title\" style=\"\">\u00c1sia<\/h4><\/div> <!-- header --><div class=\"porto-sicon-description\" style=\"\" ><p>\u00a0Emirados \u00c1rabes Unidos<\/p><\/div> <!-- description --><\/div><!-- porto-sicon-box -->\t\t\t\t<\/div>\n\t\t\t\t<\/div>\n\t\t\t\t<\/div>\n\t\t\t\t<\/div>\n\t\t\t\t<div class=\"elementor-element elementor-element-b067484 elementor-widget elementor-widget-image\" data-id=\"b067484\" data-element_type=\"widget\" data-e-type=\"widget\" data-widget_type=\"image.default\">\n\t\t\t\t<div class=\"elementor-widget-container\">\n\t\t\t\t\t\t\t\t\t\t\t\t\t\t\t<img fetchpriority=\"high\" decoding=\"async\" width=\"1024\" height=\"576\" src=\"https:\/\/oportofortegroup.com\/wp-content\/uploads\/2025\/04\/PT_Geral-Portfolio-2025-1024x576.png\" class=\"attachment-large size-large wp-image-9559\" alt=\"\" srcset=\"https:\/\/oportofortegroup.com\/wp-content\/uploads\/2025\/04\/PT_Geral-Portfolio-2025-1024x576.png 1024w, https:\/\/oportofortegroup.com\/wp-content\/uploads\/2025\/04\/PT_Geral-Portfolio-2025-768x432.png 768w, https:\/\/oportofortegroup.com\/wp-content\/uploads\/2025\/04\/PT_Geral-Portfolio-2025-640x360.png 640w, https:\/\/oportofortegroup.com\/wp-content\/uploads\/2025\/04\/PT_Geral-Portfolio-2025-400x225.png 400w\" sizes=\"(max-width: 1024px) 100vw, 1024px\" \/>\t\t\t\t\t\t\t\t\t\t\t\t\t\t\t<\/div>\n\t\t\t\t<\/div>\n\t\t\t\t<div class=\"elementor-element elementor-element-d41512c elementor-widget elementor-widget-text-editor\" data-id=\"d41512c\" data-element_type=\"widget\" data-e-type=\"widget\" data-widget_type=\"text-editor.default\">\n\t\t\t\t<div class=\"elementor-widget-container\">\n\t\t\t\t\t\t\t\t\t<p>Expandir para novos mercados \u00e9 mais do que atravessar fronteiras \u2013 \u00e9 saber onde est\u00e3o as oportunidades certas e como aproveit\u00e1-las.\u00a0\u00a0<\/p><p>Com presen\u00e7a direta em 4 continentes e mais de 10 pa\u00edses, o OFG conecta a sua empresa aos <strong>centros econ\u00f3micos mundiais mais promissores<\/strong>.\u00a0<\/p>\t\t\t\t\t\t\t\t<\/div>\n\t\t\t\t<\/div>\n\t\t\t\t\t<\/div>\n\t\t\t\t<\/div>\n\t\t\t\t<\/div>\n\t\t","protected":false},"excerpt":{"rendered":"<p>A nossa hist\u00f3ria O OFG, Oporto Forte Group, \u00e9 um hub empresarial que conecta pessoas, empresas, neg\u00f3cios e oportunidades pelo mundo desde 1993.\u00a0 Com uma atua\u00e7\u00e3o global e multidisciplinar na Europa, Am\u00e9rica, \u00c1frica e \u00c1sia, desenvolvemos solu\u00e7\u00f5es integradas nas \u00e1reas de Investimentos e Financeiro; Internacionaliza\u00e7\u00e3o; Forma\u00e7\u00e3o Corporativa; Consultoria e Estrat\u00e9gia Empresarial; Inova\u00e7\u00e3o e Tecnologia; e [&hellip;]<\/p>\n","protected":false},"author":1,"featured_media":0,"parent":0,"menu_order":0,"comment_status":"closed","ping_status":"closed","template":"","meta":{"_acf_changed":false,"footnotes":""},"class_list":["post-9556","page","type-page","status-publish","hentry"],"acf":[],"_links":{"self":[{"href":"https:\/\/oportofortegroup.com\/pt\/wp-json\/wp\/v2\/pages\/9556","targetHints":{"allow":["GET"]}}],"collection":[{"href":"https:\/\/oportofortegroup.com\/pt\/wp-json\/wp\/v2\/pages"}],"about":[{"href":"https:\/\/oportofortegroup.com\/pt\/wp-json\/wp\/v2\/types\/page"}],"author":[{"embeddable":true,"href":"https:\/\/oportofortegroup.com\/pt\/wp-json\/wp\/v2\/users\/1"}],"replies":[{"embeddable":true,"href":"https:\/\/oportofortegroup.com\/pt\/wp-json\/wp\/v2\/comments?post=9556"}],"version-history":[{"count":48,"href":"https:\/\/oportofortegroup.com\/pt\/wp-json\/wp\/v2\/pages\/9556\/revisions"}],"predecessor-version":[{"id":16385,"href":"https:\/\/oportofortegroup.com\/pt\/wp-json\/wp\/v2\/pages\/9556\/revisions\/16385"}],"wp:attachment":[{"href":"https:\/\/oportofortegroup.com\/pt\/wp-json\/wp\/v2\/media?parent=9556"}],"curies":[{"name":"wp","href":"https:\/\/api.w.org\/{rel}","templated":true}]}}