{"id":14403,"date":"2026-01-08T12:38:33","date_gmt":"2026-01-08T12:38:33","guid":{"rendered":"https:\/\/oportofortegroup.com\/?page_id=14403"},"modified":"2026-03-19T12:35:57","modified_gmt":"2026-03-19T12:35:57","slug":"drive-up-your-leadership-lideres","status":"publish","type":"page","link":"https:\/\/oportofortegroup.com\/pt\/drive-up-your-leadership-lideres\/","title":{"rendered":"Drive up your Leadership"},"content":{"rendered":"\t\t<div data-elementor-type=\"wp-page\" data-elementor-id=\"14403\" class=\"elementor elementor-14403\">\n\t\t\t\t<div data-plugin-parallax=\"\" data-plugin-options=\"{&quot;speed&quot;: 1.9}\" data-image-src=\"https:\/\/oportofortegroup.com\/wp-content\/uploads\/2026\/01\/Indices-de-acidentes-em-industrias-alerta-sobre-a-importancia-dos-EPIs-no-setor-automobilistico-Revista-Cipa.jpg\" data-parallax-scale=\"invert\" class=\"porto_stretch_css stretch_row_css elementor-element elementor-element-2b8cb37 e-con-full e-flex e-con e-parent\" data-id=\"2b8cb37\" data-element_type=\"container\" data-e-type=\"container\" data-settings=\"{&quot;background_background&quot;:&quot;classic&quot;}\">\r\n\t\t\t\t<\/div>\n\t\t<div class=\"elementor-element elementor-element-165cf6f e-con-full e-flex e-con e-parent\" data-id=\"165cf6f\" data-element_type=\"container\" data-e-type=\"container\">\r\n\t\t\t\t<div class=\"elementor-element elementor-element-68f73f9 elementor-widget elementor-widget-spacer\" data-id=\"68f73f9\" data-element_type=\"widget\" data-e-type=\"widget\" data-widget_type=\"spacer.default\">\n\t\t\t\t<div class=\"elementor-widget-container\">\n\t\t\t\t\t\t\t<div class=\"elementor-spacer\">\n\t\t\t<div class=\"elementor-spacer-inner\"><\/div>\n\t\t<\/div>\n\t\t\t\t\t\t<\/div>\n\t\t\t\t<\/div>\n\t\t\t\t<\/div>\n\t\t<div class=\"elementor-element elementor-element-264a774 e-con-full e-flex e-con e-parent\" data-id=\"264a774\" data-element_type=\"container\" data-e-type=\"container\">\r\n\t\t<div class=\"elementor-element elementor-element-29766f6 e-con-full e-flex e-con e-child\" data-id=\"29766f6\" data-element_type=\"container\" data-e-type=\"container\">\r\n\t\t\t\t<div class=\"elementor-element elementor-element-857d726 elementor-widget elementor-widget-text-editor\" data-id=\"857d726\" data-element_type=\"widget\" data-e-type=\"widget\" data-widget_type=\"text-editor.default\">\n\t\t\t\t<div class=\"elementor-widget-container\">\n\t\t\t\t\t\t\t\t\t<h3><strong>Projeto desenvolvido para cliente de refer\u00eancia<\/strong><\/h3>\t\t\t\t\t\t\t\t<\/div>\n\t\t\t\t<\/div>\n\t\t\t\t<\/div>\n\t\t<div class=\"elementor-element elementor-element-ad5d354 e-con-full e-flex e-con e-child\" data-id=\"ad5d354\" data-element_type=\"container\" data-e-type=\"container\">\r\n\t\t\t\t<div class=\"elementor-element elementor-element-d6778d1 elementor-widget elementor-widget-image\" data-id=\"d6778d1\" data-element_type=\"widget\" data-e-type=\"widget\" data-widget_type=\"image.default\">\n\t\t\t\t<div class=\"elementor-widget-container\">\n\t\t\t\t\t\t\t\t\t\t\t\t\t\t\t<img fetchpriority=\"high\" decoding=\"async\" width=\"1024\" height=\"437\" src=\"https:\/\/oportofortegroup.com\/wp-content\/uploads\/2026\/01\/Blog-2023-Novo-47-1024x437.png\" class=\"attachment-large size-large wp-image-14407\" alt=\"\" srcset=\"https:\/\/oportofortegroup.com\/wp-content\/uploads\/2026\/01\/Blog-2023-Novo-47-1024x437.png 1024w, https:\/\/oportofortegroup.com\/wp-content\/uploads\/2026\/01\/Blog-2023-Novo-47-768x328.png 768w, https:\/\/oportofortegroup.com\/wp-content\/uploads\/2026\/01\/Blog-2023-Novo-47-640x273.png 640w, https:\/\/oportofortegroup.com\/wp-content\/uploads\/2026\/01\/Blog-2023-Novo-47-400x171.png 400w\" sizes=\"(max-width: 1024px) 100vw, 1024px\" \/>\t\t\t\t\t\t\t\t\t\t\t\t\t\t\t<\/div>\n\t\t\t\t<\/div>\n\t\t\t\t<\/div>\n\t\t\t\t<\/div>\n\t\t<div class=\"elementor-element elementor-element-ca38f64 e-con-full e-flex e-con e-parent\" data-id=\"ca38f64\" data-element_type=\"container\" data-e-type=\"container\">\r\n\t\t\t\t<div class=\"elementor-element elementor-element-c4e9e61 elementor-widget elementor-widget-spacer\" data-id=\"c4e9e61\" data-element_type=\"widget\" data-e-type=\"widget\" data-widget_type=\"spacer.default\">\n\t\t\t\t<div class=\"elementor-widget-container\">\n\t\t\t\t\t\t\t<div class=\"elementor-spacer\">\n\t\t\t<div class=\"elementor-spacer-inner\"><\/div>\n\t\t<\/div>\n\t\t\t\t\t\t<\/div>\n\t\t\t\t<\/div>\n\t\t\t\t<\/div>\n\t\t<div class=\"elementor-element elementor-element-70f37d5 e-con-full e-flex e-con e-parent\" data-id=\"70f37d5\" data-element_type=\"container\" data-e-type=\"container\">\r\n\t\t\t\t<div class=\"elementor-element elementor-element-6e6dd53 elementor-widget elementor-widget-n-accordion\" data-id=\"6e6dd53\" data-element_type=\"widget\" data-e-type=\"widget\" data-settings=\"{&quot;default_state&quot;:&quot;expanded&quot;,&quot;max_items_expended&quot;:&quot;one&quot;,&quot;n_accordion_animation_duration&quot;:{&quot;unit&quot;:&quot;ms&quot;,&quot;size&quot;:400,&quot;sizes&quot;:[]}}\" data-widget_type=\"nested-accordion.default\">\n\t\t\t\t<div class=\"elementor-widget-container\">\n\t\t\t\t\t\t\t<div class=\"e-n-accordion\" aria-label=\"Accordion. Open links with Enter or Space, close with Escape, and navigate with Arrow Keys\">\n\t\t\t\t\t\t<details id=\"e-n-accordion-item-1150\" class=\"e-n-accordion-item\" open>\n\t\t\t\t<summary class=\"e-n-accordion-item-title\" data-accordion-index=\"1\" tabindex=\"0\" aria-expanded=\"true\" aria-controls=\"e-n-accordion-item-1150\" >\n\t\t\t\t\t<span class='e-n-accordion-item-title-header'><div class=\"e-n-accordion-item-title-text\"> 1. O DESAFIO \/ NECESSIDADE DO CLIENTE <\/div><\/span>\n\t\t\t\t\t\t\t<span class='e-n-accordion-item-title-icon'>\n\t\t\t<span class='e-opened' ><svg aria-hidden=\"true\" class=\"e-font-icon-svg e-fas-minus\" viewBox=\"0 0 448 512\" xmlns=\"http:\/\/www.w3.org\/2000\/svg\"><path d=\"M416 208H32c-17.67 0-32 14.33-32 32v32c0 17.67 14.33 32 32 32h384c17.67 0 32-14.33 32-32v-32c0-17.67-14.33-32-32-32z\"><\/path><\/svg><\/span>\n\t\t\t<span class='e-closed'><svg aria-hidden=\"true\" class=\"e-font-icon-svg e-fas-plus\" viewBox=\"0 0 448 512\" xmlns=\"http:\/\/www.w3.org\/2000\/svg\"><path d=\"M416 208H272V64c0-17.67-14.33-32-32-32h-32c-17.67 0-32 14.33-32 32v144H32c-17.67 0-32 14.33-32 32v32c0 17.67 14.33 32 32 32h144v144c0 17.67 14.33 32 32 32h32c17.67 0 32-14.33 32-32V304h144c17.67 0 32-14.33 32-32v-32c0-17.67-14.33-32-32-32z\"><\/path><\/svg><\/span>\n\t\t<\/span>\n\n\t\t\t\t\t\t<\/summary>\n\t\t\t\t<div role=\"region\" aria-labelledby=\"e-n-accordion-item-1150\" class=\"elementor-element elementor-element-0ba0998 e-con-full e-flex e-con e-child\" data-id=\"0ba0998\" data-element_type=\"container\" data-e-type=\"container\">\r\n\t\t<div role=\"region\" aria-labelledby=\"e-n-accordion-item-1150\" class=\"elementor-element elementor-element-8a20172 e-con-full e-flex e-con e-child\" data-id=\"8a20172\" data-element_type=\"container\" data-e-type=\"container\">\r\n\t\t\t\t<div class=\"elementor-element elementor-element-dfeda98 elementor-widget elementor-widget-text-editor\" data-id=\"dfeda98\" data-element_type=\"widget\" data-e-type=\"widget\" data-widget_type=\"text-editor.default\">\n\t\t\t\t<div class=\"elementor-widget-container\">\n\t\t\t\t\t\t\t\t\t<p>\u00a0<\/p><ul><li>Atualizar e fortalecer compet\u00eancias comportamentais de Team Leaders e Coordenadores.<\/li><li>Melhorar comunica\u00e7\u00e3o, coordena\u00e7\u00e3o e capacidade de mobilizar equipas para resultados.<\/li><li>Desenvolver l\u00edderes mais humanos, eficazes e consistentes na gest\u00e3o do potencial das equipas.<\/li><li>Refor\u00e7ar a produtividade atrav\u00e9s de melhores pr\u00e1ticas de motiva\u00e7\u00e3o, gest\u00e3o de conflitos e tomada de decis\u00e3o.<\/li><\/ul><p>\u00a0<\/p>\t\t\t\t\t\t\t\t<\/div>\n\t\t\t\t<\/div>\n\t\t\t\t<\/div>\n\t\t\t\t<\/div>\n\t\t\t\t\t<\/details>\n\t\t\t\t\t\t<details id=\"e-n-accordion-item-1151\" class=\"e-n-accordion-item\" >\n\t\t\t\t<summary class=\"e-n-accordion-item-title\" data-accordion-index=\"2\" tabindex=\"-1\" aria-expanded=\"false\" aria-controls=\"e-n-accordion-item-1151\" >\n\t\t\t\t\t<span class='e-n-accordion-item-title-header'><div class=\"e-n-accordion-item-title-text\"> 2. A SOLU\u00c7\u00c3O <\/div><\/span>\n\t\t\t\t\t\t\t<span class='e-n-accordion-item-title-icon'>\n\t\t\t<span class='e-opened' ><svg aria-hidden=\"true\" class=\"e-font-icon-svg e-fas-minus\" viewBox=\"0 0 448 512\" xmlns=\"http:\/\/www.w3.org\/2000\/svg\"><path d=\"M416 208H32c-17.67 0-32 14.33-32 32v32c0 17.67 14.33 32 32 32h384c17.67 0 32-14.33 32-32v-32c0-17.67-14.33-32-32-32z\"><\/path><\/svg><\/span>\n\t\t\t<span class='e-closed'><svg aria-hidden=\"true\" class=\"e-font-icon-svg e-fas-plus\" viewBox=\"0 0 448 512\" xmlns=\"http:\/\/www.w3.org\/2000\/svg\"><path d=\"M416 208H272V64c0-17.67-14.33-32-32-32h-32c-17.67 0-32 14.33-32 32v144H32c-17.67 0-32 14.33-32 32v32c0 17.67 14.33 32 32 32h144v144c0 17.67 14.33 32 32 32h32c17.67 0 32-14.33 32-32V304h144c17.67 0 32-14.33 32-32v-32c0-17.67-14.33-32-32-32z\"><\/path><\/svg><\/span>\n\t\t<\/span>\n\n\t\t\t\t\t\t<\/summary>\n\t\t\t\t<div role=\"region\" aria-labelledby=\"e-n-accordion-item-1151\" class=\"elementor-element elementor-element-0d2ebad e-con-full e-flex e-con e-child\" data-id=\"0d2ebad\" data-element_type=\"container\" data-e-type=\"container\">\r\n\t\t<div role=\"region\" aria-labelledby=\"e-n-accordion-item-1151\" class=\"elementor-element elementor-element-d1077ad e-con-full e-flex e-con e-child\" data-id=\"d1077ad\" data-element_type=\"container\" data-e-type=\"container\">\r\n\t\t\t\t<div class=\"elementor-element elementor-element-e471c7f elementor-widget elementor-widget-text-editor\" data-id=\"e471c7f\" data-element_type=\"widget\" data-e-type=\"widget\" data-widget_type=\"text-editor.default\">\n\t\t\t\t<div class=\"elementor-widget-container\">\n\t\t\t\t\t\t\t\t\t<p>\u00a0<\/p><p style=\"text-align: center;\">Percurso de desenvolvimento de 12 meses: <strong>Drive up your Leadership<\/strong>:<\/p><p>\u00a0<\/p><ul><li><strong>Driving ME<\/strong> \u2013 Efic\u00e1cia pessoal, autoconhecimento e comunica\u00e7\u00e3o.<\/li><li><strong>Driving PERFORMANCE<\/strong> \u2013 Produtividade, gest\u00e3o do tempo, coopera\u00e7\u00e3o, feedback e resolu\u00e7\u00e3o de conflitos.<\/li><li><strong>Driving OTHERS<\/strong> \u2013 Motiva\u00e7\u00e3o, envolvimento, multiculturalidade e gest\u00e3o de equipa.<\/li><li><strong>Driving TOGETHER<\/strong> \u2013 GameSession de efic\u00e1cia de equipa, juntando Team Leaders e Coordenadores.<\/li><\/ul>\t\t\t\t\t\t\t\t<\/div>\n\t\t\t\t<\/div>\n\t\t\t\t<\/div>\n\t\t<div role=\"region\" aria-labelledby=\"e-n-accordion-item-1151\" class=\"elementor-element elementor-element-3908515 e-con-full e-flex e-con e-child\" data-id=\"3908515\" data-element_type=\"container\" data-e-type=\"container\">\r\n\t\t\t\t<div class=\"elementor-element elementor-element-dfcc3b3 elementor-widget elementor-widget-text-editor\" data-id=\"dfcc3b3\" data-element_type=\"widget\" data-e-type=\"widget\" data-widget_type=\"text-editor.default\">\n\t\t\t\t<div class=\"elementor-widget-container\">\n\t\t\t\t\t\t\t\t\t<p>\u00a0<\/p><p style=\"text-align: center;\">Formato da interven\u00e7\u00e3o:<\/p><p>\u00a0<\/p><ul><li><strong>DISC<\/strong> como ferramenta de arranque para avaliar perfis comportamentais e prefer\u00eancias comunicacionais<\/li><li><strong>Training Shots<\/strong> (4h a 8h), Workshops e Mentoring OnJob.<\/li><li>Sess\u00f5es estruturadas para garantir transfer\u00eancia imediata para o contexto real.<\/li><\/ul><ul><li>Diferencia\u00e7\u00e3o de conte\u00fados e profundidade para Team Leaders e Coordenadores.<\/li><\/ul>\t\t\t\t\t\t\t\t<\/div>\n\t\t\t\t<\/div>\n\t\t\t\t<\/div>\n\t\t\t\t<\/div>\n\t\t\t\t\t<\/details>\n\t\t\t\t\t\t<details id=\"e-n-accordion-item-1152\" class=\"e-n-accordion-item\" >\n\t\t\t\t<summary class=\"e-n-accordion-item-title\" data-accordion-index=\"3\" tabindex=\"-1\" aria-expanded=\"false\" aria-controls=\"e-n-accordion-item-1152\" >\n\t\t\t\t\t<span class='e-n-accordion-item-title-header'><div class=\"e-n-accordion-item-title-text\"> 3. A IMPLEMENTA\u00c7\u00c3O <\/div><\/span>\n\t\t\t\t\t\t\t<span class='e-n-accordion-item-title-icon'>\n\t\t\t<span class='e-opened' ><svg aria-hidden=\"true\" class=\"e-font-icon-svg e-fas-minus\" viewBox=\"0 0 448 512\" xmlns=\"http:\/\/www.w3.org\/2000\/svg\"><path d=\"M416 208H32c-17.67 0-32 14.33-32 32v32c0 17.67 14.33 32 32 32h384c17.67 0 32-14.33 32-32v-32c0-17.67-14.33-32-32-32z\"><\/path><\/svg><\/span>\n\t\t\t<span class='e-closed'><svg aria-hidden=\"true\" class=\"e-font-icon-svg e-fas-plus\" viewBox=\"0 0 448 512\" xmlns=\"http:\/\/www.w3.org\/2000\/svg\"><path d=\"M416 208H272V64c0-17.67-14.33-32-32-32h-32c-17.67 0-32 14.33-32 32v144H32c-17.67 0-32 14.33-32 32v32c0 17.67 14.33 32 32 32h144v144c0 17.67 14.33 32 32 32h32c17.67 0 32-14.33 32-32V304h144c17.67 0 32-14.33 32-32v-32c0-17.67-14.33-32-32-32z\"><\/path><\/svg><\/span>\n\t\t<\/span>\n\n\t\t\t\t\t\t<\/summary>\n\t\t\t\t<div role=\"region\" aria-labelledby=\"e-n-accordion-item-1152\" class=\"elementor-element elementor-element-c5e6e18 e-con-full e-flex e-con e-child\" data-id=\"c5e6e18\" data-element_type=\"container\" data-e-type=\"container\">\r\n\t\t<div role=\"region\" aria-labelledby=\"e-n-accordion-item-1152\" class=\"elementor-element elementor-element-922a129 e-con-full e-flex e-con e-child\" data-id=\"922a129\" data-element_type=\"container\" data-e-type=\"container\">\r\n\t\t\t\t<div class=\"elementor-element elementor-element-36d0795 elementor-widget elementor-widget-text-editor\" data-id=\"36d0795\" data-element_type=\"widget\" data-e-type=\"widget\" data-widget_type=\"text-editor.default\">\n\t\t\t\t<div class=\"elementor-widget-container\">\n\t\t\t\t\t\t\t\t\t<p>\u00a0<\/p><p style=\"text-align: center;\"><strong>Coordenadores<\/strong><\/p><p>\u00a0<\/p><ul><li>Workshops e Training Shots (4\u20138h) + 1h de acompanhamento pr\u00e1tico.<\/li><li>Mentoria mensal OnJob para consolida\u00e7\u00e3o e suporte \u00e0 aplica\u00e7\u00e3o das compet\u00eancias.<\/li><li>Temas: efic\u00e1cia pessoal, efic\u00e1cia comunicacional, multiculturalidade, motiva\u00e7\u00e3o e compromisso, feedback, coopera\u00e7\u00e3o, gest\u00e3o de conflitos e gest\u00e3o do tempo.<\/li><\/ul>\t\t\t\t\t\t\t\t<\/div>\n\t\t\t\t<\/div>\n\t\t\t\t<\/div>\n\t\t<div role=\"region\" aria-labelledby=\"e-n-accordion-item-1152\" class=\"elementor-element elementor-element-ab6020b e-con-full e-flex e-con e-child\" data-id=\"ab6020b\" data-element_type=\"container\" data-e-type=\"container\">\r\n\t\t\t\t<div class=\"elementor-element elementor-element-78794f4 elementor-widget elementor-widget-text-editor\" data-id=\"78794f4\" data-element_type=\"widget\" data-e-type=\"widget\" data-widget_type=\"text-editor.default\">\n\t\t\t\t<div class=\"elementor-widget-container\">\n\t\t\t\t\t\t\t\t\t<p>\u00a0<\/p><p style=\"text-align: center;\"><strong>Team Leaders<\/strong><\/p><p>\u00a0<\/p><ul><li>Training Shots de 4h + mentoria OnJob.<\/li><li>Sess\u00e3o inicial \u201cEU L\u00edder &amp; DRIVER\u201d como assessment de talento e maturidade de compet\u00eancias.<\/li><li>Temas: motiva\u00e7\u00e3o, compromisso, multiculturalidade, efic\u00e1cia pessoal e comunicacional, feedback, empowerment, gest\u00e3o de conflitos e gest\u00e3o do tempo.<\/li><\/ul><p>\u00a0<\/p>\t\t\t\t\t\t\t\t<\/div>\n\t\t\t\t<\/div>\n\t\t\t\t<\/div>\n\t\t<div role=\"region\" aria-labelledby=\"e-n-accordion-item-1152\" class=\"elementor-element elementor-element-48f3f4e e-con-full e-flex e-con e-child\" data-id=\"48f3f4e\" data-element_type=\"container\" data-e-type=\"container\">\r\n\t\t\t\t<div class=\"elementor-element elementor-element-50a8d56 elementor-widget elementor-widget-text-editor\" data-id=\"50a8d56\" data-element_type=\"widget\" data-e-type=\"widget\" data-widget_type=\"text-editor.default\">\n\t\t\t\t<div class=\"elementor-widget-container\">\n\t\t\t\t\t\t\t\t\t<p>\u00a0<\/p><p style=\"text-align: center;\"><strong>Integra\u00e7\u00e3o Final \u2013 DrivingTOGETHER<\/strong><\/p><p>\u00a0<\/p><ul><li>Sess\u00e3o conjunta de Gamification para refor\u00e7o das din\u00e2micas ME + PERFORMANCE + OTHERS e cria\u00e7\u00e3o de compromisso coletivo.<\/li><\/ul>\t\t\t\t\t\t\t\t<\/div>\n\t\t\t\t<\/div>\n\t\t\t\t<\/div>\n\t\t\t\t<\/div>\n\t\t\t\t\t<\/details>\n\t\t\t\t\t\t<details id=\"e-n-accordion-item-1153\" class=\"e-n-accordion-item\" >\n\t\t\t\t<summary class=\"e-n-accordion-item-title\" data-accordion-index=\"4\" tabindex=\"-1\" aria-expanded=\"false\" aria-controls=\"e-n-accordion-item-1153\" >\n\t\t\t\t\t<span class='e-n-accordion-item-title-header'><div class=\"e-n-accordion-item-title-text\"> 4. OS RESULTADOS <\/div><\/span>\n\t\t\t\t\t\t\t<span class='e-n-accordion-item-title-icon'>\n\t\t\t<span class='e-opened' ><svg aria-hidden=\"true\" class=\"e-font-icon-svg e-fas-minus\" viewBox=\"0 0 448 512\" xmlns=\"http:\/\/www.w3.org\/2000\/svg\"><path d=\"M416 208H32c-17.67 0-32 14.33-32 32v32c0 17.67 14.33 32 32 32h384c17.67 0 32-14.33 32-32v-32c0-17.67-14.33-32-32-32z\"><\/path><\/svg><\/span>\n\t\t\t<span class='e-closed'><svg aria-hidden=\"true\" class=\"e-font-icon-svg e-fas-plus\" viewBox=\"0 0 448 512\" xmlns=\"http:\/\/www.w3.org\/2000\/svg\"><path d=\"M416 208H272V64c0-17.67-14.33-32-32-32h-32c-17.67 0-32 14.33-32 32v144H32c-17.67 0-32 14.33-32 32v32c0 17.67 14.33 32 32 32h144v144c0 17.67 14.33 32 32 32h32c17.67 0 32-14.33 32-32V304h144c17.67 0 32-14.33 32-32v-32c0-17.67-14.33-32-32-32z\"><\/path><\/svg><\/span>\n\t\t<\/span>\n\n\t\t\t\t\t\t<\/summary>\n\t\t\t\t<div role=\"region\" aria-labelledby=\"e-n-accordion-item-1153\" class=\"elementor-element elementor-element-d4032d0 e-flex e-con-boxed e-con e-child\" data-id=\"d4032d0\" data-element_type=\"container\" data-e-type=\"container\">\r\n\t\t\t\t\t<div class=\"e-con-inner\">\r\n\t\t<div role=\"region\" aria-labelledby=\"e-n-accordion-item-1153\" class=\"elementor-element elementor-element-410d0e3 e-con-full e-flex e-con e-child\" data-id=\"410d0e3\" data-element_type=\"container\" data-e-type=\"container\">\r\n\t\t\t\t<div class=\"elementor-element elementor-element-8a39b59 elementor-widget elementor-widget-text-editor\" data-id=\"8a39b59\" data-element_type=\"widget\" data-e-type=\"widget\" data-widget_type=\"text-editor.default\">\n\t\t\t\t<div class=\"elementor-widget-container\">\n\t\t\t\t\t\t\t\t\t<p>\u00a0<\/p><ul><li><strong>Aumento do autoconhecimento<\/strong> e do alinhamento comportamental, apoiado pelo DISC.<\/li><li><strong>Evolu\u00e7\u00e3o significativa na comunica\u00e7\u00e3o<\/strong>, com l\u00edderes mais claros, assertivos e adapt\u00e1veis.<\/li><li><strong>Incremento da produtividade<\/strong>, assente em melhor planeamento, gest\u00e3o do tempo e prioriza\u00e7\u00e3o.<\/li><li><strong>Equipas mais aut\u00f3nomas, motivadas<\/strong> <strong>e respons\u00e1veis<\/strong>.<\/li><li><strong>Redu\u00e7\u00e3o de conflitos operacionais<\/strong>, gra\u00e7as a compet\u00eancias refor\u00e7adas de media\u00e7\u00e3o, coopera\u00e7\u00e3o e feedback.<\/li><li><strong>Maior coer\u00eancia entre Team Leaders e Coordenadores<\/strong>, atrav\u00e9s de estrutura\u00e7\u00e3o conjunta e mentoring cruzado.<\/li><\/ul><p>\u00a0<\/p>\t\t\t\t\t\t\t\t<\/div>\n\t\t\t\t<\/div>\n\t\t\t\t<\/div>\n\t\t\t\t\t<\/div>\n\t\t\t\t<\/div>\n\t\t\t\t\t<\/details>\n\t\t\t\t\t\t<details id=\"e-n-accordion-item-1154\" class=\"e-n-accordion-item\" >\n\t\t\t\t<summary class=\"e-n-accordion-item-title\" data-accordion-index=\"5\" tabindex=\"-1\" aria-expanded=\"false\" aria-controls=\"e-n-accordion-item-1154\" >\n\t\t\t\t\t<span class='e-n-accordion-item-title-header'><div class=\"e-n-accordion-item-title-text\"> 5. FATORES-CHAVE DE SUCESSO <\/div><\/span>\n\t\t\t\t\t\t\t<span class='e-n-accordion-item-title-icon'>\n\t\t\t<span class='e-opened' ><svg aria-hidden=\"true\" class=\"e-font-icon-svg e-fas-minus\" viewBox=\"0 0 448 512\" xmlns=\"http:\/\/www.w3.org\/2000\/svg\"><path d=\"M416 208H32c-17.67 0-32 14.33-32 32v32c0 17.67 14.33 32 32 32h384c17.67 0 32-14.33 32-32v-32c0-17.67-14.33-32-32-32z\"><\/path><\/svg><\/span>\n\t\t\t<span class='e-closed'><svg aria-hidden=\"true\" class=\"e-font-icon-svg e-fas-plus\" viewBox=\"0 0 448 512\" xmlns=\"http:\/\/www.w3.org\/2000\/svg\"><path d=\"M416 208H272V64c0-17.67-14.33-32-32-32h-32c-17.67 0-32 14.33-32 32v144H32c-17.67 0-32 14.33-32 32v32c0 17.67 14.33 32 32 32h144v144c0 17.67 14.33 32 32 32h32c17.67 0 32-14.33 32-32V304h144c17.67 0 32-14.33 32-32v-32c0-17.67-14.33-32-32-32z\"><\/path><\/svg><\/span>\n\t\t<\/span>\n\n\t\t\t\t\t\t<\/summary>\n\t\t\t\t<div role=\"region\" aria-labelledby=\"e-n-accordion-item-1154\" class=\"elementor-element elementor-element-f44d30a e-flex e-con-boxed e-con e-child\" data-id=\"f44d30a\" data-element_type=\"container\" data-e-type=\"container\">\r\n\t\t\t\t\t<div class=\"e-con-inner\">\r\n\t\t<div role=\"region\" aria-labelledby=\"e-n-accordion-item-1154\" class=\"elementor-element elementor-element-55dbd13 e-con-full e-flex e-con e-child\" data-id=\"55dbd13\" data-element_type=\"container\" data-e-type=\"container\">\r\n\t\t\t\t<div class=\"elementor-element elementor-element-a698a8c elementor-widget elementor-widget-text-editor\" data-id=\"a698a8c\" data-element_type=\"widget\" data-e-type=\"widget\" data-widget_type=\"text-editor.default\">\n\t\t\t\t<div class=\"elementor-widget-container\">\n\t\t\t\t\t\t\t\t\t<p>\u00a0<\/p><ul><li><strong>Modelo longitudinal de 12 meses<\/strong>, permitindo consolida\u00e7\u00e3o progressiva de h\u00e1bitos e compet\u00eancias.<\/li><li><strong>Equil\u00edbrio entre forma\u00e7\u00e3o e mentoring.<\/strong><\/li><li><strong>Personaliza\u00e7\u00e3o para dois p\u00fablicos diferentes<\/strong>.<\/li><li><strong>Uso do DISC como ferramenta de diagn\u00f3stico<\/strong> <strong>e orienta\u00e7\u00e3o do desenvolvimento.<\/strong><\/li><li><strong>Metodologias pr\u00e1ticas e intensivas<\/strong> (Experiential Learning, MindLAB e an\u00e1lise de desafios reais)<\/li><li><strong>Momento final conjunto, potenciando esp\u00edrito de equipa e refor\u00e7o de prop\u00f3sito.<\/strong><\/li><li><strong>Equipa formadora s\u00e9nior<\/strong> com forte experi\u00eancia em lideran\u00e7a, coaching e desenvolvimento comportamental.<\/li><\/ul><p>\u00a0<\/p>\t\t\t\t\t\t\t\t<\/div>\n\t\t\t\t<\/div>\n\t\t\t\t<\/div>\n\t\t\t\t\t<\/div>\n\t\t\t\t<\/div>\n\t\t\t\t\t<\/details>\n\t\t\t\t\t<\/div>\n\t\t\t\t\t\t<\/div>\n\t\t\t\t<\/div>\n\t\t\t\t<\/div>\n\t\t<div class=\"elementor-element elementor-element-974c2be e-con-full e-flex e-con e-parent\" data-id=\"974c2be\" data-element_type=\"container\" data-e-type=\"container\">\r\n\t\t<div class=\"elementor-element elementor-element-ff7f19f e-con-full e-flex e-con e-child\" data-id=\"ff7f19f\" data-element_type=\"container\" data-e-type=\"container\">\r\n\t\t\t\t<div class=\"elementor-element elementor-element-e71b92a elementor-widget elementor-widget-spacer\" data-id=\"e71b92a\" data-element_type=\"widget\" data-e-type=\"widget\" data-widget_type=\"spacer.default\">\n\t\t\t\t<div class=\"elementor-widget-container\">\n\t\t\t\t\t\t\t<div class=\"elementor-spacer\">\n\t\t\t<div class=\"elementor-spacer-inner\"><\/div>\n\t\t<\/div>\n\t\t\t\t\t\t<\/div>\n\t\t\t\t<\/div>\n\t\t\t\t<\/div>\n\t\t\t\t<\/div>\n\t\t<div class=\"elementor-element elementor-element-f940b5b e-con-full e-flex e-con e-parent\" data-id=\"f940b5b\" data-element_type=\"container\" data-e-type=\"container\">\r\n\t\t\t\t<div class=\"elementor-element elementor-element-44792f7 elementor-widget elementor-widget-porto_button\" data-id=\"44792f7\" data-element_type=\"widget\" data-e-type=\"widget\" data-settings=\"{&quot;align&quot;:&quot;center&quot;}\" data-widget_type=\"porto_button.default\">\n\t\t\t\t<div class=\"elementor-widget-container\">\n\t\t\t\t\t<a class=\"btn btn-md btn-primary\" href=\"https:\/\/oportofortegroup.com\/pt\/contactos\/\"><span >Quero saber mais<\/span><\/a>\t\t\t\t<\/div>\n\t\t\t\t<\/div>\n\t\t\t\t<\/div>\n\t\t\t\t<\/div>\n\t\t","protected":false},"excerpt":{"rendered":"<p>Projeto desenvolvido para cliente de refer\u00eancia 1. O DESAFIO \/ NECESSIDADE DO CLIENTE \u00a0 Atualizar e fortalecer compet\u00eancias comportamentais de Team Leaders e Coordenadores. Melhorar comunica\u00e7\u00e3o, coordena\u00e7\u00e3o e capacidade de mobilizar equipas para resultados. Desenvolver l\u00edderes mais humanos, eficazes e consistentes na gest\u00e3o do potencial das equipas. Refor\u00e7ar a produtividade atrav\u00e9s de melhores pr\u00e1ticas de [&hellip;]<\/p>\n","protected":false},"author":2,"featured_media":0,"parent":0,"menu_order":0,"comment_status":"closed","ping_status":"closed","template":"","meta":{"_acf_changed":false,"footnotes":""},"class_list":["post-14403","page","type-page","status-publish","hentry"],"acf":[],"_links":{"self":[{"href":"https:\/\/oportofortegroup.com\/pt\/wp-json\/wp\/v2\/pages\/14403","targetHints":{"allow":["GET"]}}],"collection":[{"href":"https:\/\/oportofortegroup.com\/pt\/wp-json\/wp\/v2\/pages"}],"about":[{"href":"https:\/\/oportofortegroup.com\/pt\/wp-json\/wp\/v2\/types\/page"}],"author":[{"embeddable":true,"href":"https:\/\/oportofortegroup.com\/pt\/wp-json\/wp\/v2\/users\/2"}],"replies":[{"embeddable":true,"href":"https:\/\/oportofortegroup.com\/pt\/wp-json\/wp\/v2\/comments?post=14403"}],"version-history":[{"count":21,"href":"https:\/\/oportofortegroup.com\/pt\/wp-json\/wp\/v2\/pages\/14403\/revisions"}],"predecessor-version":[{"id":16056,"href":"https:\/\/oportofortegroup.com\/pt\/wp-json\/wp\/v2\/pages\/14403\/revisions\/16056"}],"wp:attachment":[{"href":"https:\/\/oportofortegroup.com\/pt\/wp-json\/wp\/v2\/media?parent=14403"}],"curies":[{"name":"wp","href":"https:\/\/api.w.org\/{rel}","templated":true}]}}