{"id":13832,"date":"2025-11-21T09:51:29","date_gmt":"2025-11-21T09:51:29","guid":{"rendered":"https:\/\/oportofortegroup.com\/?page_id=13832"},"modified":"2026-03-19T12:23:12","modified_gmt":"2026-03-19T12:23:12","slug":"politica-da-qualidade","status":"publish","type":"page","link":"https:\/\/oportofortegroup.com\/pt\/politica-da-qualidade\/","title":{"rendered":"Pol\u00edtica da Qualidade"},"content":{"rendered":"\t\t<div data-elementor-type=\"wp-page\" data-elementor-id=\"13832\" class=\"elementor elementor-13832\">\n\t\t\t\t<div class=\"elementor-element elementor-element-512ac72c e-flex e-con-boxed e-con e-parent\" data-id=\"512ac72c\" data-element_type=\"container\" data-e-type=\"container\">\r\n\t\t\t\t\t<div class=\"e-con-inner\">\r\n\t\t\t\t<div class=\"elementor-element elementor-element-1b58ec5d elementor-widget elementor-widget-text-editor\" data-id=\"1b58ec5d\" data-element_type=\"widget\" data-e-type=\"widget\" data-widget_type=\"text-editor.default\">\n\t\t\t\t<div class=\"elementor-widget-container\">\n\t\t\t\t\t\t\t\t\t<p>No Oporto Forte Group, o compromisso com a excel\u00eancia \u00e9 inquestion\u00e1vel. O nosso objetivo \u00e9 garantir um servi\u00e7o de qualidade superior, assegurando a plena satisfa\u00e7\u00e3o dos clientes e promovendo a melhoria cont\u00ednua.<\/p><p>Reconhecemos a relev\u00e2ncia de fomentar o bem-estar e a excel\u00eancia dos nossos colaboradores, bem como de manter rela\u00e7\u00f5es de qualidade com clientes e fornecedores \u2013 pilares essenciais para o sucesso e a integridade das nossas opera\u00e7\u00f5es.<\/p><p>Comprometemo-nos a cumprir todos os requisitos aplic\u00e1veis, investindo continuamente na melhoria do nosso Sistema de Gest\u00e3o da Qualidade (SGQ), com foco na inova\u00e7\u00e3o de processos, no desenvolvimento da equipa e na busca permanente pela excel\u00eancia.<\/p>\t\t\t\t\t\t\t\t<\/div>\n\t\t\t\t<\/div>\n\t\t\t\t\t<\/div>\n\t\t\t\t<\/div>\n\t\t\t\t<\/div>\n\t\t","protected":false},"excerpt":{"rendered":"<p>No Oporto Forte Group, o compromisso com a excel\u00eancia \u00e9 inquestion\u00e1vel. O nosso objetivo \u00e9 garantir um servi\u00e7o de qualidade superior, assegurando a plena satisfa\u00e7\u00e3o dos clientes e promovendo a melhoria cont\u00ednua. Reconhecemos a relev\u00e2ncia de fomentar o bem-estar e a excel\u00eancia dos nossos colaboradores, bem como de manter rela\u00e7\u00f5es de qualidade com clientes e [&hellip;]<\/p>\n","protected":false},"author":2,"featured_media":0,"parent":0,"menu_order":0,"comment_status":"closed","ping_status":"closed","template":"","meta":{"_acf_changed":false,"footnotes":""},"class_list":["post-13832","page","type-page","status-publish","hentry"],"acf":[],"_links":{"self":[{"href":"https:\/\/oportofortegroup.com\/pt\/wp-json\/wp\/v2\/pages\/13832","targetHints":{"allow":["GET"]}}],"collection":[{"href":"https:\/\/oportofortegroup.com\/pt\/wp-json\/wp\/v2\/pages"}],"about":[{"href":"https:\/\/oportofortegroup.com\/pt\/wp-json\/wp\/v2\/types\/page"}],"author":[{"embeddable":true,"href":"https:\/\/oportofortegroup.com\/pt\/wp-json\/wp\/v2\/users\/2"}],"replies":[{"embeddable":true,"href":"https:\/\/oportofortegroup.com\/pt\/wp-json\/wp\/v2\/comments?post=13832"}],"version-history":[{"count":5,"href":"https:\/\/oportofortegroup.com\/pt\/wp-json\/wp\/v2\/pages\/13832\/revisions"}],"predecessor-version":[{"id":16045,"href":"https:\/\/oportofortegroup.com\/pt\/wp-json\/wp\/v2\/pages\/13832\/revisions\/16045"}],"wp:attachment":[{"href":"https:\/\/oportofortegroup.com\/pt\/wp-json\/wp\/v2\/media?parent=13832"}],"curies":[{"name":"wp","href":"https:\/\/api.w.org\/{rel}","templated":true}]}}