{"id":13700,"date":"2025-11-20T14:18:20","date_gmt":"2025-11-20T14:18:20","guid":{"rendered":"https:\/\/oportofortegroup.com\/?page_id=13700"},"modified":"2026-03-17T14:28:54","modified_gmt":"2026-03-17T14:28:54","slug":"inovacao-e-tecnologia","status":"publish","type":"page","link":"https:\/\/oportofortegroup.com\/pt\/inovacao-e-tecnologia\/","title":{"rendered":"Inova\u00e7\u00e3o e Tecnologia"},"content":{"rendered":"\t\t<div data-elementor-type=\"wp-page\" data-elementor-id=\"13700\" class=\"elementor elementor-13700\">\n\t\t\t\t<div class=\"elementor-element elementor-element-1dab7cd e-flex e-con-boxed e-con e-parent\" data-id=\"1dab7cd\" data-element_type=\"container\" data-e-type=\"container\">\r\n\t\t\t\t\t<div class=\"e-con-inner\">\r\n\t\t<div class=\"elementor-element elementor-element-4de1852 e-grid e-con-boxed e-con e-child\" data-id=\"4de1852\" data-element_type=\"container\" data-e-type=\"container\">\r\n\t\t\t\t\t<div class=\"e-con-inner\">\r\n\t\t\t\t<div class=\"elementor-element elementor-element-e110f1a elementor-widget elementor-widget-text-editor\" data-id=\"e110f1a\" data-element_type=\"widget\" data-e-type=\"widget\" data-widget_type=\"text-editor.default\">\n\t\t\t\t<div class=\"elementor-widget-container\">\n\t\t\t\t\t\t\t\t\t<p><strong>Inova\u00e7\u00e3o e Tecnologia<\/strong> lidera a <strong>transforma\u00e7\u00e3o digital das organiza\u00e7\u00f5es<\/strong>, aplicando <strong>Intelig\u00eancia Artificial, Big Data, Internet das Coisas (IoT)<\/strong>, <strong>Ciberseguran\u00e7a<\/strong> e <strong>Automa\u00e7\u00e3o Inteligente<\/strong> em solu\u00e7\u00f5es que aumentam a produtividade e competitividade.<\/p><p>O foco est\u00e1 em criar <strong>tecnologia com prop\u00f3sito<\/strong>, transformando inova\u00e7\u00e3o em valor real e sustent\u00e1vel.<\/p>\t\t\t\t\t\t\t\t<\/div>\n\t\t\t\t<\/div>\n\t\t\t\t<div class=\"elementor-element elementor-element-26cb7a3 elementor-widget elementor-widget-image\" data-id=\"26cb7a3\" data-element_type=\"widget\" data-e-type=\"widget\" data-widget_type=\"image.default\">\n\t\t\t\t<div class=\"elementor-widget-container\">\n\t\t\t\t\t\t\t\t\t\t\t\t\t\t\t<img fetchpriority=\"high\" decoding=\"async\" width=\"2560\" height=\"1440\" src=\"https:\/\/oportofortegroup.com\/wp-content\/uploads\/2026\/01\/Inovacao-e-Tecnologia-2-1-scaled.png\" class=\"attachment-full size-full wp-image-14756\" alt=\"\" srcset=\"https:\/\/oportofortegroup.com\/wp-content\/uploads\/2026\/01\/Inovacao-e-Tecnologia-2-1-scaled.png 2560w, https:\/\/oportofortegroup.com\/wp-content\/uploads\/2026\/01\/Inovacao-e-Tecnologia-2-1-1024x576.png 1024w, https:\/\/oportofortegroup.com\/wp-content\/uploads\/2026\/01\/Inovacao-e-Tecnologia-2-1-768x432.png 768w, https:\/\/oportofortegroup.com\/wp-content\/uploads\/2026\/01\/Inovacao-e-Tecnologia-2-1-1536x864.png 1536w, https:\/\/oportofortegroup.com\/wp-content\/uploads\/2026\/01\/Inovacao-e-Tecnologia-2-1-2048x1152.png 2048w, https:\/\/oportofortegroup.com\/wp-content\/uploads\/2026\/01\/Inovacao-e-Tecnologia-2-1-640x360.png 640w, https:\/\/oportofortegroup.com\/wp-content\/uploads\/2026\/01\/Inovacao-e-Tecnologia-2-1-400x225.png 400w\" sizes=\"(max-width: 2560px) 100vw, 2560px\" \/>\t\t\t\t\t\t\t\t\t\t\t\t\t\t\t<\/div>\n\t\t\t\t<\/div>\n\t\t\t\t\t<\/div>\n\t\t\t\t<\/div>\n\t\t\t\t\t<\/div>\n\t\t\t\t<\/div>\n\t\t<div class=\"elementor-element elementor-element-1b2157c e-flex e-con-boxed e-con e-parent\" data-id=\"1b2157c\" data-element_type=\"container\" data-e-type=\"container\">\r\n\t\t\t\t\t<div class=\"e-con-inner\">\r\n\t\t\t\t<div class=\"elementor-element elementor-element-57b870d elementor-widget elementor-widget-spacer\" data-id=\"57b870d\" data-element_type=\"widget\" data-e-type=\"widget\" data-widget_type=\"spacer.default\">\n\t\t\t\t<div class=\"elementor-widget-container\">\n\t\t\t\t\t\t\t<div class=\"elementor-spacer\">\n\t\t\t<div class=\"elementor-spacer-inner\"><\/div>\n\t\t<\/div>\n\t\t\t\t\t\t<\/div>\n\t\t\t\t<\/div>\n\t\t\t\t\t<\/div>\n\t\t\t\t<\/div>\n\t\t<div class=\"elementor-element elementor-element-bdbac3e e-flex e-con-boxed e-con e-parent\" data-id=\"bdbac3e\" data-element_type=\"container\" data-e-type=\"container\">\r\n\t\t\t\t\t<div class=\"e-con-inner\">\r\n\t\t\t\t<div class=\"elementor-element elementor-element-46cfe3c elementor-widget elementor-widget-heading\" data-id=\"46cfe3c\" data-element_type=\"widget\" data-e-type=\"widget\" data-widget_type=\"heading.default\">\n\t\t\t\t<div class=\"elementor-widget-container\">\n\t\t\t\t\t<h2 class=\"elementor-heading-title elementor-size-default\">Os nossos servi\u00e7os<\/h2>\t\t\t\t<\/div>\n\t\t\t\t<\/div>\n\t\t\t\t<div class=\"elementor-element elementor-element-c9fd27a elementor-widget elementor-widget-spacer\" data-id=\"c9fd27a\" data-element_type=\"widget\" data-e-type=\"widget\" data-widget_type=\"spacer.default\">\n\t\t\t\t<div class=\"elementor-widget-container\">\n\t\t\t\t\t\t\t<div class=\"elementor-spacer\">\n\t\t\t<div class=\"elementor-spacer-inner\"><\/div>\n\t\t<\/div>\n\t\t\t\t\t\t<\/div>\n\t\t\t\t<\/div>\n\t\t\t\t\t<\/div>\n\t\t\t\t<\/div>\n\t\t<div class=\"elementor-element elementor-element-7844888 e-grid e-con-boxed e-con e-parent\" data-id=\"7844888\" data-element_type=\"container\" data-e-type=\"container\">\r\n\t\t\t\t\t<div class=\"e-con-inner\">\r\n\t\t\t\t<div class=\"elementor-element elementor-element-60f64b6 elementor-widget elementor-widget-text-editor\" data-id=\"60f64b6\" data-element_type=\"widget\" data-e-type=\"widget\" data-widget_type=\"text-editor.default\">\n\t\t\t\t<div class=\"elementor-widget-container\">\n\t\t\t\t\t\t\t\t\t<p><strong><span class=\"a_GcMg font-feature-liga-off font-feature-clig-off font-feature-calt-off text-decoration-none text-strikethrough-none\">Investiga\u00e7\u00e3o e Desenvolvimento (I&amp;D) e transfer\u00eancia tecnol\u00f3gica <\/span><\/strong><\/p><p><span class=\"a_GcMg font-feature-liga-off font-feature-clig-off font-feature-calt-off text-decoration-none text-strikethrough-none\" style=\"font-size: 13px;\">Desenvolvimento de solu\u00e7\u00f5es inovadoras atrav\u00e9s de investiga\u00e7\u00e3o aplicada e transfer\u00eancia de tecnologia, promovendo a liga\u00e7\u00e3o entre conhecimento cient\u00edfico, empresas e cria\u00e7\u00e3o de valor no mercado. <\/span><\/p>\t\t\t\t\t\t\t\t<\/div>\n\t\t\t\t<\/div>\n\t\t\t\t<div class=\"elementor-element elementor-element-8c4779a elementor-widget elementor-widget-text-editor\" data-id=\"8c4779a\" data-element_type=\"widget\" data-e-type=\"widget\" data-widget_type=\"text-editor.default\">\n\t\t\t\t<div class=\"elementor-widget-container\">\n\t\t\t\t\t\t\t\t\t<p><strong><span class=\"a_GcMg font-feature-liga-off font-feature-clig-off font-feature-calt-off text-decoration-none text-strikethrough-none\">Intelig\u00eancia Artificial e an\u00e1lise de dados<\/span> <\/strong><\/p><p><span class=\"a_GcMg font-feature-liga-off font-feature-clig-off font-feature-calt-off text-decoration-none text-strikethrough-none\" style=\"font-size: 13px;\">Implementa\u00e7\u00e3o de solu\u00e7\u00f5es baseadas em Intelig\u00eancia Artificial e an\u00e1lise avan\u00e7ada de dados para apoiar a tomada de decis\u00e3o, otimizar processos e gerar vantagem competitiva. <\/span><\/p>\t\t\t\t\t\t\t\t<\/div>\n\t\t\t\t<\/div>\n\t\t\t\t<div class=\"elementor-element elementor-element-97f7db9 elementor-widget elementor-widget-text-editor\" data-id=\"97f7db9\" data-element_type=\"widget\" data-e-type=\"widget\" data-widget_type=\"text-editor.default\">\n\t\t\t\t<div class=\"elementor-widget-container\">\n\t\t\t\t\t\t\t\t\t<p><strong><span class=\"a_GcMg font-feature-liga-off font-feature-clig-off font-feature-calt-off text-decoration-none text-strikethrough-none\">Internet das Coisas (IoT) e integra\u00e7\u00e3o de sistemas<\/span> <\/strong><\/p><p><span class=\"a_GcMg font-feature-liga-off font-feature-clig-off font-feature-calt-off text-decoration-none text-strikethrough-none\" style=\"font-size: 13px;\">Desenvolvimento e integra\u00e7\u00e3o de solu\u00e7\u00f5es IoT que conectam dispositivos, sistemas e dados, permitindo monitoriza\u00e7\u00e3o inteligente, automa\u00e7\u00e3o e maior efici\u00eancia operacional. <\/span><\/p>\t\t\t\t\t\t\t\t<\/div>\n\t\t\t\t<\/div>\n\t\t\t\t<div class=\"elementor-element elementor-element-9588a53 elementor-widget elementor-widget-text-editor\" data-id=\"9588a53\" data-element_type=\"widget\" data-e-type=\"widget\" data-widget_type=\"text-editor.default\">\n\t\t\t\t<div class=\"elementor-widget-container\">\n\t\t\t\t\t\t\t\t\t<p class=\"cvGsUA direction-ltr align-start para-style-body\"><strong><span class=\"a_GcMg font-feature-liga-off font-feature-clig-off font-feature-calt-off text-decoration-none text-strikethrough-none\">Ciberseguran\u00e7a e <\/span><\/strong><strong><span class=\"a_GcMg font-feature-liga-off font-feature-clig-off font-feature-calt-off text-decoration-none text-strikethrough-none\">Cloud Services<\/span><\/strong><\/p><p><span class=\"a_GcMg font-feature-liga-off font-feature-clig-off font-feature-calt-off text-decoration-none text-strikethrough-none\" style=\"font-size: 13px;\">Implementa\u00e7\u00e3o de solu\u00e7\u00f5es de seguran\u00e7a digital e infraestruturas cloud que garantem prote\u00e7\u00e3o de dados, continuidade operacional e escalabilidade tecnol\u00f3gica. <\/span><\/p>\t\t\t\t\t\t\t\t<\/div>\n\t\t\t\t<\/div>\n\t\t\t\t<div class=\"elementor-element elementor-element-a654477 elementor-widget elementor-widget-text-editor\" data-id=\"a654477\" data-element_type=\"widget\" data-e-type=\"widget\" data-widget_type=\"text-editor.default\">\n\t\t\t\t<div class=\"elementor-widget-container\">\n\t\t\t\t\t\t\t\t\t<p><strong><span class=\"a_GcMg font-feature-liga-off font-feature-clig-off font-feature-calt-off text-decoration-none text-strikethrough-none\">Automa\u00e7\u00e3o industrial e processos inteligentes<\/span> <\/strong><\/p><p><span class=\"a_GcMg font-feature-liga-off font-feature-clig-off font-feature-calt-off text-decoration-none text-strikethrough-none\" style=\"font-size: 13px;\">Desenvolvimento de solu\u00e7\u00f5es de automa\u00e7\u00e3o e digitaliza\u00e7\u00e3o de processos industriais, aumentando efici\u00eancia, produtividade e controlo operacional. <\/span><\/p>\t\t\t\t\t\t\t\t<\/div>\n\t\t\t\t<\/div>\n\t\t\t\t<div class=\"elementor-element elementor-element-77370e0 elementor-widget elementor-widget-text-editor\" data-id=\"77370e0\" data-element_type=\"widget\" data-e-type=\"widget\" data-widget_type=\"text-editor.default\">\n\t\t\t\t<div class=\"elementor-widget-container\">\n\t\t\t\t\t\t\t\t\t<p><strong><span class=\"a_GcMg font-feature-liga-off font-feature-clig-off font-feature-calt-off text-decoration-none text-strikethrough-none\">Forma\u00e7\u00e3o tecnol\u00f3gica e digital upskiling<\/span> <\/strong><\/p><p><span class=\"a_GcMg font-feature-liga-off font-feature-clig-off font-feature-calt-off text-decoration-none text-strikethrough-none\" style=\"font-size: 13px;\">Programas de capacita\u00e7\u00e3o em compet\u00eancias tecnol\u00f3gicas e digitais, preparando profissionais e organiza\u00e7\u00f5es para os desafios da transforma\u00e7\u00e3o digital. <\/span><\/p>\t\t\t\t\t\t\t\t<\/div>\n\t\t\t\t<\/div>\n\t\t\t\t\t<\/div>\n\t\t\t\t<\/div>\n\t\t\t\t<\/div>\n\t\t","protected":false},"excerpt":{"rendered":"<p>Inova\u00e7\u00e3o e Tecnologia lidera a transforma\u00e7\u00e3o digital das organiza\u00e7\u00f5es, aplicando Intelig\u00eancia Artificial, Big Data, Internet das Coisas (IoT), Ciberseguran\u00e7a e Automa\u00e7\u00e3o Inteligente em solu\u00e7\u00f5es que aumentam a produtividade e competitividade. O foco est\u00e1 em criar tecnologia com prop\u00f3sito, transformando inova\u00e7\u00e3o em valor real e sustent\u00e1vel. Os nossos servi\u00e7os Investiga\u00e7\u00e3o e Desenvolvimento (I&amp;D) e transfer\u00eancia tecnol\u00f3gica [&hellip;]<\/p>\n","protected":false},"author":2,"featured_media":0,"parent":0,"menu_order":0,"comment_status":"closed","ping_status":"closed","template":"","meta":{"_acf_changed":false,"footnotes":""},"class_list":["post-13700","page","type-page","status-publish","hentry"],"acf":[],"_links":{"self":[{"href":"https:\/\/oportofortegroup.com\/pt\/wp-json\/wp\/v2\/pages\/13700","targetHints":{"allow":["GET"]}}],"collection":[{"href":"https:\/\/oportofortegroup.com\/pt\/wp-json\/wp\/v2\/pages"}],"about":[{"href":"https:\/\/oportofortegroup.com\/pt\/wp-json\/wp\/v2\/types\/page"}],"author":[{"embeddable":true,"href":"https:\/\/oportofortegroup.com\/pt\/wp-json\/wp\/v2\/users\/2"}],"replies":[{"embeddable":true,"href":"https:\/\/oportofortegroup.com\/pt\/wp-json\/wp\/v2\/comments?post=13700"}],"version-history":[{"count":57,"href":"https:\/\/oportofortegroup.com\/pt\/wp-json\/wp\/v2\/pages\/13700\/revisions"}],"predecessor-version":[{"id":15964,"href":"https:\/\/oportofortegroup.com\/pt\/wp-json\/wp\/v2\/pages\/13700\/revisions\/15964"}],"wp:attachment":[{"href":"https:\/\/oportofortegroup.com\/pt\/wp-json\/wp\/v2\/media?parent=13700"}],"curies":[{"name":"wp","href":"https:\/\/api.w.org\/{rel}","templated":true}]}}