{"id":13568,"date":"2025-11-07T11:56:09","date_gmt":"2025-11-07T11:56:09","guid":{"rendered":"https:\/\/oportofortegroup.com\/?page_id=13568"},"modified":"2026-03-19T12:38:15","modified_gmt":"2026-03-19T12:38:15","slug":"contactos","status":"publish","type":"page","link":"https:\/\/oportofortegroup.com\/pt\/contactos\/","title":{"rendered":"Contacte-nos"},"content":{"rendered":"\t\t<div data-elementor-type=\"wp-post\" data-elementor-id=\"13568\" class=\"elementor elementor-13568\">\n\t\t\t\t\t\t<div class=\"elementor-section elementor-top-section elementor-element elementor-element-75ca99e elementor-section-content-middle bg-dark elementor-section-boxed elementor-section-height-default elementor-section-height-default\" data-id=\"75ca99e\" data-element_type=\"section\" data-e-type=\"section\" data-settings=\"{&quot;background_background&quot;:&quot;classic&quot;}\">\r\n\t\t\t\t\t\t<div class=\"elementor-background-overlay\"><\/div>\r\n\t\t\t\r\n\t\t\t\t\t\t\t<div class=\"elementor-container elementor-column-gap-default\">\r\n\t\t\t\t\t\t\t\t\t\t\t<div class=\"elementor-column elementor-col-50 elementor-top-column elementor-element elementor-element-b07f333 py-lg-4 mt-5 mb-md-5\" data-id=\"b07f333\" data-element_type=\"column\" data-e-type=\"column\">\r\n\t\t\t\t\t<div class=\"elementor-widget-wrap elementor-element-populated\">\r\n\t\t\t\t\t\t\t\t<div class=\"elementor-element elementor-element-c766ab4 elementor-invisible elementor-widget elementor-widget-porto_ultimate_heading\" data-id=\"c766ab4\" data-element_type=\"widget\" data-e-type=\"widget\" data-settings=\"{&quot;_animation&quot;:&quot;fadeInUp&quot;,&quot;_animation_delay&quot;:200}\" data-widget_type=\"porto_ultimate_heading.default\">\n\t\t\t\t<div class=\"elementor-widget-container\">\n\t\t\t\t\t<div class=\"porto-u-heading  porto-u-ad87e2eaf3f9c495180fe0156ddf3eb0\"><div class=\"porto-u-main-heading\"><h1   >Vamos al\u00e9m-fronteiras?<\/h1><\/div><style>.porto-u-ad87e2eaf3f9c495180fe0156ddf3eb0.porto-u-heading{text-align:left}<\/style><\/div>\t\t\t\t<\/div>\n\t\t\t\t<\/div>\n\t\t\t\t<div class=\"elementor-element elementor-element-d0b6a82 mb-4 mb-lg-3 mb-xl-4 elementor-invisible elementor-widget elementor-widget-heading\" data-id=\"d0b6a82\" data-element_type=\"widget\" data-e-type=\"widget\" data-settings=\"{&quot;_animation&quot;:&quot;fadeInUp&quot;,&quot;_animation_delay&quot;:400}\" data-widget_type=\"heading.default\">\n\t\t\t\t<div class=\"elementor-widget-container\">\n\t\t\t\t\t<h5 class=\"elementor-heading-title elementor-size-default\">Transformamos desafios em\nsolu\u00e7\u00f5es globais<\/h5>\t\t\t\t<\/div>\n\t\t\t\t<\/div>\n\t\t\t\t<div class=\"elementor-element elementor-element-d3a7a6b mb-4 elementor-invisible elementor-widget elementor-widget-heading\" data-id=\"d3a7a6b\" data-element_type=\"widget\" data-e-type=\"widget\" data-settings=\"{&quot;_animation&quot;:&quot;fadeInUp&quot;,&quot;_animation_delay&quot;:600}\" data-widget_type=\"heading.default\">\n\t\t\t\t<div class=\"elementor-widget-container\">\n\t\t\t\t\t<p class=\"elementor-heading-title elementor-size-default\">Preencha o formul\u00e1rio com os respetivos dados para obter mais informa\u00e7\u00f5es.<\/p>\t\t\t\t<\/div>\n\t\t\t\t<\/div>\n\t\t\t\t<div class=\"elementor-element elementor-element-4a92ff7 elementor-widget elementor-widget-image\" data-id=\"4a92ff7\" data-element_type=\"widget\" data-e-type=\"widget\" data-widget_type=\"image.default\">\n\t\t\t\t<div class=\"elementor-widget-container\">\n\t\t\t\t\t\t\t\t\t\t\t\t\t\t\t<img fetchpriority=\"high\" decoding=\"async\" width=\"1024\" height=\"506\" src=\"https:\/\/oportofortegroup.com\/wp-content\/uploads\/2025\/11\/mapa-ofg-contactos-1024x506.png\" class=\"attachment-large size-large wp-image-13574\" alt=\"\" srcset=\"https:\/\/oportofortegroup.com\/wp-content\/uploads\/2025\/11\/mapa-ofg-contactos-1024x506.png 1024w, https:\/\/oportofortegroup.com\/wp-content\/uploads\/2025\/11\/mapa-ofg-contactos-768x380.png 768w, https:\/\/oportofortegroup.com\/wp-content\/uploads\/2025\/11\/mapa-ofg-contactos-640x316.png 640w, https:\/\/oportofortegroup.com\/wp-content\/uploads\/2025\/11\/mapa-ofg-contactos-400x198.png 400w\" sizes=\"(max-width: 1024px) 100vw, 1024px\" \/>\t\t\t\t\t\t\t\t\t\t\t\t\t\t\t<\/div>\n\t\t\t\t<\/div>\n\t\t\t\t\t<\/div>\r\n\t\t\t\t<\/div>\r\n\t\t\t\t<div class=\"elementor-column elementor-col-50 elementor-top-column elementor-element elementor-element-5a56fa1\" data-id=\"5a56fa1\" data-element_type=\"column\" data-e-type=\"column\">\r\n\t\t\t\t\t<div class=\"elementor-widget-wrap elementor-element-populated\">\r\n\t\t\t\t\t\t\t\t<div class=\"elementor-element elementor-element-7b46470 elementor-widget elementor-widget-html\" data-id=\"7b46470\" data-element_type=\"widget\" data-e-type=\"widget\" data-widget_type=\"html.default\">\n\t\t\t\t<div class=\"elementor-widget-container\">\n\t\t\t\t\t<div role=\"main\" id=\"contactowebsite-c9bef0b0da2677b69514\"><\/div><script type=\"text\/javascript\" src=\"https:\/\/d335luupugsy2.cloudfront.net\/js\/rdstation-forms\/stable\/rdstation-forms.min.js\"><\/script><script type=\"text\/javascript\"> new RDStationForms('contactowebsite-c9bef0b0da2677b69514', 'UA-228586176-1').createForm();<\/script>\t\t\t\t<\/div>\n\t\t\t\t<\/div>\n\t\t\t\t\t<\/div>\r\n\t\t\t\t<\/div>\r\n\t\t\t\t\t<\/div>\r\n\t\t\t\t<\/div>\r\n\t\t\t\t<\/div>\n\t\t","protected":false},"excerpt":{"rendered":"<p>Vamos al\u00e9m-fronteiras? Transformamos desafios em solu\u00e7\u00f5es globais Preencha o formul\u00e1rio com os respetivos dados para obter mais informa\u00e7\u00f5es.<\/p>\n","protected":false},"author":1,"featured_media":0,"parent":0,"menu_order":0,"comment_status":"closed","ping_status":"closed","template":"","meta":{"_acf_changed":false,"footnotes":""},"class_list":["post-13568","page","type-page","status-publish","hentry"],"acf":[],"_links":{"self":[{"href":"https:\/\/oportofortegroup.com\/pt\/wp-json\/wp\/v2\/pages\/13568","targetHints":{"allow":["GET"]}}],"collection":[{"href":"https:\/\/oportofortegroup.com\/pt\/wp-json\/wp\/v2\/pages"}],"about":[{"href":"https:\/\/oportofortegroup.com\/pt\/wp-json\/wp\/v2\/types\/page"}],"author":[{"embeddable":true,"href":"https:\/\/oportofortegroup.com\/pt\/wp-json\/wp\/v2\/users\/1"}],"replies":[{"embeddable":true,"href":"https:\/\/oportofortegroup.com\/pt\/wp-json\/wp\/v2\/comments?post=13568"}],"version-history":[{"count":25,"href":"https:\/\/oportofortegroup.com\/pt\/wp-json\/wp\/v2\/pages\/13568\/revisions"}],"predecessor-version":[{"id":16060,"href":"https:\/\/oportofortegroup.com\/pt\/wp-json\/wp\/v2\/pages\/13568\/revisions\/16060"}],"wp:attachment":[{"href":"https:\/\/oportofortegroup.com\/pt\/wp-json\/wp\/v2\/media?parent=13568"}],"curies":[{"name":"wp","href":"https:\/\/api.w.org\/{rel}","templated":true}]}}