{"id":11615,"date":"2025-05-19T15:06:44","date_gmt":"2025-05-19T15:06:44","guid":{"rendered":"https:\/\/oportofortegroup.com\/?page_id=11615"},"modified":"2025-09-25T13:02:17","modified_gmt":"2025-09-25T13:02:17","slug":"presenca-global","status":"publish","type":"page","link":"https:\/\/oportofortegroup.com\/pt\/presenca-global\/","title":{"rendered":"A nossa presen\u00e7a global"},"content":{"rendered":"\t\t<div data-elementor-type=\"wp-page\" data-elementor-id=\"11615\" class=\"elementor elementor-11615\">\n\t\t\t\t<div class=\"elementor-element elementor-element-12d8599 e-flex e-con-boxed e-con e-parent\" data-id=\"12d8599\" data-element_type=\"container\" data-e-type=\"container\">\r\n\t\t\t\t\t<div class=\"e-con-inner\">\r\n\t\t\t\t<div class=\"elementor-element elementor-element-1a8d9fd elementor-widget elementor-widget-heading\" data-id=\"1a8d9fd\" data-element_type=\"widget\" data-e-type=\"widget\" data-widget_type=\"heading.default\">\n\t\t\t\t<div class=\"elementor-widget-container\">\n\t\t\t\t\t<h3 class=\"elementor-heading-title elementor-size-default\">Uma s\u00f3 empresa, m\u00faltiplos mercados<\/h3>\t\t\t\t<\/div>\n\t\t\t\t<\/div>\n\t\t\t\t<div class=\"elementor-element elementor-element-8328448 elementor-widget elementor-widget-text-editor\" data-id=\"8328448\" data-element_type=\"widget\" data-e-type=\"widget\" data-widget_type=\"text-editor.default\">\n\t\t\t\t<div class=\"elementor-widget-container\">\n\t\t\t\t\t\t\t\t\t<p>Com opera\u00e7\u00e3o direta em 4 continentes e atua\u00e7\u00e3o em +10 pa\u00edses, o OFG \u00e9 um hub empresarial que conecta a sua empresa aos centros econ\u00f3micos mais promissores, em setores como tecnologia e inova\u00e7\u00e3o; energias renov\u00e1veis; ind\u00fastria; constru\u00e7\u00e3o e engenharia; agroneg\u00f3cio, ecoturismo e capta\u00e7\u00e3o de investimentos.\u00a0<\/p>\t\t\t\t\t\t\t\t<\/div>\n\t\t\t\t<\/div>\n\t\t\t\t<div class=\"elementor-element elementor-element-41634ed elementor-widget elementor-widget-heading\" data-id=\"41634ed\" data-element_type=\"widget\" data-e-type=\"widget\" data-widget_type=\"heading.default\">\n\t\t\t\t<div class=\"elementor-widget-container\">\n\t\t\t\t\t<h4 class=\"elementor-heading-title elementor-size-default\">\u00c1frica<\/h4>\t\t\t\t<\/div>\n\t\t\t\t<\/div>\n\t\t\t\t<div class=\"elementor-element elementor-element-56203f0 elementor-widget elementor-widget-text-editor\" data-id=\"56203f0\" data-element_type=\"widget\" data-e-type=\"widget\" data-widget_type=\"text-editor.default\">\n\t\t\t\t<div class=\"elementor-widget-container\">\n\t\t\t\t\t\t\t\t\t<p>A nossa presen\u00e7a no continente africano centra-se principalmente na Comunidade Econ\u00f3mica dos Estados da \u00c1frica Ocidental (CEDEAO), cujos pa\u00edses representam no seu conjunto aproximadamente 400 milh\u00f5es de consumidores.\u00a0\u00a0<\/p><p>Com a utiliza\u00e7\u00e3o de uma moeda \u00fanica, a CEDEAO destaca-se pela sua diversidade cultural e econ\u00f3mica, oferecendo in\u00fameras oportunidades de investimento e desenvolvimento.\u00a0<\/p>\t\t\t\t\t\t\t\t<\/div>\n\t\t\t\t<\/div>\n\t\t\t\t<div class=\"elementor-element elementor-element-e09913f elementor-widget elementor-widget-heading\" data-id=\"e09913f\" data-element_type=\"widget\" data-e-type=\"widget\" data-widget_type=\"heading.default\">\n\t\t\t\t<div class=\"elementor-widget-container\">\n\t\t\t\t\t<h4 class=\"elementor-heading-title elementor-size-default\">Europa<\/h4>\t\t\t\t<\/div>\n\t\t\t\t<\/div>\n\t\t\t\t<div class=\"elementor-element elementor-element-11844f8 elementor-widget elementor-widget-text-editor\" data-id=\"11844f8\" data-element_type=\"widget\" data-e-type=\"widget\" data-widget_type=\"text-editor.default\">\n\t\t\t\t<div class=\"elementor-widget-container\">\n\t\t\t\t\t\t\t\t\t<p>No espa\u00e7o europeu, a nossa atua\u00e7\u00e3o est\u00e1 integrada no Mercado \u00danico da UE.\u00a0<\/p><p>Considerado um dos blocos econ\u00f3micos mais relevantes do mundo, com mais de 440 milh\u00f5es de consumidores, \u00e9 palco de estabilidade pol\u00edtica, elevado poder de consumo e um ambiente legal regulado.\u00a0<\/p>\t\t\t\t\t\t\t\t<\/div>\n\t\t\t\t<\/div>\n\t\t\t\t<div class=\"elementor-element elementor-element-c9f6f8d elementor-widget elementor-widget-heading\" data-id=\"c9f6f8d\" data-element_type=\"widget\" data-e-type=\"widget\" data-widget_type=\"heading.default\">\n\t\t\t\t<div class=\"elementor-widget-container\">\n\t\t\t\t\t<h4 class=\"elementor-heading-title elementor-size-default\">Am\u00e9rica<\/h4>\t\t\t\t<\/div>\n\t\t\t\t<\/div>\n\t\t\t\t<div class=\"elementor-element elementor-element-91ed840 elementor-widget elementor-widget-text-editor\" data-id=\"91ed840\" data-element_type=\"widget\" data-e-type=\"widget\" data-widget_type=\"text-editor.default\">\n\t\t\t\t<div class=\"elementor-widget-container\">\n\t\t\t\t\t\t\t\t\t<p>Na Am\u00e9rica do Sul, a nossa presen\u00e7a est\u00e1 centrada no Brasil, a maior economia da regi\u00e3o com um mercado interno de mais de 210 milh\u00f5es de consumidores.\u00a0<\/p><p>Enquanto membro ativo do MERCOSUL, o Brasil garante acesso preferencial a outros pa\u00edses sul-americanos.\u00a0<\/p>\t\t\t\t\t\t\t\t<\/div>\n\t\t\t\t<\/div>\n\t\t\t\t<div class=\"elementor-element elementor-element-8ef1059 elementor-widget elementor-widget-heading\" data-id=\"8ef1059\" data-element_type=\"widget\" data-e-type=\"widget\" data-widget_type=\"heading.default\">\n\t\t\t\t<div class=\"elementor-widget-container\">\n\t\t\t\t\t<h4 class=\"elementor-heading-title elementor-size-default\">\u00c1sia<\/h4>\t\t\t\t<\/div>\n\t\t\t\t<\/div>\n\t\t\t\t<div class=\"elementor-element elementor-element-895874f elementor-widget elementor-widget-text-editor\" data-id=\"895874f\" data-element_type=\"widget\" data-e-type=\"widget\" data-widget_type=\"text-editor.default\">\n\t\t\t\t<div class=\"elementor-widget-container\">\n\t\t\t\t\t\t\t\t\t<p>A partir dos Emirados \u00c1rabes Unidos operamos num dos principais hubs log\u00edsticos e financeiros globais.\u00a0<\/p><p>Com pol\u00edticas de atra\u00e7\u00e3o ao investimento estrangeiro, zonas francas e fiscalidade competitiva, os EAU posicionam-se como uma plataforma estrat\u00e9gica entre Europa, \u00c1sia e \u00c1frica.\u00a0<\/p>\t\t\t\t\t\t\t\t<\/div>\n\t\t\t\t<\/div>\n\t\t\t\t\t<\/div>\n\t\t\t\t<\/div>\n\t\t\t\t<\/div>\n\t\t","protected":false},"excerpt":{"rendered":"<p>Uma s\u00f3 empresa, m\u00faltiplos mercados Com opera\u00e7\u00e3o direta em 4 continentes e atua\u00e7\u00e3o em +10 pa\u00edses, o OFG \u00e9 um hub empresarial que conecta a sua empresa aos centros econ\u00f3micos mais promissores, em setores como tecnologia e inova\u00e7\u00e3o; energias renov\u00e1veis; ind\u00fastria; constru\u00e7\u00e3o e engenharia; agroneg\u00f3cio, ecoturismo e capta\u00e7\u00e3o de investimentos.\u00a0 \u00c1frica A nossa presen\u00e7a no [&hellip;]<\/p>\n","protected":false},"author":1,"featured_media":0,"parent":0,"menu_order":0,"comment_status":"closed","ping_status":"closed","template":"","meta":{"_acf_changed":false,"footnotes":""},"class_list":["post-11615","page","type-page","status-publish","hentry"],"acf":[],"_links":{"self":[{"href":"https:\/\/oportofortegroup.com\/pt\/wp-json\/wp\/v2\/pages\/11615","targetHints":{"allow":["GET"]}}],"collection":[{"href":"https:\/\/oportofortegroup.com\/pt\/wp-json\/wp\/v2\/pages"}],"about":[{"href":"https:\/\/oportofortegroup.com\/pt\/wp-json\/wp\/v2\/types\/page"}],"author":[{"embeddable":true,"href":"https:\/\/oportofortegroup.com\/pt\/wp-json\/wp\/v2\/users\/1"}],"replies":[{"embeddable":true,"href":"https:\/\/oportofortegroup.com\/pt\/wp-json\/wp\/v2\/comments?post=11615"}],"version-history":[{"count":10,"href":"https:\/\/oportofortegroup.com\/pt\/wp-json\/wp\/v2\/pages\/11615\/revisions"}],"predecessor-version":[{"id":13134,"href":"https:\/\/oportofortegroup.com\/pt\/wp-json\/wp\/v2\/pages\/11615\/revisions\/13134"}],"wp:attachment":[{"href":"https:\/\/oportofortegroup.com\/pt\/wp-json\/wp\/v2\/media?parent=11615"}],"curies":[{"name":"wp","href":"https:\/\/api.w.org\/{rel}","templated":true}]}}