{"id":7507,"date":"2025-01-29T14:49:14","date_gmt":"2025-01-29T14:49:14","guid":{"rendered":"https:\/\/oportofortegroup.com\/?page_id=7507"},"modified":"2026-03-17T14:03:30","modified_gmt":"2026-03-17T14:03:30","slug":"equipe","status":"publish","type":"page","link":"https:\/\/oportofortegroup.com\/fr\/equipa\/","title":{"rendered":"L'\u00e9quipe"},"content":{"rendered":"<div data-elementor-type=\"wp-page\" data-elementor-id=\"7507\" class=\"elementor elementor-7507\">\n\t\t\t\t\t\t<section class=\"porto-full-no-gap elementor-section elementor-top-section elementor-element elementor-element-1092685 section-shape elementor-section-full_width elementor-section-stretched elementor-section-height-default elementor-section-height-default\" data-id=\"1092685\" data-element_type=\"section\" data-e-type=\"section\" data-settings=\"{&quot;background_background&quot;:&quot;classic&quot;,&quot;stretch_section&quot;:&quot;section-stretched&quot;}\">\r\n\t\t\r\n\t\t\t\t\t\t\t<div class=\"elementor-container elementor-column-gap-no\">\r\n\t\t\t\t\t\t\t\t\t\t\t<div class=\"elementor-column elementor-col-50 elementor-top-column elementor-element elementor-element-338bdeb w-lg-83 mx-auto pt-md-5  mt-5 position-relative z-index-2\" data-id=\"338bdeb\" data-element_type=\"column\" data-e-type=\"column\">\r\n\t\t\t\t\t<div class=\"elementor-widget-wrap elementor-element-populated\">\r\n\t\t\t\t\t\t\t\t<div class=\"elementor-element elementor-element-c32a336 elementor-widget elementor-widget-text-editor\" data-id=\"c32a336\" data-element_type=\"widget\" data-e-type=\"widget\" data-widget_type=\"text-editor.default\">\n\t\t\t\t<div class=\"elementor-widget-container\">\n\t\t\t\t\t\t\t\t\t<h6 style=\"text-align: center;\"><span style=\"font-size: 18px; color: #999999;\"><strong>OFG, Groupe Porto Forte<\/strong><\/span><\/h6>\t\t\t\t\t\t\t\t<\/div>\n\t\t\t\t<\/div>\n\t\t\t\t<div class=\"elementor-element elementor-element-4c35c9c mb-4 elementor-widget elementor-widget-heading\" data-id=\"4c35c9c\" data-element_type=\"widget\" data-e-type=\"widget\" data-widget_type=\"heading.default\">\n\t\t\t\t<div class=\"elementor-widget-container\">\n\t\t\t\t\t<h2 class=\"elementor-heading-title elementor-size-default\">Une \u00e9quipe dot\u00e9e d'une grande exp\u00e9rience dans la transformation d'entreprises de premier plan<\/h2>\t\t\t\t<\/div>\n\t\t\t\t<\/div>\n\t\t\t\t<div class=\"elementor-element elementor-element-b36d6df elementor-widget elementor-widget-text-editor\" data-id=\"b36d6df\" data-element_type=\"widget\" data-e-type=\"widget\" data-widget_type=\"text-editor.default\">\n\t\t\t\t<div class=\"elementor-widget-container\">\n\t\t\t\t\t\t\t\t\t<p style=\"text-align: center;\"><strong>Inspirant<\/strong> e <strong>ax\u00e9 sur les r\u00e9sultats<\/strong>!<\/p>\t\t\t\t\t\t\t\t<\/div>\n\t\t\t\t<\/div>\n\t\t\t\t\t<\/div>\r\n\t\t\t\t<\/div>\r\n\t\t\t\t<div class=\"elementor-column elementor-col-50 elementor-top-column elementor-element elementor-element-debe024 w-100\" data-id=\"debe024\" data-element_type=\"column\" data-e-type=\"column\">\r\n\t\t\t\t\t<div class=\"elementor-widget-wrap elementor-element-populated\">\r\n\t\t\t\t\t\t<div class=\"elementor-element elementor-element-0a930eb e-grid e-con-boxed e-con e-parent\" data-id=\"0a930eb\" data-element_type=\"container\" data-e-type=\"container\">\r\n\t\t\t\t\t<div class=\"e-con-inner\">\r\n\t\t\t\t<div class=\"elementor-element elementor-element-2831255 elementor-position-top elementor-widget elementor-widget-image-box\" data-id=\"2831255\" data-element_type=\"widget\" data-e-type=\"widget\" data-widget_type=\"image-box.default\">\n\t\t\t\t<div class=\"elementor-widget-container\">\n\t\t\t\t\t<div class=\"elementor-image-box-wrapper\"><figure class=\"elementor-image-box-img\"><img fetchpriority=\"high\" decoding=\"async\" width=\"640\" height=\"640\" src=\"https:\/\/oportofortegroup.com\/wp-content\/uploads\/2025\/05\/Segio-castro.png\" class=\"attachment-full size-full wp-image-11828\" alt=\"\" srcset=\"https:\/\/oportofortegroup.com\/wp-content\/uploads\/2025\/05\/Segio-castro.png 640w, https:\/\/oportofortegroup.com\/wp-content\/uploads\/2025\/05\/Segio-castro-400x400.png 400w\" sizes=\"(max-width: 640px) 100vw, 640px\" \/><\/figure><div class=\"elementor-image-box-content\"><h4 class=\"elementor-image-box-title\">S\u00e9rgio Castro<\/h4><p class=\"elementor-image-box-description\">PDG<\/p><\/div><\/div>\t\t\t\t<\/div>\n\t\t\t\t<\/div>\n\t\t\t\t<div class=\"elementor-element elementor-element-7f29beb elementor-position-top elementor-widget elementor-widget-image-box\" data-id=\"7f29beb\" data-element_type=\"widget\" data-e-type=\"widget\" data-widget_type=\"image-box.default\">\n\t\t\t\t<div class=\"elementor-widget-container\">\n\t\t\t\t\t<div class=\"elementor-image-box-wrapper\"><figure class=\"elementor-image-box-img\"><img decoding=\"async\" width=\"640\" height=\"640\" src=\"https:\/\/oportofortegroup.com\/wp-content\/uploads\/2025\/05\/Nadja.png\" class=\"attachment-full size-full wp-image-11831\" alt=\"\" srcset=\"https:\/\/oportofortegroup.com\/wp-content\/uploads\/2025\/05\/Nadja.png 640w, https:\/\/oportofortegroup.com\/wp-content\/uploads\/2025\/05\/Nadja-400x400.png 400w\" sizes=\"(max-width: 640px) 100vw, 640px\" \/><\/figure><div class=\"elementor-image-box-content\"><h4 class=\"elementor-image-box-title\">Nadja Ferreira<\/h4><p class=\"elementor-image-box-description\">COO<\/p><\/div><\/div>\t\t\t\t<\/div>\n\t\t\t\t<\/div>\n\t\t\t\t<div class=\"elementor-element elementor-element-5918c12 elementor-position-top elementor-widget elementor-widget-image-box\" data-id=\"5918c12\" data-element_type=\"widget\" data-e-type=\"widget\" data-widget_type=\"image-box.default\">\n\t\t\t\t<div class=\"elementor-widget-container\">\n\t\t\t\t\t<div class=\"elementor-image-box-wrapper\"><figure class=\"elementor-image-box-img\"><img decoding=\"async\" width=\"640\" height=\"640\" src=\"https:\/\/oportofortegroup.com\/wp-content\/uploads\/2026\/03\/Jael-1.png\" class=\"attachment-full size-full wp-image-15696\" alt=\"\" srcset=\"https:\/\/oportofortegroup.com\/wp-content\/uploads\/2026\/03\/Jael-1.png 640w, https:\/\/oportofortegroup.com\/wp-content\/uploads\/2026\/03\/Jael-1-400x400.png 400w\" sizes=\"(max-width: 640px) 100vw, 640px\" \/><\/figure><div class=\"elementor-image-box-content\"><h4 class=\"elementor-image-box-title\">Carla Costa<\/h4><p class=\"elementor-image-box-description\"><span data-teams=\"true\">Chef de la strat\u00e9gie et de l'innovation<\/span><\/p><\/div><\/div>\t\t\t\t<\/div>\n\t\t\t\t<\/div>\n\t\t\t\t<div class=\"elementor-element elementor-element-508013c elementor-position-top elementor-widget elementor-widget-image-box\" data-id=\"508013c\" data-element_type=\"widget\" data-e-type=\"widget\" data-widget_type=\"image-box.default\">\n\t\t\t\t<div class=\"elementor-widget-container\">\n\t\t\t\t\t<div class=\"elementor-image-box-wrapper\"><figure class=\"elementor-image-box-img\"><img loading=\"lazy\" decoding=\"async\" width=\"640\" height=\"640\" src=\"https:\/\/oportofortegroup.com\/wp-content\/uploads\/2025\/05\/raul.png\" class=\"attachment-full size-full wp-image-11834\" alt=\"\" srcset=\"https:\/\/oportofortegroup.com\/wp-content\/uploads\/2025\/05\/raul.png 640w, https:\/\/oportofortegroup.com\/wp-content\/uploads\/2025\/05\/raul-400x400.png 400w\" sizes=\"(max-width: 640px) 100vw, 640px\" \/><\/figure><div class=\"elementor-image-box-content\"><h4 class=\"elementor-image-box-title\">Raul Marques<\/h4><p class=\"elementor-image-box-description\">Directeur commercial pour l'Afrique<\/p><\/div><\/div>\t\t\t\t<\/div>\n\t\t\t\t<\/div>\n\t\t\t\t<div class=\"elementor-element elementor-element-adb9c79 elementor-position-top elementor-widget elementor-widget-image-box\" data-id=\"adb9c79\" data-element_type=\"widget\" data-e-type=\"widget\" data-widget_type=\"image-box.default\">\n\t\t\t\t<div class=\"elementor-widget-container\">\n\t\t\t\t\t<div class=\"elementor-image-box-wrapper\"><figure class=\"elementor-image-box-img\"><img loading=\"lazy\" decoding=\"async\" width=\"640\" height=\"640\" src=\"https:\/\/oportofortegroup.com\/wp-content\/uploads\/2025\/05\/Idrissa.png\" class=\"attachment-full size-full wp-image-11843\" alt=\"\" srcset=\"https:\/\/oportofortegroup.com\/wp-content\/uploads\/2025\/05\/Idrissa.png 640w, https:\/\/oportofortegroup.com\/wp-content\/uploads\/2025\/05\/Idrissa-400x400.png 400w\" sizes=\"(max-width: 640px) 100vw, 640px\" \/><\/figure><div class=\"elementor-image-box-content\"><h4 class=\"elementor-image-box-title\">Idrissa Niang<\/h4><p class=\"elementor-image-box-description\">Directeur g\u00e9n\u00e9ral - SenegaL<\/p><\/div><\/div>\t\t\t\t<\/div>\n\t\t\t\t<\/div>\n\t\t\t\t<div class=\"elementor-element elementor-element-2d3b645 elementor-position-top elementor-widget elementor-widget-image-box\" data-id=\"2d3b645\" data-element_type=\"widget\" data-e-type=\"widget\" data-widget_type=\"image-box.default\">\n\t\t\t\t<div class=\"elementor-widget-container\">\n\t\t\t\t\t<div class=\"elementor-image-box-wrapper\"><figure class=\"elementor-image-box-img\"><img loading=\"lazy\" decoding=\"async\" width=\"320\" height=\"320\" src=\"https:\/\/oportofortegroup.com\/wp-content\/uploads\/2025\/01\/Celso-Cavalcanti.png\" class=\"attachment-full size-full wp-image-7543\" alt=\"\" \/><\/figure><div class=\"elementor-image-box-content\"><h4 class=\"elementor-image-box-title\">Celso Cavalcanti<\/h4><p class=\"elementor-image-box-description\">Structuration financi\u00e8re<\/p><\/div><\/div>\t\t\t\t<\/div>\n\t\t\t\t<\/div>\n\t\t\t\t<div class=\"elementor-element elementor-element-7c67f59 elementor-position-top elementor-widget elementor-widget-image-box\" data-id=\"7c67f59\" data-element_type=\"widget\" data-e-type=\"widget\" data-widget_type=\"image-box.default\">\n\t\t\t\t<div class=\"elementor-widget-container\">\n\t\t\t\t\t<div class=\"elementor-image-box-wrapper\"><figure class=\"elementor-image-box-img\"><img loading=\"lazy\" decoding=\"async\" width=\"320\" height=\"320\" src=\"https:\/\/oportofortegroup.com\/wp-content\/uploads\/2025\/01\/nelson.png\" class=\"attachment-full size-full wp-image-7551\" alt=\"\" \/><\/figure><div class=\"elementor-image-box-content\"><h4 class=\"elementor-image-box-title\">Nelson Santos<\/h4><p class=\"elementor-image-box-description\">D\u00e9veloppeur d'entreprise<\/p><\/div><\/div>\t\t\t\t<\/div>\n\t\t\t\t<\/div>\n\t\t\t\t<div class=\"elementor-element elementor-element-907b08d elementor-position-top elementor-widget elementor-widget-image-box\" data-id=\"907b08d\" data-element_type=\"widget\" data-e-type=\"widget\" data-widget_type=\"image-box.default\">\n\t\t\t\t<div class=\"elementor-widget-container\">\n\t\t\t\t\t<div class=\"elementor-image-box-wrapper\"><figure class=\"elementor-image-box-img\"><img loading=\"lazy\" decoding=\"async\" width=\"640\" height=\"640\" src=\"https:\/\/oportofortegroup.com\/wp-content\/uploads\/2025\/05\/Sergio-de-Paula.png\" class=\"attachment-full size-full wp-image-11840\" alt=\"\" srcset=\"https:\/\/oportofortegroup.com\/wp-content\/uploads\/2025\/05\/Sergio-de-Paula.png 640w, https:\/\/oportofortegroup.com\/wp-content\/uploads\/2025\/05\/Sergio-de-Paula-400x400.png 400w\" sizes=\"(max-width: 640px) 100vw, 640px\" \/><\/figure><div class=\"elementor-image-box-content\"><h4 class=\"elementor-image-box-title\">S\u00e9rgio de Paula<\/h4><p class=\"elementor-image-box-description\">D\u00e9veloppeur d'entreprise<\/p><\/div><\/div>\t\t\t\t<\/div>\n\t\t\t\t<\/div>\n\t\t\t\t<div class=\"elementor-element elementor-element-9efd81f elementor-position-top elementor-widget elementor-widget-image-box\" data-id=\"9efd81f\" data-element_type=\"widget\" data-e-type=\"widget\" data-widget_type=\"image-box.default\">\n\t\t\t\t<div class=\"elementor-widget-container\">\n\t\t\t\t\t<div class=\"elementor-image-box-wrapper\"><figure class=\"elementor-image-box-img\"><img loading=\"lazy\" decoding=\"async\" width=\"320\" height=\"320\" src=\"https:\/\/oportofortegroup.com\/wp-content\/uploads\/2026\/01\/Jael.png\" class=\"attachment-full size-full wp-image-15351\" alt=\"\" \/><\/figure><div class=\"elementor-image-box-content\"><h4 class=\"elementor-image-box-title\">Jael Lara<\/h4><p class=\"elementor-image-box-description\"><span data-teams=\"true\">D\u00e9veloppeur d'entreprise<\/span><\/p><\/div><\/div>\t\t\t\t<\/div>\n\t\t\t\t<\/div>\n\t\t\t\t<div class=\"elementor-element elementor-element-c3782f9 elementor-position-top elementor-widget elementor-widget-image-box\" data-id=\"c3782f9\" data-element_type=\"widget\" data-e-type=\"widget\" data-widget_type=\"image-box.default\">\n\t\t\t\t<div class=\"elementor-widget-container\">\n\t\t\t\t\t<div class=\"elementor-image-box-wrapper\"><figure class=\"elementor-image-box-img\"><img loading=\"lazy\" decoding=\"async\" width=\"320\" height=\"320\" src=\"https:\/\/oportofortegroup.com\/wp-content\/uploads\/2025\/04\/Ana-Lucia-.png\" class=\"attachment-full size-full wp-image-11059\" alt=\"\" \/><\/figure><div class=\"elementor-image-box-content\"><h4 class=\"elementor-image-box-title\">Ana Lucia<\/h4><p class=\"elementor-image-box-description\">D\u00e9veloppeur d'entreprise<\/p><\/div><\/div>\t\t\t\t<\/div>\n\t\t\t\t<\/div>\n\t\t\t\t<div class=\"elementor-element elementor-element-1ef572f elementor-position-top elementor-widget elementor-widget-image-box\" data-id=\"1ef572f\" data-element_type=\"widget\" data-e-type=\"widget\" data-widget_type=\"image-box.default\">\n\t\t\t\t<div class=\"elementor-widget-container\">\n\t\t\t\t\t<div class=\"elementor-image-box-wrapper\"><figure class=\"elementor-image-box-img\"><img loading=\"lazy\" decoding=\"async\" width=\"320\" height=\"320\" src=\"https:\/\/oportofortegroup.com\/wp-content\/uploads\/2025\/05\/Beatriz-.png\" class=\"attachment-full size-full wp-image-11852\" alt=\"\" \/><\/figure><div class=\"elementor-image-box-content\"><h4 class=\"elementor-image-box-title\">Beatriz Correia<\/h4><p class=\"elementor-image-box-description\">Assistant marketing<\/p><\/div><\/div>\t\t\t\t<\/div>\n\t\t\t\t<\/div>\n\t\t\t\t<div class=\"elementor-element elementor-element-ddb68ea elementor-position-top elementor-widget elementor-widget-image-box\" data-id=\"ddb68ea\" data-element_type=\"widget\" data-e-type=\"widget\" data-widget_type=\"image-box.default\">\n\t\t\t\t<div class=\"elementor-widget-container\">\n\t\t\t\t\t<div class=\"elementor-image-box-wrapper\"><figure class=\"elementor-image-box-img\"><img loading=\"lazy\" decoding=\"async\" width=\"320\" height=\"320\" src=\"https:\/\/oportofortegroup.com\/wp-content\/uploads\/2025\/01\/gabriel.png\" class=\"attachment-full size-full wp-image-7567\" alt=\"\" \/><\/figure><div class=\"elementor-image-box-content\"><h4 class=\"elementor-image-box-title\">Gabriel Silvino<\/h4><p class=\"elementor-image-box-description\">Assistant marketing<\/p><\/div><\/div>\t\t\t\t<\/div>\n\t\t\t\t<\/div>\n\t\t\t\t<div class=\"elementor-element elementor-element-7177472 elementor-position-top elementor-widget elementor-widget-image-box\" data-id=\"7177472\" data-element_type=\"widget\" data-e-type=\"widget\" data-widget_type=\"image-box.default\">\n\t\t\t\t<div class=\"elementor-widget-container\">\n\t\t\t\t\t<div class=\"elementor-image-box-wrapper\"><figure class=\"elementor-image-box-img\"><img loading=\"lazy\" decoding=\"async\" width=\"320\" height=\"320\" src=\"https:\/\/oportofortegroup.com\/wp-content\/uploads\/2026\/01\/Joao.png\" class=\"attachment-full size-full wp-image-14745\" alt=\"\" \/><\/figure><div class=\"elementor-image-box-content\"><h4 class=\"elementor-image-box-title\">Jo\u00e3o Oliveira<\/h4><p class=\"elementor-image-box-description\">Assistant de projet<\/p><\/div><\/div>\t\t\t\t<\/div>\n\t\t\t\t<\/div>\n\t\t\t\t<div class=\"elementor-element elementor-element-85caa0e elementor-position-top elementor-widget elementor-widget-image-box\" data-id=\"85caa0e\" data-element_type=\"widget\" data-e-type=\"widget\" data-widget_type=\"image-box.default\">\n\t\t\t\t<div class=\"elementor-widget-container\">\n\t\t\t\t\t<div class=\"elementor-image-box-wrapper\"><figure class=\"elementor-image-box-img\"><img loading=\"lazy\" decoding=\"async\" width=\"640\" height=\"640\" src=\"https:\/\/oportofortegroup.com\/wp-content\/uploads\/2025\/05\/patricia.png\" class=\"attachment-full size-full wp-image-11837\" alt=\"\" srcset=\"https:\/\/oportofortegroup.com\/wp-content\/uploads\/2025\/05\/patricia.png 640w, https:\/\/oportofortegroup.com\/wp-content\/uploads\/2025\/05\/patricia-400x400.png 400w\" sizes=\"(max-width: 640px) 100vw, 640px\" \/><\/figure><div class=\"elementor-image-box-content\"><h4 class=\"elementor-image-box-title\">Patr\u00edcia Cardoso<\/h4><p class=\"elementor-image-box-description\">Chef de bureau<\/p><\/div><\/div>\t\t\t\t<\/div>\n\t\t\t\t<\/div>\n\t\t\t\t<div class=\"elementor-element elementor-element-c0dfb90 elementor-position-top elementor-widget elementor-widget-image-box\" data-id=\"c0dfb90\" data-element_type=\"widget\" data-e-type=\"widget\" data-widget_type=\"image-box.default\">\n\t\t\t\t<div class=\"elementor-widget-container\">\n\t\t\t\t\t<div class=\"elementor-image-box-wrapper\"><figure class=\"elementor-image-box-img\"><img loading=\"lazy\" decoding=\"async\" width=\"640\" height=\"640\" src=\"https:\/\/oportofortegroup.com\/wp-content\/uploads\/2025\/05\/ana.png\" class=\"attachment-full size-full wp-image-11846\" alt=\"\" srcset=\"https:\/\/oportofortegroup.com\/wp-content\/uploads\/2025\/05\/ana.png 640w, https:\/\/oportofortegroup.com\/wp-content\/uploads\/2025\/05\/ana-400x400.png 400w\" sizes=\"(max-width: 640px) 100vw, 640px\" \/><\/figure><div class=\"elementor-image-box-content\"><h4 class=\"elementor-image-box-title\">Ana Pereira<\/h4><p class=\"elementor-image-box-description\">Assistant(e) administratif(ve)<\/p><\/div><\/div>\t\t\t\t<\/div>\n\t\t\t\t<\/div>\n\t\t\t\t\t<\/div>\n\t\t\t\t<\/div>\n\t\t<div class=\"elementor-element elementor-element-189dce4 e-flex e-con-boxed e-con e-parent\" data-id=\"189dce4\" data-element_type=\"container\" data-e-type=\"container\">\r\n\t\t\t\t\t<div class=\"e-con-inner\">\r\n\t\t\t\t<div class=\"elementor-element elementor-element-2b30a52 elementor-widget elementor-widget-heading\" data-id=\"2b30a52\" data-element_type=\"widget\" data-e-type=\"widget\" data-widget_type=\"heading.default\">\n\t\t\t\t<div class=\"elementor-widget-container\">\n\t\t\t\t\t<h2 class=\"elementor-heading-title elementor-size-default\">Travaillez avec nous !<\/h2>\t\t\t\t<\/div>\n\t\t\t\t<\/div>\n\t\t\t\t<div class=\"elementor-element elementor-element-d71afc1 elementor-widget elementor-widget-heading\" data-id=\"d71afc1\" data-element_type=\"widget\" data-e-type=\"widget\" data-widget_type=\"heading.default\">\n\t\t\t\t<div class=\"elementor-widget-container\">\n\t\t\t\t\t<div class=\"elementor-heading-title elementor-size-default\"><a href=\"mailto:recrutamento@oportoforte.com\">Je souhaite rejoindre l'\u00e9quipe<\/a><\/div>\t\t\t\t<\/div>\n\t\t\t\t<\/div>\n\t\t\t\t<div class=\"elementor-element elementor-element-fb8f2e5 elementor-widget elementor-widget-heading\" data-id=\"fb8f2e5\" data-element_type=\"widget\" data-e-type=\"widget\" data-widget_type=\"heading.default\">\n\t\t\t\t<div class=\"elementor-widget-container\">\n\t\t\t\t\t<div class=\"elementor-heading-title elementor-size-default\"><a href=\"https:\/\/oportofortegroup.com\/fr\/devenir-partenaire\/\">Je veux \u00eatre partenaire de l'OFG<\/a><\/div>\t\t\t\t<\/div>\n\t\t\t\t<\/div>\n\t\t\t\t\t<\/div>\n\t\t\t\t<\/div>\n\t\t<div class=\"elementor-element elementor-element-811a9d2 e-flex e-con-boxed e-con e-parent\" data-id=\"811a9d2\" data-element_type=\"container\" data-e-type=\"container\">\r\n\t\t\t\t\t<div class=\"e-con-inner\">\r\n\t\t\t\t<div class=\"elementor-element elementor-element-5ef3c4c elementor-widget elementor-widget-spacer\" data-id=\"5ef3c4c\" data-element_type=\"widget\" data-e-type=\"widget\" data-widget_type=\"spacer.default\">\n\t\t\t\t<div class=\"elementor-widget-container\">\n\t\t\t\t\t\t\t<div class=\"elementor-spacer\">\n\t\t\t<div class=\"elementor-spacer-inner\"><\/div>\n\t\t<\/div>\n\t\t\t\t\t\t<\/div>\n\t\t\t\t<\/div>\n\t\t\t\t\t<\/div>\n\t\t\t\t<\/div>\n\t\t\t\t\t<\/div>\r\n\t\t\t\t<\/div>\r\n\t\t\t\t\t<\/div>\r\n\t\t\t\t<\/section>\r\n\t\t\t\t<\/div>","protected":false},"excerpt":{"rendered":"<p>OFG, Oporto Forte Group Uma equipa com uma grande experi\u00eancia na transforma\u00e7\u00e3o de empresas de refer\u00eancia Inspiradores e focados em resultados! S\u00e9rgio Castro CEO Nadja Ferreira COO Carla Costa Head of Strategy and Innovation Raul Marques Africa Business Manager Idrissa Niang Diretor Geral &#8211; SenegaL Celso Cavalcanti Financial Structuring Nelson Santos Business Developer S\u00e9rgio de [&hellip;]<\/p>\n","protected":false},"author":1,"featured_media":0,"parent":0,"menu_order":0,"comment_status":"closed","ping_status":"closed","template":"","meta":{"_acf_changed":false,"footnotes":""},"class_list":["post-7507","page","type-page","status-publish","hentry"],"acf":[],"_links":{"self":[{"href":"https:\/\/oportofortegroup.com\/fr\/wp-json\/wp\/v2\/pages\/7507","targetHints":{"allow":["GET"]}}],"collection":[{"href":"https:\/\/oportofortegroup.com\/fr\/wp-json\/wp\/v2\/pages"}],"about":[{"href":"https:\/\/oportofortegroup.com\/fr\/wp-json\/wp\/v2\/types\/page"}],"author":[{"embeddable":true,"href":"https:\/\/oportofortegroup.com\/fr\/wp-json\/wp\/v2\/users\/1"}],"replies":[{"embeddable":true,"href":"https:\/\/oportofortegroup.com\/fr\/wp-json\/wp\/v2\/comments?post=7507"}],"version-history":[{"count":245,"href":"https:\/\/oportofortegroup.com\/fr\/wp-json\/wp\/v2\/pages\/7507\/revisions"}],"predecessor-version":[{"id":15932,"href":"https:\/\/oportofortegroup.com\/fr\/wp-json\/wp\/v2\/pages\/7507\/revisions\/15932"}],"wp:attachment":[{"href":"https:\/\/oportofortegroup.com\/fr\/wp-json\/wp\/v2\/media?parent=7507"}],"curies":[{"name":"wp","href":"https:\/\/api.w.org\/{rel}","templated":true}]}}