{"id":14427,"date":"2026-01-07T12:11:29","date_gmt":"2026-01-07T12:11:29","guid":{"rendered":"https:\/\/oportofortegroup.com\/?page_id=14427"},"modified":"2026-03-19T12:30:15","modified_gmt":"2026-03-19T12:30:15","slug":"nous-menons-des-activites-dapprentissage-par-lexperience-en-equipe-2","status":"publish","type":"page","link":"https:\/\/oportofortegroup.com\/fr\/we-lead-team-building-experiential-learning-2\/","title":{"rendered":"Constitution d'\u00e9quipes et apprentissage par l'exp\u00e9rience"},"content":{"rendered":"<div data-elementor-type=\"wp-page\" data-elementor-id=\"14427\" class=\"elementor elementor-14427\">\n\t\t\t\t<div data-plugin-parallax=\"\" data-plugin-options=\"{&quot;speed&quot;: 1.5}\" data-image-src=\"https:\/\/oportofortegroup.com\/wp-content\/uploads\/2026\/01\/Blog-2023-Novo-52-scaled.png\" data-parallax-scale=\"invert\" class=\"porto_stretch_css stretch_row_css elementor-element elementor-element-2b8cb37 e-con-full e-flex e-con e-parent\" data-id=\"2b8cb37\" data-element_type=\"container\" data-e-type=\"container\" data-settings=\"{&quot;background_background&quot;:&quot;classic&quot;}\">\r\n\t\t\t\t<\/div>\n\t\t<div class=\"elementor-element elementor-element-165cf6f e-con-full e-flex e-con e-parent\" data-id=\"165cf6f\" data-element_type=\"container\" data-e-type=\"container\">\r\n\t\t\t\t<div class=\"elementor-element elementor-element-68f73f9 elementor-widget elementor-widget-spacer\" data-id=\"68f73f9\" data-element_type=\"widget\" data-e-type=\"widget\" data-widget_type=\"spacer.default\">\n\t\t\t\t<div class=\"elementor-widget-container\">\n\t\t\t\t\t\t\t<div class=\"elementor-spacer\">\n\t\t\t<div class=\"elementor-spacer-inner\"><\/div>\n\t\t<\/div>\n\t\t\t\t\t\t<\/div>\n\t\t\t\t<\/div>\n\t\t\t\t<\/div>\n\t\t<div class=\"elementor-element elementor-element-264a774 e-con-full e-flex e-con e-parent\" data-id=\"264a774\" data-element_type=\"container\" data-e-type=\"container\">\r\n\t\t<div class=\"elementor-element elementor-element-29766f6 e-con-full e-flex e-con e-child\" data-id=\"29766f6\" data-element_type=\"container\" data-e-type=\"container\">\r\n\t\t\t\t<div class=\"elementor-element elementor-element-104b4d4 elementor-widget elementor-widget-text-editor\" data-id=\"104b4d4\" data-element_type=\"widget\" data-e-type=\"widget\" data-widget_type=\"text-editor.default\">\n\t\t\t\t<div class=\"elementor-widget-container\">\n\t\t\t\t\t\t\t\t\t<h3><strong>Projet d\u00e9velopp\u00e9 pour un client de r\u00e9f\u00e9rence\u00a0<\/strong><\/h3>\t\t\t\t\t\t\t\t<\/div>\n\t\t\t\t<\/div>\n\t\t\t\t<\/div>\n\t\t<div class=\"elementor-element elementor-element-ad5d354 e-con-full e-flex e-con e-child\" data-id=\"ad5d354\" data-element_type=\"container\" data-e-type=\"container\">\r\n\t\t\t\t<div class=\"elementor-element elementor-element-d6778d1 elementor-widget elementor-widget-image\" data-id=\"d6778d1\" data-element_type=\"widget\" data-e-type=\"widget\" data-widget_type=\"image.default\">\n\t\t\t\t<div class=\"elementor-widget-container\">\n\t\t\t\t\t\t\t\t\t\t\t\t\t\t\t<img fetchpriority=\"high\" decoding=\"async\" width=\"1024\" height=\"437\" src=\"https:\/\/oportofortegroup.com\/wp-content\/uploads\/2026\/01\/Blog-2023-Novo-48-1024x437.png\" class=\"attachment-large size-large wp-image-14420\" alt=\"\" srcset=\"https:\/\/oportofortegroup.com\/wp-content\/uploads\/2026\/01\/Blog-2023-Novo-48-1024x437.png 1024w, https:\/\/oportofortegroup.com\/wp-content\/uploads\/2026\/01\/Blog-2023-Novo-48-768x328.png 768w, https:\/\/oportofortegroup.com\/wp-content\/uploads\/2026\/01\/Blog-2023-Novo-48-640x273.png 640w, https:\/\/oportofortegroup.com\/wp-content\/uploads\/2026\/01\/Blog-2023-Novo-48-400x171.png 400w\" sizes=\"(max-width: 1024px) 100vw, 1024px\" \/>\t\t\t\t\t\t\t\t\t\t\t\t\t\t\t<\/div>\n\t\t\t\t<\/div>\n\t\t\t\t<\/div>\n\t\t\t\t<\/div>\n\t\t<div class=\"elementor-element elementor-element-ca38f64 e-con-full e-flex e-con e-parent\" data-id=\"ca38f64\" data-element_type=\"container\" data-e-type=\"container\">\r\n\t\t\t\t<div class=\"elementor-element elementor-element-c4e9e61 elementor-widget elementor-widget-spacer\" data-id=\"c4e9e61\" data-element_type=\"widget\" data-e-type=\"widget\" data-widget_type=\"spacer.default\">\n\t\t\t\t<div class=\"elementor-widget-container\">\n\t\t\t\t\t\t\t<div class=\"elementor-spacer\">\n\t\t\t<div class=\"elementor-spacer-inner\"><\/div>\n\t\t<\/div>\n\t\t\t\t\t\t<\/div>\n\t\t\t\t<\/div>\n\t\t\t\t<\/div>\n\t\t<div class=\"elementor-element elementor-element-70f37d5 e-con-full e-flex e-con e-parent\" data-id=\"70f37d5\" data-element_type=\"container\" data-e-type=\"container\">\r\n\t\t\t\t<div class=\"elementor-element elementor-element-6e6dd53 elementor-widget elementor-widget-n-accordion\" data-id=\"6e6dd53\" data-element_type=\"widget\" data-e-type=\"widget\" data-settings=\"{&quot;default_state&quot;:&quot;expanded&quot;,&quot;max_items_expended&quot;:&quot;one&quot;,&quot;n_accordion_animation_duration&quot;:{&quot;unit&quot;:&quot;ms&quot;,&quot;size&quot;:400,&quot;sizes&quot;:[]}}\" data-widget_type=\"nested-accordion.default\">\n\t\t\t\t<div class=\"elementor-widget-container\">\n\t\t\t\t\t\t\t<div class=\"e-n-accordion\" aria-label=\"Accord\u00e9on. Ouvrez les liens avec Enter ou Space, fermez-les avec Escape et naviguez avec les touches fl\u00e9ch\u00e9es.\">\n\t\t\t\t\t\t<details id=\"e-n-accordion-item-1150\" class=\"e-n-accordion-item\" open>\n\t\t\t\t<summary class=\"e-n-accordion-item-title\" data-accordion-index=\"1\" tabindex=\"0\" aria-expanded=\"true\" aria-controls=\"e-n-accordion-item-1150\" >\n\t\t\t\t\t<span class='e-n-accordion-item-title-header'><div class=\"e-n-accordion-item-title-text\"> 1. LE D\u00c9FI \/ LE BESOIN DU CLIENT <\/div><\/span>\n\t\t\t\t\t\t\t<span class='e-n-accordion-item-title-icon'>\n\t\t\t<span class='e-opened' ><svg aria-hidden=\"true\" class=\"e-font-icon-svg e-fas-minus\" viewbox=\"0 0 448 512\" xmlns=\"http:\/\/www.w3.org\/2000\/svg\"><path d=\"M416 208H32c-17.67 0-32 14.33-32 32v32c0 17.67 14.33 32 32 32h384c17.67 0 32-14.33 32-32v-32c0-17.67-14.33-32-32-32z\"><\/path><\/svg><\/span>\n\t\t\t<span class='e-closed'><svg aria-hidden=\"true\" class=\"e-font-icon-svg e-fas-plus\" viewbox=\"0 0 448 512\" xmlns=\"http:\/\/www.w3.org\/2000\/svg\"><path d=\"M416 208H272V64c0-17.67-14.33-32-32-32h-32c-17.67 0-32 14.33-32 32v144H32c-17.67 0-32 14.33-32 32v32c0 17.67 14.33 32 32 32h144v144c0 17.67 14.33 32 32 32h32c17.67 0 32-14.33 32-32V304h144c17.67 0 32-14.33 32-32v-32c0-17.67-14.33-32-32-32z\"><\/path><\/svg><\/span>\n\t\t<\/span>\n\n\t\t\t\t\t\t<\/summary>\n\t\t\t\t<div role=\"region\" aria-labelledby=\"e-n-accordion-item-1150\" class=\"elementor-element elementor-element-0ba0998 e-con-full e-flex e-con e-child\" data-id=\"0ba0998\" data-element_type=\"container\" data-e-type=\"container\">\r\n\t\t<div role=\"region\" aria-labelledby=\"e-n-accordion-item-1150\" class=\"elementor-element elementor-element-8a20172 e-con-full e-flex e-con e-child\" data-id=\"8a20172\" data-element_type=\"container\" data-e-type=\"container\">\r\n\t\t\t\t<div class=\"elementor-element elementor-element-dfeda98 elementor-widget elementor-widget-text-editor\" data-id=\"dfeda98\" data-element_type=\"widget\" data-e-type=\"widget\" data-widget_type=\"text-editor.default\">\n\t\t\t\t<div class=\"elementor-widget-container\">\n\t\t\t\t\t\t\t\t\t<p>\u00a0<\/p><ul><li>Renforcer l'esprit d'\u00e9quipe et promouvoir une plus grande int\u00e9gration entre les employ\u00e9s, en alignant le comportement sur les principes et les valeurs de l'organisation.<\/li><li>Encourager la coop\u00e9ration, la communication et la capacit\u00e9 \u00e0 r\u00e9soudre les probl\u00e8mes ensemble.<\/li><li>D\u00e9velopper la conscience comportementale par le biais du DISC, favoriser la connaissance de soi et am\u00e9liorer les interactions quotidiennes.<\/li><li>Cr\u00e9ez un moment d'\u00e9nergie collective qui renforce les relations, accro\u00eet la motivation et cr\u00e9e un engagement pour les d\u00e9fis \u00e0 venir.<\/li><\/ul>\t\t\t\t\t\t\t\t<\/div>\n\t\t\t\t<\/div>\n\t\t\t\t<\/div>\n\t\t\t\t<\/div>\n\t\t\t\t\t<\/details>\n\t\t\t\t\t\t<details id=\"e-n-accordion-item-1151\" class=\"e-n-accordion-item\" >\n\t\t\t\t<summary class=\"e-n-accordion-item-title\" data-accordion-index=\"2\" tabindex=\"-1\" aria-expanded=\"false\" aria-controls=\"e-n-accordion-item-1151\" >\n\t\t\t\t\t<span class='e-n-accordion-item-title-header'><div class=\"e-n-accordion-item-title-text\"> 2. LA SOLUTION <\/div><\/span>\n\t\t\t\t\t\t\t<span class='e-n-accordion-item-title-icon'>\n\t\t\t<span class='e-opened' ><svg aria-hidden=\"true\" class=\"e-font-icon-svg e-fas-minus\" viewbox=\"0 0 448 512\" xmlns=\"http:\/\/www.w3.org\/2000\/svg\"><path d=\"M416 208H32c-17.67 0-32 14.33-32 32v32c0 17.67 14.33 32 32 32h384c17.67 0 32-14.33 32-32v-32c0-17.67-14.33-32-32-32z\"><\/path><\/svg><\/span>\n\t\t\t<span class='e-closed'><svg aria-hidden=\"true\" class=\"e-font-icon-svg e-fas-plus\" viewbox=\"0 0 448 512\" xmlns=\"http:\/\/www.w3.org\/2000\/svg\"><path d=\"M416 208H272V64c0-17.67-14.33-32-32-32h-32c-17.67 0-32 14.33-32 32v144H32c-17.67 0-32 14.33-32 32v32c0 17.67 14.33 32 32 32h144v144c0 17.67 14.33 32 32 32h32c17.67 0 32-14.33 32-32V304h144c17.67 0 32-14.33 32-32v-32c0-17.67-14.33-32-32-32z\"><\/path><\/svg><\/span>\n\t\t<\/span>\n\n\t\t\t\t\t\t<\/summary>\n\t\t\t\t<div role=\"region\" aria-labelledby=\"e-n-accordion-item-1151\" class=\"elementor-element elementor-element-0d2ebad e-con-full e-flex e-con e-child\" data-id=\"0d2ebad\" data-element_type=\"container\" data-e-type=\"container\">\r\n\t\t<div role=\"region\" aria-labelledby=\"e-n-accordion-item-1151\" class=\"elementor-element elementor-element-d1077ad e-con-full e-flex e-con e-child\" data-id=\"d1077ad\" data-element_type=\"container\" data-e-type=\"container\">\r\n\t\t\t\t<div class=\"elementor-element elementor-element-e471c7f elementor-widget elementor-widget-text-editor\" data-id=\"e471c7f\" data-element_type=\"widget\" data-e-type=\"widget\" data-widget_type=\"text-editor.default\">\n\t\t\t\t<div class=\"elementor-widget-container\">\n\t\t\t\t\t\t\t\t\t<p>\u00a0<\/p><p style=\"text-align: center;\">Constitution d'une \u00e9quipe sur la base de <strong>Apprentissage par l'exp\u00e9rience<\/strong>, avec 4 options d'activit\u00e9s hautement immersives :<\/p><p>\u00a0<\/p><ul><li><strong>NOUS CUISINONS ENSEMBLE<\/strong> - Team Cook : collaboration, organisation, leadership et partage \u00e0 travers la cr\u00e9ation d'un repas commun.<\/li><li><strong>ENSEMBLE, NOUS Y PARVENONS<\/strong> - Activit\u00e9 Goldberg : construction collaborative d'une machine \u00e0 effet domino, renfor\u00e7ant l'alignement, la concentration et l'interd\u00e9pendance.<\/li><li><strong>ENSEMBLE NOUS GAGNONS<\/strong> - Taskmaster : d\u00e9fis courts et comp\u00e9titifs, encourageant la rapidit\u00e9, la strat\u00e9gie, la prise de d\u00e9cision et le travail sous pression.<\/li><li><strong>ENSEMBLE, NOUS ROCKONS<\/strong> - Team Music : cr\u00e9ation d'une chanson originale, travail sur la cr\u00e9ativit\u00e9, la coordination, la communication et l'expression collective.<\/li><\/ul>\t\t\t\t\t\t\t\t<\/div>\n\t\t\t\t<\/div>\n\t\t\t\t<\/div>\n\t\t\t\t<\/div>\n\t\t\t\t\t<\/details>\n\t\t\t\t\t\t<details id=\"e-n-accordion-item-1152\" class=\"e-n-accordion-item\" >\n\t\t\t\t<summary class=\"e-n-accordion-item-title\" data-accordion-index=\"3\" tabindex=\"-1\" aria-expanded=\"false\" aria-controls=\"e-n-accordion-item-1152\" >\n\t\t\t\t\t<span class='e-n-accordion-item-title-header'><div class=\"e-n-accordion-item-title-text\"> 3. MISE EN \u0152UVRE <\/div><\/span>\n\t\t\t\t\t\t\t<span class='e-n-accordion-item-title-icon'>\n\t\t\t<span class='e-opened' ><svg aria-hidden=\"true\" class=\"e-font-icon-svg e-fas-minus\" viewbox=\"0 0 448 512\" xmlns=\"http:\/\/www.w3.org\/2000\/svg\"><path d=\"M416 208H32c-17.67 0-32 14.33-32 32v32c0 17.67 14.33 32 32 32h384c17.67 0 32-14.33 32-32v-32c0-17.67-14.33-32-32-32z\"><\/path><\/svg><\/span>\n\t\t\t<span class='e-closed'><svg aria-hidden=\"true\" class=\"e-font-icon-svg e-fas-plus\" viewbox=\"0 0 448 512\" xmlns=\"http:\/\/www.w3.org\/2000\/svg\"><path d=\"M416 208H272V64c0-17.67-14.33-32-32-32h-32c-17.67 0-32 14.33-32 32v144H32c-17.67 0-32 14.33-32 32v32c0 17.67 14.33 32 32 32h144v144c0 17.67 14.33 32 32 32h32c17.67 0 32-14.33 32-32V304h144c17.67 0 32-14.33 32-32v-32c0-17.67-14.33-32-32-32z\"><\/path><\/svg><\/span>\n\t\t<\/span>\n\n\t\t\t\t\t\t<\/summary>\n\t\t\t\t<div role=\"region\" aria-labelledby=\"e-n-accordion-item-1152\" class=\"elementor-element elementor-element-c5e6e18 e-con-full e-flex e-con e-child\" data-id=\"c5e6e18\" data-element_type=\"container\" data-e-type=\"container\">\r\n\t\t<div role=\"region\" aria-labelledby=\"e-n-accordion-item-1152\" class=\"elementor-element elementor-element-20a4101 e-con-full e-flex e-con e-child\" data-id=\"20a4101\" data-element_type=\"container\" data-e-type=\"container\">\r\n\t\t\t\t<div class=\"elementor-element elementor-element-db837b7 elementor-widget elementor-widget-text-editor\" data-id=\"db837b7\" data-element_type=\"widget\" data-e-type=\"widget\" data-widget_type=\"text-editor.default\">\n\t\t\t\t<div class=\"elementor-widget-container\">\n\t\t\t\t\t\t\t\t\t<p>\u00a0<\/p><p style=\"text-align: center;\"><strong>D\u00e9fi initial - DISC (\u00e9chauffement)<\/strong><\/p><ul><li>Envoy\u00e9e 1 semaine avant l'\u00e9v\u00e9nement, avec un teaser et une invitation \u00e0 r\u00e9pondre au DISC.<\/li><li>Profils comportementaux pr\u00e9sent\u00e9s lors du d\u00e9briefing afin de sensibiliser les participants et d'am\u00e9liorer la communication et la collaboration.<\/li><\/ul>\t\t\t\t\t\t\t\t<\/div>\n\t\t\t\t<\/div>\n\t\t\t\t<\/div>\n\t\t<div role=\"region\" aria-labelledby=\"e-n-accordion-item-1152\" class=\"elementor-element elementor-element-3cad7c3 e-con-full e-flex e-con e-child\" data-id=\"3cad7c3\" data-element_type=\"container\" data-e-type=\"container\">\r\n\t\t\t\t<div class=\"elementor-element elementor-element-b9809ad elementor-widget elementor-widget-text-editor\" data-id=\"b9809ad\" data-element_type=\"widget\" data-e-type=\"widget\" data-widget_type=\"text-editor.default\">\n\t\t\t\t<div class=\"elementor-widget-container\">\n\t\t\t\t\t\t\t\t\t<p>\u00a0<\/p><p style=\"text-align: center;\"><strong>Ouverture et briefing<\/strong><\/p><p>\u00a0<\/p><ul><li>Explication de l'objectif global, de l'organisation par \u00e9quipes et du lien avec les principes de l'entreprise.<\/li><li>Identification des comportements souhait\u00e9s pour chaque \u00e9quipe<\/li><\/ul>\t\t\t\t\t\t\t\t<\/div>\n\t\t\t\t<\/div>\n\t\t\t\t<\/div>\n\t\t<div role=\"region\" aria-labelledby=\"e-n-accordion-item-1152\" class=\"elementor-element elementor-element-ef49891 e-con-full e-flex e-con e-child\" data-id=\"ef49891\" data-element_type=\"container\" data-e-type=\"container\">\r\n\t\t\t\t<div class=\"elementor-element elementor-element-0a23236 elementor-widget elementor-widget-text-editor\" data-id=\"0a23236\" data-element_type=\"widget\" data-e-type=\"widget\" data-widget_type=\"text-editor.default\">\n\t\t\t\t<div class=\"elementor-widget-container\">\n\t\t\t\t\t\t\t\t\t<p>\u00a0<\/p><p style=\"text-align: center;\"><strong>Activit\u00e9 exp\u00e9rimentale<\/strong><\/p><ul><li>L'\u00e9quipe se consacre au d\u00e9fi choisi (cuisine, construction, comp\u00e9tition ou cr\u00e9ation musicale).<\/li><li>Partage, n\u00e9gociation, cr\u00e9ativit\u00e9 et r\u00e9solution conjointe de probl\u00e8mes.<\/li><\/ul>\t\t\t\t\t\t\t\t<\/div>\n\t\t\t\t<\/div>\n\t\t\t\t<\/div>\n\t\t<div role=\"region\" aria-labelledby=\"e-n-accordion-item-1152\" class=\"elementor-element elementor-element-38fcc7e e-con-full e-flex e-con e-child\" data-id=\"38fcc7e\" data-element_type=\"container\" data-e-type=\"container\">\r\n\t\t\t\t<div class=\"elementor-element elementor-element-a795b8e elementor-widget elementor-widget-text-editor\" data-id=\"a795b8e\" data-element_type=\"widget\" data-e-type=\"widget\" data-widget_type=\"text-editor.default\">\n\t\t\t\t<div class=\"elementor-widget-container\">\n\t\t\t\t\t\t\t\t\t<p>\u00a0<\/p><p style=\"text-align: center;\"><strong>Atelier de d\u00e9briefing<\/strong><\/p><ul><li>Tableaux th\u00e9matiques associ\u00e9s aux profils DISC.<\/li><li>Rotation des \u00e9quipes pour recueillir des informations, des r\u00e9flexions et des apprentissages crois\u00e9s.<\/li><li>Identifier les parall\u00e8les entre l'activit\u00e9 et la vie quotidienne de l'entreprise.<\/li><li>Renforcer l'engagement des individus et des \u00e9quipes \u00e0 \u201cpenser l'avenir\u201d.<\/li><\/ul>\t\t\t\t\t\t\t\t<\/div>\n\t\t\t\t<\/div>\n\t\t\t\t<\/div>\n\t\t\t\t<\/div>\n\t\t\t\t\t<\/details>\n\t\t\t\t\t\t<details id=\"e-n-accordion-item-1153\" class=\"e-n-accordion-item\" >\n\t\t\t\t<summary class=\"e-n-accordion-item-title\" data-accordion-index=\"4\" tabindex=\"-1\" aria-expanded=\"false\" aria-controls=\"e-n-accordion-item-1153\" >\n\t\t\t\t\t<span class='e-n-accordion-item-title-header'><div class=\"e-n-accordion-item-title-text\"> 4. LES R\u00c9SULTATS <\/div><\/span>\n\t\t\t\t\t\t\t<span class='e-n-accordion-item-title-icon'>\n\t\t\t<span class='e-opened' ><svg aria-hidden=\"true\" class=\"e-font-icon-svg e-fas-minus\" viewbox=\"0 0 448 512\" xmlns=\"http:\/\/www.w3.org\/2000\/svg\"><path d=\"M416 208H32c-17.67 0-32 14.33-32 32v32c0 17.67 14.33 32 32 32h384c17.67 0 32-14.33 32-32v-32c0-17.67-14.33-32-32-32z\"><\/path><\/svg><\/span>\n\t\t\t<span class='e-closed'><svg aria-hidden=\"true\" class=\"e-font-icon-svg e-fas-plus\" viewbox=\"0 0 448 512\" xmlns=\"http:\/\/www.w3.org\/2000\/svg\"><path d=\"M416 208H272V64c0-17.67-14.33-32-32-32h-32c-17.67 0-32 14.33-32 32v144H32c-17.67 0-32 14.33-32 32v32c0 17.67 14.33 32 32 32h144v144c0 17.67 14.33 32 32 32h32c17.67 0 32-14.33 32-32V304h144c17.67 0 32-14.33 32-32v-32c0-17.67-14.33-32-32-32z\"><\/path><\/svg><\/span>\n\t\t<\/span>\n\n\t\t\t\t\t\t<\/summary>\n\t\t\t\t<div role=\"region\" aria-labelledby=\"e-n-accordion-item-1153\" class=\"elementor-element elementor-element-d4032d0 e-flex e-con-boxed e-con e-child\" data-id=\"d4032d0\" data-element_type=\"container\" data-e-type=\"container\">\r\n\t\t\t\t\t<div class=\"e-con-inner\">\r\n\t\t<div role=\"region\" aria-labelledby=\"e-n-accordion-item-1153\" class=\"elementor-element elementor-element-410d0e3 e-con-full e-flex e-con e-child\" data-id=\"410d0e3\" data-element_type=\"container\" data-e-type=\"container\">\r\n\t\t\t\t<div class=\"elementor-element elementor-element-8a39b59 elementor-widget elementor-widget-text-editor\" data-id=\"8a39b59\" data-element_type=\"widget\" data-e-type=\"widget\" data-widget_type=\"text-editor.default\">\n\t\t\t\t<div class=\"elementor-widget-container\">\n\t\t\t\t\t\t\t\t\t<p>\u00a0<\/p><ul><li>Augmentation significative des <strong>l'interaction et la coh\u00e9sion<\/strong> entre les employ\u00e9s.<\/li><li>Am\u00e9lioration <strong>communication<\/strong> et la capacit\u00e9 de <strong>r\u00e9soudre les probl\u00e8mes ensemble.<\/strong><\/li><li>Une meilleure connaissance du comportement gr\u00e2ce \u00e0 l'int\u00e9gration des \u00e9l\u00e9ments suivants <strong>DISC<\/strong>.<\/li><li>Renforcement <strong>principes et valeurs de l'organisation<\/strong> par le biais de m\u00e9taphores pratiques et exp\u00e9riment\u00e9es.<\/li><li><strong>Des \u00e9quipes plus motiv\u00e9es, mieux align\u00e9es et plus \u00e9nergiques<\/strong> pour les d\u00e9fis du lendemain.<\/li><\/ul><p>\u00a0<\/p>\t\t\t\t\t\t\t\t<\/div>\n\t\t\t\t<\/div>\n\t\t\t\t<\/div>\n\t\t\t\t\t<\/div>\n\t\t\t\t<\/div>\n\t\t\t\t\t<\/details>\n\t\t\t\t\t\t<details id=\"e-n-accordion-item-1154\" class=\"e-n-accordion-item\" >\n\t\t\t\t<summary class=\"e-n-accordion-item-title\" data-accordion-index=\"5\" tabindex=\"-1\" aria-expanded=\"false\" aria-controls=\"e-n-accordion-item-1154\" >\n\t\t\t\t\t<span class='e-n-accordion-item-title-header'><div class=\"e-n-accordion-item-title-text\"> 5. FACTEURS CL\u00c9S DE SUCC\u00c8S <\/div><\/span>\n\t\t\t\t\t\t\t<span class='e-n-accordion-item-title-icon'>\n\t\t\t<span class='e-opened' ><svg aria-hidden=\"true\" class=\"e-font-icon-svg e-fas-minus\" viewbox=\"0 0 448 512\" xmlns=\"http:\/\/www.w3.org\/2000\/svg\"><path d=\"M416 208H32c-17.67 0-32 14.33-32 32v32c0 17.67 14.33 32 32 32h384c17.67 0 32-14.33 32-32v-32c0-17.67-14.33-32-32-32z\"><\/path><\/svg><\/span>\n\t\t\t<span class='e-closed'><svg aria-hidden=\"true\" class=\"e-font-icon-svg e-fas-plus\" viewbox=\"0 0 448 512\" xmlns=\"http:\/\/www.w3.org\/2000\/svg\"><path d=\"M416 208H272V64c0-17.67-14.33-32-32-32h-32c-17.67 0-32 14.33-32 32v144H32c-17.67 0-32 14.33-32 32v32c0 17.67 14.33 32 32 32h144v144c0 17.67 14.33 32 32 32h32c17.67 0 32-14.33 32-32V304h144c17.67 0 32-14.33 32-32v-32c0-17.67-14.33-32-32-32z\"><\/path><\/svg><\/span>\n\t\t<\/span>\n\n\t\t\t\t\t\t<\/summary>\n\t\t\t\t<div role=\"region\" aria-labelledby=\"e-n-accordion-item-1154\" class=\"elementor-element elementor-element-f44d30a e-flex e-con-boxed e-con e-child\" data-id=\"f44d30a\" data-element_type=\"container\" data-e-type=\"container\">\r\n\t\t\t\t\t<div class=\"e-con-inner\">\r\n\t\t<div role=\"region\" aria-labelledby=\"e-n-accordion-item-1154\" class=\"elementor-element elementor-element-55dbd13 e-con-full e-flex e-con e-child\" data-id=\"55dbd13\" data-element_type=\"container\" data-e-type=\"container\">\r\n\t\t\t\t<div class=\"elementor-element elementor-element-a698a8c elementor-widget elementor-widget-text-editor\" data-id=\"a698a8c\" data-element_type=\"widget\" data-e-type=\"widget\" data-widget_type=\"text-editor.default\">\n\t\t\t\t<div class=\"elementor-widget-container\">\n\t\t\t\t\t\t\t\t\t<p>\u00a0<\/p><ul><li>M\u00e9thodologie <strong>Apprentissage par l'exp\u00e9rience<\/strong>, Cela garantit une implication totale et un apprentissage pratique.<\/li><li><strong>Int\u00e9gration intelligente du DISC<\/strong> pour renforcer la connaissance de soi et am\u00e9liorer les relations.<\/li><li><strong>D\u00e9briefing structur\u00e9,<\/strong> faciliter une r\u00e9flexion approfondie et un transfert dans le contexte r\u00e9el.<\/li><li>Lien direct avec les principes du client, renfor\u00e7ant la culture de l'entreprise.<\/li><li>Flexibilit\u00e9 avec <strong>4 activit\u00e9s diff\u00e9rentes<\/strong>, Ils peuvent \u00eatre adapt\u00e9s \u00e0 la dynamique et au profil du groupe.<\/li><li>Une \u00e9quipe de consultants exp\u00e9riment\u00e9s, garantissant la s\u00e9curit\u00e9, l'orientation et l'impact p\u00e9dagogique.<\/li><\/ul>\t\t\t\t\t\t\t\t<\/div>\n\t\t\t\t<\/div>\n\t\t\t\t<\/div>\n\t\t\t\t\t<\/div>\n\t\t\t\t<\/div>\n\t\t\t\t\t<\/details>\n\t\t\t\t\t<\/div>\n\t\t\t\t\t\t<\/div>\n\t\t\t\t<\/div>\n\t\t\t\t<\/div>\n\t\t<div class=\"elementor-element elementor-element-974c2be e-con-full e-flex e-con e-parent\" data-id=\"974c2be\" data-element_type=\"container\" data-e-type=\"container\">\r\n\t\t<div class=\"elementor-element elementor-element-ff7f19f e-con-full e-flex e-con e-child\" data-id=\"ff7f19f\" data-element_type=\"container\" data-e-type=\"container\">\r\n\t\t\t\t<div class=\"elementor-element elementor-element-e71b92a elementor-widget elementor-widget-spacer\" data-id=\"e71b92a\" data-element_type=\"widget\" data-e-type=\"widget\" data-widget_type=\"spacer.default\">\n\t\t\t\t<div class=\"elementor-widget-container\">\n\t\t\t\t\t\t\t<div class=\"elementor-spacer\">\n\t\t\t<div class=\"elementor-spacer-inner\"><\/div>\n\t\t<\/div>\n\t\t\t\t\t\t<\/div>\n\t\t\t\t<\/div>\n\t\t\t\t<\/div>\n\t\t\t\t<\/div>\n\t\t<div class=\"elementor-element elementor-element-f940b5b e-con-full e-flex e-con e-parent\" data-id=\"f940b5b\" data-element_type=\"container\" data-e-type=\"container\">\r\n\t\t\t\t<div class=\"elementor-element elementor-element-44792f7 elementor-widget elementor-widget-porto_button\" data-id=\"44792f7\" data-element_type=\"widget\" data-e-type=\"widget\" data-settings=\"{&quot;align&quot;:&quot;center&quot;}\" data-widget_type=\"porto_button.default\">\n\t\t\t\t<div class=\"elementor-widget-container\">\n\t\t\t\t\t<a class=\"btn btn-md btn-primary\" href=\"https:\/\/oportofortegroup.com\/fr\/contacts\/\"><span >Je veux en savoir plus<\/span><\/a>\t\t\t\t<\/div>\n\t\t\t\t<\/div>\n\t\t\t\t<\/div>\n\t\t\t\t<\/div>","protected":false},"excerpt":{"rendered":"<p>Projeto desenvolvido para cliente de refer\u00eancia\u00a0 1. O DESAFIO \/ NECESSIDADE DO CLIENTE \u00a0 Refor\u00e7ar o esp\u00edrito de equipa e promover maior integra\u00e7\u00e3o entre colaboradores, alinhando comportamentos com os princ\u00edpios e valores da organiza\u00e7\u00e3o. Estimular coopera\u00e7\u00e3o, comunica\u00e7\u00e3o e capacidade de resolu\u00e7\u00e3o conjunta de desafios. Desenvolver consci\u00eancia comportamental atrav\u00e9s do DISC, favorecendo autoconhecimento e melhoria das [&hellip;]<\/p>\n","protected":false},"author":2,"featured_media":0,"parent":0,"menu_order":0,"comment_status":"closed","ping_status":"closed","template":"","meta":{"_acf_changed":false,"footnotes":""},"class_list":["post-14427","page","type-page","status-publish","hentry"],"acf":[],"_links":{"self":[{"href":"https:\/\/oportofortegroup.com\/fr\/wp-json\/wp\/v2\/pages\/14427","targetHints":{"allow":["GET"]}}],"collection":[{"href":"https:\/\/oportofortegroup.com\/fr\/wp-json\/wp\/v2\/pages"}],"about":[{"href":"https:\/\/oportofortegroup.com\/fr\/wp-json\/wp\/v2\/types\/page"}],"author":[{"embeddable":true,"href":"https:\/\/oportofortegroup.com\/fr\/wp-json\/wp\/v2\/users\/2"}],"replies":[{"embeddable":true,"href":"https:\/\/oportofortegroup.com\/fr\/wp-json\/wp\/v2\/comments?post=14427"}],"version-history":[{"count":17,"href":"https:\/\/oportofortegroup.com\/fr\/wp-json\/wp\/v2\/pages\/14427\/revisions"}],"predecessor-version":[{"id":16053,"href":"https:\/\/oportofortegroup.com\/fr\/wp-json\/wp\/v2\/pages\/14427\/revisions\/16053"}],"wp:attachment":[{"href":"https:\/\/oportofortegroup.com\/fr\/wp-json\/wp\/v2\/media?parent=14427"}],"curies":[{"name":"wp","href":"https:\/\/api.w.org\/{rel}","templated":true}]}}