{"id":14417,"date":"2026-01-07T13:14:23","date_gmt":"2026-01-07T13:14:23","guid":{"rendered":"https:\/\/oportofortegroup.com\/?page_id=14417"},"modified":"2026-03-19T12:22:13","modified_gmt":"2026-03-19T12:22:13","slug":"peopleinmotion-leadership","status":"publish","type":"page","link":"https:\/\/oportofortegroup.com\/fr\/peopleinmotion-lideranca\/","title":{"rendered":"PERSONNES EN MOTION"},"content":{"rendered":"<div data-elementor-type=\"wp-page\" data-elementor-id=\"14417\" class=\"elementor elementor-14417\">\n\t\t\t\t<div data-plugin-parallax=\"\" data-plugin-options=\"{&quot;speed&quot;: 1.3}\" data-image-src=\"https:\/\/oportofortegroup.com\/wp-content\/uploads\/2026\/01\/Blog-2023-Novo-50-scaled.png\" data-parallax-scale=\"invert\" class=\"porto_stretch_css stretch_row_css elementor-element elementor-element-2b8cb37 e-con-full e-flex e-con e-parent\" data-id=\"2b8cb37\" data-element_type=\"container\" data-e-type=\"container\" data-settings=\"{&quot;background_background&quot;:&quot;classic&quot;}\">\r\n\t\t\t\t<\/div>\n\t\t<div class=\"elementor-element elementor-element-165cf6f e-con-full e-flex e-con e-parent\" data-id=\"165cf6f\" data-element_type=\"container\" data-e-type=\"container\">\r\n\t\t\t\t<div class=\"elementor-element elementor-element-68f73f9 elementor-widget elementor-widget-spacer\" data-id=\"68f73f9\" data-element_type=\"widget\" data-e-type=\"widget\" data-widget_type=\"spacer.default\">\n\t\t\t\t<div class=\"elementor-widget-container\">\n\t\t\t\t\t\t\t<div class=\"elementor-spacer\">\n\t\t\t<div class=\"elementor-spacer-inner\"><\/div>\n\t\t<\/div>\n\t\t\t\t\t\t<\/div>\n\t\t\t\t<\/div>\n\t\t\t\t<\/div>\n\t\t<div class=\"elementor-element elementor-element-264a774 e-con-full e-flex e-con e-parent\" data-id=\"264a774\" data-element_type=\"container\" data-e-type=\"container\">\r\n\t\t<div class=\"elementor-element elementor-element-29766f6 e-con-full e-flex e-con e-child\" data-id=\"29766f6\" data-element_type=\"container\" data-e-type=\"container\">\r\n\t\t\t\t<div class=\"elementor-element elementor-element-8bae729 elementor-widget elementor-widget-text-editor\" data-id=\"8bae729\" data-element_type=\"widget\" data-e-type=\"widget\" data-widget_type=\"text-editor.default\">\n\t\t\t\t<div class=\"elementor-widget-container\">\n\t\t\t\t\t\t\t\t\t<h3><strong>Projet d\u00e9velopp\u00e9 pour un client de r\u00e9f\u00e9rence\u00a0<\/strong><\/h3>\t\t\t\t\t\t\t\t<\/div>\n\t\t\t\t<\/div>\n\t\t\t\t<\/div>\n\t\t<div class=\"elementor-element elementor-element-ad5d354 e-con-full e-flex e-con e-child\" data-id=\"ad5d354\" data-element_type=\"container\" data-e-type=\"container\">\r\n\t\t\t\t<div class=\"elementor-element elementor-element-d6778d1 elementor-widget elementor-widget-image\" data-id=\"d6778d1\" data-element_type=\"widget\" data-e-type=\"widget\" data-widget_type=\"image.default\">\n\t\t\t\t<div class=\"elementor-widget-container\">\n\t\t\t\t\t\t\t\t\t\t\t\t\t\t\t<img fetchpriority=\"high\" decoding=\"async\" width=\"950\" height=\"406\" src=\"https:\/\/oportofortegroup.com\/wp-content\/uploads\/2026\/01\/Blog-2023-Novo-51.png\" class=\"attachment-large size-large wp-image-14430\" alt=\"\" srcset=\"https:\/\/oportofortegroup.com\/wp-content\/uploads\/2026\/01\/Blog-2023-Novo-51.png 950w, https:\/\/oportofortegroup.com\/wp-content\/uploads\/2026\/01\/Blog-2023-Novo-51-768x328.png 768w, https:\/\/oportofortegroup.com\/wp-content\/uploads\/2026\/01\/Blog-2023-Novo-51-640x274.png 640w, https:\/\/oportofortegroup.com\/wp-content\/uploads\/2026\/01\/Blog-2023-Novo-51-400x171.png 400w\" sizes=\"(max-width: 950px) 100vw, 950px\" \/>\t\t\t\t\t\t\t\t\t\t\t\t\t\t\t<\/div>\n\t\t\t\t<\/div>\n\t\t\t\t<\/div>\n\t\t\t\t<\/div>\n\t\t<div class=\"elementor-element elementor-element-ca38f64 e-con-full e-flex e-con e-parent\" data-id=\"ca38f64\" data-element_type=\"container\" data-e-type=\"container\">\r\n\t\t\t\t<div class=\"elementor-element elementor-element-c4e9e61 elementor-widget elementor-widget-spacer\" data-id=\"c4e9e61\" data-element_type=\"widget\" data-e-type=\"widget\" data-widget_type=\"spacer.default\">\n\t\t\t\t<div class=\"elementor-widget-container\">\n\t\t\t\t\t\t\t<div class=\"elementor-spacer\">\n\t\t\t<div class=\"elementor-spacer-inner\"><\/div>\n\t\t<\/div>\n\t\t\t\t\t\t<\/div>\n\t\t\t\t<\/div>\n\t\t\t\t<\/div>\n\t\t<div class=\"elementor-element elementor-element-70f37d5 e-con-full e-flex e-con e-parent\" data-id=\"70f37d5\" data-element_type=\"container\" data-e-type=\"container\">\r\n\t\t\t\t<div class=\"elementor-element elementor-element-6e6dd53 elementor-widget elementor-widget-n-accordion\" data-id=\"6e6dd53\" data-element_type=\"widget\" data-e-type=\"widget\" data-settings=\"{&quot;default_state&quot;:&quot;expanded&quot;,&quot;max_items_expended&quot;:&quot;one&quot;,&quot;n_accordion_animation_duration&quot;:{&quot;unit&quot;:&quot;ms&quot;,&quot;size&quot;:400,&quot;sizes&quot;:[]}}\" data-widget_type=\"nested-accordion.default\">\n\t\t\t\t<div class=\"elementor-widget-container\">\n\t\t\t\t\t\t\t<div class=\"e-n-accordion\" aria-label=\"Accord\u00e9on. Ouvrez les liens avec Enter ou Space, fermez-les avec Escape et naviguez avec les touches fl\u00e9ch\u00e9es.\">\n\t\t\t\t\t\t<details id=\"e-n-accordion-item-1150\" class=\"e-n-accordion-item\" open>\n\t\t\t\t<summary class=\"e-n-accordion-item-title\" data-accordion-index=\"1\" tabindex=\"0\" aria-expanded=\"true\" aria-controls=\"e-n-accordion-item-1150\" >\n\t\t\t\t\t<span class='e-n-accordion-item-title-header'><div class=\"e-n-accordion-item-title-text\"> 1. LE D\u00c9FI \/ LE BESOIN DU CLIENT <\/div><\/span>\n\t\t\t\t\t\t\t<span class='e-n-accordion-item-title-icon'>\n\t\t\t<span class='e-opened' ><svg aria-hidden=\"true\" class=\"e-font-icon-svg e-fas-minus\" viewbox=\"0 0 448 512\" xmlns=\"http:\/\/www.w3.org\/2000\/svg\"><path d=\"M416 208H32c-17.67 0-32 14.33-32 32v32c0 17.67 14.33 32 32 32h384c17.67 0 32-14.33 32-32v-32c0-17.67-14.33-32-32-32z\"><\/path><\/svg><\/span>\n\t\t\t<span class='e-closed'><svg aria-hidden=\"true\" class=\"e-font-icon-svg e-fas-plus\" viewbox=\"0 0 448 512\" xmlns=\"http:\/\/www.w3.org\/2000\/svg\"><path d=\"M416 208H272V64c0-17.67-14.33-32-32-32h-32c-17.67 0-32 14.33-32 32v144H32c-17.67 0-32 14.33-32 32v32c0 17.67 14.33 32 32 32h144v144c0 17.67 14.33 32 32 32h32c17.67 0 32-14.33 32-32V304h144c17.67 0 32-14.33 32-32v-32c0-17.67-14.33-32-32-32z\"><\/path><\/svg><\/span>\n\t\t<\/span>\n\n\t\t\t\t\t\t<\/summary>\n\t\t\t\t<div role=\"region\" aria-labelledby=\"e-n-accordion-item-1150\" class=\"elementor-element elementor-element-0ba0998 e-con-full e-flex e-con e-child\" data-id=\"0ba0998\" data-element_type=\"container\" data-e-type=\"container\">\r\n\t\t<div role=\"region\" aria-labelledby=\"e-n-accordion-item-1150\" class=\"elementor-element elementor-element-8a20172 e-con-full e-flex e-con e-child\" data-id=\"8a20172\" data-element_type=\"container\" data-e-type=\"container\">\r\n\t\t\t\t<div class=\"elementor-element elementor-element-dfeda98 elementor-widget elementor-widget-text-editor\" data-id=\"dfeda98\" data-element_type=\"widget\" data-e-type=\"widget\" data-widget_type=\"text-editor.default\">\n\t\t\t\t<div class=\"elementor-widget-container\">\n\t\t\t\t\t\t\t\t\t<p>\u00a0<\/p><ul><li>D\u00e9velopper les comp\u00e9tences comportementales essentielles dans deux groupes distincts - <strong>Soutien de ligne<\/strong> e <strong>Chefs de file<\/strong>.<\/li><li>Am\u00e9liorer <strong>efficacit\u00e9 personnelle, \u00e9motionnelle et de communication<\/strong> les employ\u00e9s, en renfor\u00e7ant la r\u00e9silience et la concentration.<\/li><li>Cr\u00e9er une plus grande coh\u00e9rence dans la performance quotidienne, en renfor\u00e7ant <strong>la productivit\u00e9, la prise de d\u00e9cision et les habitudes de travail<\/strong><\/li><li>Promouvoir la collaboration entre les fonctions, <strong>r\u00e9duire les conflits op\u00e9rationnels<\/strong> et d'am\u00e9liorer l'alignement et l'efficacit\u00e9 de l'\u00e9quipe.<\/li><li>Augmentation <strong>autonomisation<\/strong> et la maturit\u00e9 relationnelle au sein de l'op\u00e9ration.<\/li><\/ul><p>\u00a0<\/p>\t\t\t\t\t\t\t\t<\/div>\n\t\t\t\t<\/div>\n\t\t\t\t<\/div>\n\t\t\t\t<\/div>\n\t\t\t\t\t<\/details>\n\t\t\t\t\t\t<details id=\"e-n-accordion-item-1151\" class=\"e-n-accordion-item\" >\n\t\t\t\t<summary class=\"e-n-accordion-item-title\" data-accordion-index=\"2\" tabindex=\"-1\" aria-expanded=\"false\" aria-controls=\"e-n-accordion-item-1151\" >\n\t\t\t\t\t<span class='e-n-accordion-item-title-header'><div class=\"e-n-accordion-item-title-text\"> 2. LA SOLUTION <\/div><\/span>\n\t\t\t\t\t\t\t<span class='e-n-accordion-item-title-icon'>\n\t\t\t<span class='e-opened' ><svg aria-hidden=\"true\" class=\"e-font-icon-svg e-fas-minus\" viewbox=\"0 0 448 512\" xmlns=\"http:\/\/www.w3.org\/2000\/svg\"><path d=\"M416 208H32c-17.67 0-32 14.33-32 32v32c0 17.67 14.33 32 32 32h384c17.67 0 32-14.33 32-32v-32c0-17.67-14.33-32-32-32z\"><\/path><\/svg><\/span>\n\t\t\t<span class='e-closed'><svg aria-hidden=\"true\" class=\"e-font-icon-svg e-fas-plus\" viewbox=\"0 0 448 512\" xmlns=\"http:\/\/www.w3.org\/2000\/svg\"><path d=\"M416 208H272V64c0-17.67-14.33-32-32-32h-32c-17.67 0-32 14.33-32 32v144H32c-17.67 0-32 14.33-32 32v32c0 17.67 14.33 32 32 32h144v144c0 17.67 14.33 32 32 32h32c17.67 0 32-14.33 32-32V304h144c17.67 0 32-14.33 32-32v-32c0-17.67-14.33-32-32-32z\"><\/path><\/svg><\/span>\n\t\t<\/span>\n\n\t\t\t\t\t\t<\/summary>\n\t\t\t\t<div role=\"region\" aria-labelledby=\"e-n-accordion-item-1151\" class=\"elementor-element elementor-element-0d2ebad e-con-full e-flex e-con e-child\" data-id=\"0d2ebad\" data-element_type=\"container\" data-e-type=\"container\">\r\n\t\t<div role=\"region\" aria-labelledby=\"e-n-accordion-item-1151\" class=\"elementor-element elementor-element-c678683 e-con-full e-flex e-con e-child\" data-id=\"c678683\" data-element_type=\"container\" data-e-type=\"container\">\r\n\t\t\t\t<div class=\"elementor-element elementor-element-5d4ff50 elementor-widget elementor-widget-text-editor\" data-id=\"5d4ff50\" data-element_type=\"widget\" data-e-type=\"widget\" data-widget_type=\"text-editor.default\">\n\t\t\t\t<div class=\"elementor-widget-container\">\n\t\t\t\t\t\t\t\t\t<p>\u00a0<\/p><p style=\"text-align: center;\"><strong>PERSONNES EN MOTION<\/strong>Un programme de d\u00e9veloppement int\u00e9gr\u00e9, structur\u00e9 autour de 3 axes compl\u00e9mentaires :<\/p><p>\u00a0<\/p><ul><li><strong>MEinMOTION<\/strong> - Efficacit\u00e9 personnelle et \u00e9motionnelle : connaissance de soi, \u00e9tat d'esprit de croissance, gestion des \u00e9motions, concentration positive et r\u00e9silience.<\/li><li><strong>PLUSdansMOTION<\/strong> - Performance et productivit\u00e9 :<ul><li>Pour <strong>Soutien de ligne<\/strong>Sessions d'\u00e9valuation et de d\u00e9veloppement, avec exercices de comp\u00e9tences, tests de situation, dynamique de groupe et rapports DISC.<\/li><li>Pour <strong>Chefs de file<\/strong>Atelier sur la productivit\u00e9 et la gestion efficace du temps, les habitudes et les outils de performance.<\/li><\/ul><\/li><li><strong>WEinMOTION<\/strong> - Autonomisation et efficacit\u00e9 de l'\u00e9quipe : Session de jeu de 8 heures avec dynamique de gamification, explorant les C's des \u00e9quipes de haute performance, la gestion des conflits, les profils comportementaux et la collaboration efficace.<\/li><\/ul><p style=\"text-align: center;\">Format de l'intervention :<\/p><p>\u00a0<\/p><ul><li style=\"text-align: left;\"><strong>DISC comme StartUp<\/strong>, Le syst\u00e8me de gestion de l'information de l'Union europ\u00e9enne permet de garantir un diagnostic individuel des pr\u00e9f\u00e9rences en mati\u00e8re de comportement et de communication.<\/li><li><strong>Formation, \u00e9valuation et gamification<\/strong>, et adapt\u00e9e aux deux publics.<\/li><li>Parcours modulaire et progressif, favorisant l'\u00e9volution de l'individu \u2192 performance \u2192 \u00e9quipe.<\/li><\/ul><p>\u00a0<\/p>\t\t\t\t\t\t\t\t<\/div>\n\t\t\t\t<\/div>\n\t\t\t\t<\/div>\n\t\t\t\t<\/div>\n\t\t\t\t\t<\/details>\n\t\t\t\t\t\t<details id=\"e-n-accordion-item-1152\" class=\"e-n-accordion-item\" >\n\t\t\t\t<summary class=\"e-n-accordion-item-title\" data-accordion-index=\"3\" tabindex=\"-1\" aria-expanded=\"false\" aria-controls=\"e-n-accordion-item-1152\" >\n\t\t\t\t\t<span class='e-n-accordion-item-title-header'><div class=\"e-n-accordion-item-title-text\"> 3. MISE EN \u0152UVRE <\/div><\/span>\n\t\t\t\t\t\t\t<span class='e-n-accordion-item-title-icon'>\n\t\t\t<span class='e-opened' ><svg aria-hidden=\"true\" class=\"e-font-icon-svg e-fas-minus\" viewbox=\"0 0 448 512\" xmlns=\"http:\/\/www.w3.org\/2000\/svg\"><path d=\"M416 208H32c-17.67 0-32 14.33-32 32v32c0 17.67 14.33 32 32 32h384c17.67 0 32-14.33 32-32v-32c0-17.67-14.33-32-32-32z\"><\/path><\/svg><\/span>\n\t\t\t<span class='e-closed'><svg aria-hidden=\"true\" class=\"e-font-icon-svg e-fas-plus\" viewbox=\"0 0 448 512\" xmlns=\"http:\/\/www.w3.org\/2000\/svg\"><path d=\"M416 208H272V64c0-17.67-14.33-32-32-32h-32c-17.67 0-32 14.33-32 32v144H32c-17.67 0-32 14.33-32 32v32c0 17.67 14.33 32 32 32h144v144c0 17.67 14.33 32 32 32h32c17.67 0 32-14.33 32-32V304h144c17.67 0 32-14.33 32-32v-32c0-17.67-14.33-32-32-32z\"><\/path><\/svg><\/span>\n\t\t<\/span>\n\n\t\t\t\t\t\t<\/summary>\n\t\t\t\t<div role=\"region\" aria-labelledby=\"e-n-accordion-item-1152\" class=\"elementor-element elementor-element-c5e6e18 e-con-full e-flex e-con e-child\" data-id=\"c5e6e18\" data-element_type=\"container\" data-e-type=\"container\">\r\n\t\t<div role=\"region\" aria-labelledby=\"e-n-accordion-item-1152\" class=\"elementor-element elementor-element-20a4101 e-con-full e-flex e-con e-child\" data-id=\"20a4101\" data-element_type=\"container\" data-e-type=\"container\">\r\n\t\t\t\t<div class=\"elementor-element elementor-element-db837b7 elementor-widget elementor-widget-text-editor\" data-id=\"db837b7\" data-element_type=\"widget\" data-e-type=\"widget\" data-widget_type=\"text-editor.default\">\n\t\t\t\t<div class=\"elementor-widget-container\">\n\t\t\t\t\t\t\t\t\t<p>\u00a0<\/p><p style=\"text-align: center;\"><strong>StartUp - DISC <\/strong><\/p><p>\u00a0<\/p><ul><li style=\"text-align: center;\">Application ant\u00e9rieure du DISC pour \u00e9valuer les profils comportementaux.<\/li><li>Outil utilis\u00e9 tout au long des sessions et au moment de la r\u00e9flexion finale.<\/li><\/ul><p>\u00a0<\/p>\t\t\t\t\t\t\t\t<\/div>\n\t\t\t\t<\/div>\n\t\t\t\t<\/div>\n\t\t<div role=\"region\" aria-labelledby=\"e-n-accordion-item-1152\" class=\"elementor-element elementor-element-645f52e e-con-full e-flex e-con e-child\" data-id=\"645f52e\" data-element_type=\"container\" data-e-type=\"container\">\r\n\t\t\t\t<div class=\"elementor-element elementor-element-4ae55cd elementor-widget elementor-widget-text-editor\" data-id=\"4ae55cd\" data-element_type=\"widget\" data-e-type=\"widget\" data-widget_type=\"text-editor.default\">\n\t\t\t\t<div class=\"elementor-widget-container\">\n\t\t\t\t\t\t\t\t\t<p>\u00a0<\/p><p style=\"text-align: center;\"><strong>MEinMOTION - Atelier sur l'intelligence \u00e9motionnelle et la prise de conscience<\/strong><\/p><p>\u00a0<\/p><ul><li>Session commune pour les responsables hi\u00e9rarchiques et le personnel d'encadrement.<\/li><li>Je travaille sur la connaissance de soi, l'impact sur les autres, la gestion des \u00e9motions et l'\u00e9tat d'esprit de croissance.<\/li><\/ul><p>\u00a0<\/p>\t\t\t\t\t\t\t\t<\/div>\n\t\t\t\t<\/div>\n\t\t\t\t<\/div>\n\t\t<div role=\"region\" aria-labelledby=\"e-n-accordion-item-1152\" class=\"elementor-element elementor-element-9dbf20c e-con-full e-flex e-con e-child\" data-id=\"9dbf20c\" data-element_type=\"container\" data-e-type=\"container\">\r\n\t\t\t\t<div class=\"elementor-element elementor-element-a11d10b elementor-widget elementor-widget-text-editor\" data-id=\"a11d10b\" data-element_type=\"widget\" data-e-type=\"widget\" data-widget_type=\"text-editor.default\">\n\t\t\t\t<div class=\"elementor-widget-container\">\n\t\t\t\t\t\t\t\t\t<p>\u00a0<\/p><p style=\"text-align: center;\"><strong>PLUSdansMOTION<\/strong><\/p><p>\u00a0<\/p><p><strong>Soutien de ligne <\/strong><\/p><ul><li>Sessions d'\u00e9valuation et de d\u00e9veloppement, avec des exercices con\u00e7us pour observer les comp\u00e9tences r\u00e9elles :<ul><li>Tests de situation<\/li><li>Dynamique de groupe<\/li><li>Jeux de d\u00e9cision<\/li><li>Int\u00e9gration du rapport DISC dans l'\u00e9valuation finale.<\/li><\/ul><\/li><\/ul><p><strong>Chefs de file <\/strong><\/p><ul><li>Atelier ax\u00e9 sur la productivit\u00e9, la gestion du temps, l'efficacit\u00e9 op\u00e9rationnelle et le bien-\u00eatre.<\/li><\/ul>\t\t\t\t\t\t\t\t<\/div>\n\t\t\t\t<\/div>\n\t\t\t\t<\/div>\n\t\t<div role=\"region\" aria-labelledby=\"e-n-accordion-item-1152\" class=\"elementor-element elementor-element-3cad7c3 e-con-full e-flex e-con e-child\" data-id=\"3cad7c3\" data-element_type=\"container\" data-e-type=\"container\">\r\n\t\t\t\t<div class=\"elementor-element elementor-element-655eba9 elementor-widget elementor-widget-text-editor\" data-id=\"655eba9\" data-element_type=\"widget\" data-e-type=\"widget\" data-widget_type=\"text-editor.default\">\n\t\t\t\t<div class=\"elementor-widget-container\">\n\t\t\t\t\t\t\t\t\t<p>\u00a0<\/p><p style=\"text-align: center;\"><strong>WEinMOTION - Session de jeu sur l'efficacit\u00e9 de l'\u00e9quipe<\/strong><\/p><p>\u00a0<\/p><ul><li>Tous les participants ensemble (chefs de file + soutien).<\/li><li>Une s\u00e9quence de jeux visant \u00e0 renforcer l'autonomie, la collaboration et l'efficacit\u00e9 de l'\u00e9quipe.<\/li><li>Exploration des \u201cC\u201d du travail en \u00e9quipe et de la dynamique des conflits positifs.<\/li><\/ul><p>\u00a0<\/p>\t\t\t\t\t\t\t\t<\/div>\n\t\t\t\t<\/div>\n\t\t\t\t<\/div>\n\t\t\t\t<\/div>\n\t\t\t\t\t<\/details>\n\t\t\t\t\t\t<details id=\"e-n-accordion-item-1153\" class=\"e-n-accordion-item\" >\n\t\t\t\t<summary class=\"e-n-accordion-item-title\" data-accordion-index=\"4\" tabindex=\"-1\" aria-expanded=\"false\" aria-controls=\"e-n-accordion-item-1153\" >\n\t\t\t\t\t<span class='e-n-accordion-item-title-header'><div class=\"e-n-accordion-item-title-text\"> 4. LES R\u00c9SULTATS <\/div><\/span>\n\t\t\t\t\t\t\t<span class='e-n-accordion-item-title-icon'>\n\t\t\t<span class='e-opened' ><svg aria-hidden=\"true\" class=\"e-font-icon-svg e-fas-minus\" viewbox=\"0 0 448 512\" xmlns=\"http:\/\/www.w3.org\/2000\/svg\"><path d=\"M416 208H32c-17.67 0-32 14.33-32 32v32c0 17.67 14.33 32 32 32h384c17.67 0 32-14.33 32-32v-32c0-17.67-14.33-32-32-32z\"><\/path><\/svg><\/span>\n\t\t\t<span class='e-closed'><svg aria-hidden=\"true\" class=\"e-font-icon-svg e-fas-plus\" viewbox=\"0 0 448 512\" xmlns=\"http:\/\/www.w3.org\/2000\/svg\"><path d=\"M416 208H272V64c0-17.67-14.33-32-32-32h-32c-17.67 0-32 14.33-32 32v144H32c-17.67 0-32 14.33-32 32v32c0 17.67 14.33 32 32 32h144v144c0 17.67 14.33 32 32 32h32c17.67 0 32-14.33 32-32V304h144c17.67 0 32-14.33 32-32v-32c0-17.67-14.33-32-32-32z\"><\/path><\/svg><\/span>\n\t\t<\/span>\n\n\t\t\t\t\t\t<\/summary>\n\t\t\t\t<div role=\"region\" aria-labelledby=\"e-n-accordion-item-1153\" class=\"elementor-element elementor-element-d4032d0 e-flex e-con-boxed e-con e-child\" data-id=\"d4032d0\" data-element_type=\"container\" data-e-type=\"container\">\r\n\t\t\t\t\t<div class=\"e-con-inner\">\r\n\t\t<div role=\"region\" aria-labelledby=\"e-n-accordion-item-1153\" class=\"elementor-element elementor-element-410d0e3 e-con-full e-flex e-con e-child\" data-id=\"410d0e3\" data-element_type=\"container\" data-e-type=\"container\">\r\n\t\t\t\t<div class=\"elementor-element elementor-element-8a39b59 elementor-widget elementor-widget-text-editor\" data-id=\"8a39b59\" data-element_type=\"widget\" data-e-type=\"widget\" data-widget_type=\"text-editor.default\">\n\t\t\t\t<div class=\"elementor-widget-container\">\n\t\t\t\t\t\t\t\t\t<p>\u00a0<\/p><ul><li><strong>Meilleure connaissance de soi<\/strong> et comprendre l'impact des styles de comportement (DISC).<\/li><li>\u00c9volution claire de la <strong>gestion des \u00e9motions<\/strong> des participants, avec plus de r\u00e9silience et de concentration.<\/li><li><strong>Am\u00e9liorer les performances individuelles<\/strong>, en adoptant des habitudes plus productives et une plus grande discipline dans la gestion du temps.<\/li><li><strong>Des \u00e9quipes plus collaboratives<\/strong>, avec une meilleure communication et une r\u00e9duction des conflits op\u00e9rationnels.<\/li><li>Consolidation des <strong>des relations positives entre le personnel d'encadrement et les responsables hi\u00e9rarchiques<\/strong>, promouvoir l'alignement dans l'op\u00e9ration.<\/li><li><strong>Un plus grand pouvoir d'action<\/strong>, l'esprit d'initiative et la maturit\u00e9 comportementale<\/li><\/ul><p>\u00a0<\/p>\t\t\t\t\t\t\t\t<\/div>\n\t\t\t\t<\/div>\n\t\t\t\t<\/div>\n\t\t\t\t\t<\/div>\n\t\t\t\t<\/div>\n\t\t\t\t\t<\/details>\n\t\t\t\t\t\t<details id=\"e-n-accordion-item-1154\" class=\"e-n-accordion-item\" >\n\t\t\t\t<summary class=\"e-n-accordion-item-title\" data-accordion-index=\"5\" tabindex=\"-1\" aria-expanded=\"false\" aria-controls=\"e-n-accordion-item-1154\" >\n\t\t\t\t\t<span class='e-n-accordion-item-title-header'><div class=\"e-n-accordion-item-title-text\"> 5. FACTEURS CL\u00c9S DE SUCC\u00c8S <\/div><\/span>\n\t\t\t\t\t\t\t<span class='e-n-accordion-item-title-icon'>\n\t\t\t<span class='e-opened' ><svg aria-hidden=\"true\" class=\"e-font-icon-svg e-fas-minus\" viewbox=\"0 0 448 512\" xmlns=\"http:\/\/www.w3.org\/2000\/svg\"><path d=\"M416 208H32c-17.67 0-32 14.33-32 32v32c0 17.67 14.33 32 32 32h384c17.67 0 32-14.33 32-32v-32c0-17.67-14.33-32-32-32z\"><\/path><\/svg><\/span>\n\t\t\t<span class='e-closed'><svg aria-hidden=\"true\" class=\"e-font-icon-svg e-fas-plus\" viewbox=\"0 0 448 512\" xmlns=\"http:\/\/www.w3.org\/2000\/svg\"><path d=\"M416 208H272V64c0-17.67-14.33-32-32-32h-32c-17.67 0-32 14.33-32 32v144H32c-17.67 0-32 14.33-32 32v32c0 17.67 14.33 32 32 32h144v144c0 17.67 14.33 32 32 32h32c17.67 0 32-14.33 32-32V304h144c17.67 0 32-14.33 32-32v-32c0-17.67-14.33-32-32-32z\"><\/path><\/svg><\/span>\n\t\t<\/span>\n\n\t\t\t\t\t\t<\/summary>\n\t\t\t\t<div role=\"region\" aria-labelledby=\"e-n-accordion-item-1154\" class=\"elementor-element elementor-element-f44d30a e-flex e-con-boxed e-con e-child\" data-id=\"f44d30a\" data-element_type=\"container\" data-e-type=\"container\">\r\n\t\t\t\t\t<div class=\"e-con-inner\">\r\n\t\t<div role=\"region\" aria-labelledby=\"e-n-accordion-item-1154\" class=\"elementor-element elementor-element-55dbd13 e-con-full e-flex e-con e-child\" data-id=\"55dbd13\" data-element_type=\"container\" data-e-type=\"container\">\r\n\t\t\t\t<div class=\"elementor-element elementor-element-a698a8c elementor-widget elementor-widget-text-editor\" data-id=\"a698a8c\" data-element_type=\"widget\" data-e-type=\"widget\" data-widget_type=\"text-editor.default\">\n\t\t\t\t<div class=\"elementor-widget-container\">\n\t\t\t\t\t\t\t\t\t<p>\u00a0<\/p><ul><li>Structure <strong>ME \u2192 MORE \u2192 WE<\/strong>, garantissant une \u00e9volution progressive de l'individu vers l'\u00e9quipe.<\/li><li>Utilisation de <strong>DISC<\/strong> en tant qu'outil de diagnostic et d'orientation du d\u00e9veloppement.<\/li><li>Combinaison \u00e9quilibr\u00e9e de <strong>\u00c9valuation, ateliers et gamification<\/strong>.<\/li><li>Diff\u00e9renciation intelligente du contenu pour <strong>Soutien hi\u00e9rarchique et responsables hi\u00e9rarchiques<\/strong>.<\/li><li><strong>Apprentissage par l'exp\u00e9rience<\/strong> par le biais de GameSession, consolidant ainsi l'apprentissage.<\/li><li>Petits groupes, permettant <strong>l'approfondissement des interactions et des \u00e9valuations<\/strong>.<\/li><li><strong>Progression structur\u00e9e du temps<\/strong>, avec un impact croissant \u00e0 chaque \u00e9tape.<\/li><\/ul><p>\u00a0<\/p>\t\t\t\t\t\t\t\t<\/div>\n\t\t\t\t<\/div>\n\t\t\t\t<\/div>\n\t\t\t\t\t<\/div>\n\t\t\t\t<\/div>\n\t\t\t\t\t<\/details>\n\t\t\t\t\t<\/div>\n\t\t\t\t\t\t<\/div>\n\t\t\t\t<\/div>\n\t\t\t\t<\/div>\n\t\t<div class=\"elementor-element elementor-element-974c2be e-con-full e-flex e-con e-parent\" data-id=\"974c2be\" data-element_type=\"container\" data-e-type=\"container\">\r\n\t\t<div class=\"elementor-element elementor-element-ff7f19f e-con-full e-flex e-con e-child\" data-id=\"ff7f19f\" data-element_type=\"container\" data-e-type=\"container\">\r\n\t\t\t\t<div class=\"elementor-element elementor-element-e71b92a elementor-widget elementor-widget-spacer\" data-id=\"e71b92a\" data-element_type=\"widget\" data-e-type=\"widget\" data-widget_type=\"spacer.default\">\n\t\t\t\t<div class=\"elementor-widget-container\">\n\t\t\t\t\t\t\t<div class=\"elementor-spacer\">\n\t\t\t<div class=\"elementor-spacer-inner\"><\/div>\n\t\t<\/div>\n\t\t\t\t\t\t<\/div>\n\t\t\t\t<\/div>\n\t\t\t\t<\/div>\n\t\t\t\t<\/div>\n\t\t<div class=\"elementor-element elementor-element-f940b5b e-con-full e-flex e-con e-parent\" data-id=\"f940b5b\" data-element_type=\"container\" data-e-type=\"container\">\r\n\t\t\t\t<div class=\"elementor-element elementor-element-44792f7 elementor-widget elementor-widget-porto_button\" data-id=\"44792f7\" data-element_type=\"widget\" data-e-type=\"widget\" data-settings=\"{&quot;align&quot;:&quot;center&quot;}\" data-widget_type=\"porto_button.default\">\n\t\t\t\t<div class=\"elementor-widget-container\">\n\t\t\t\t\t<a class=\"btn btn-md btn-primary\" href=\"https:\/\/oportofortegroup.com\/fr\/contacts\/\"><span >Je veux en savoir plus<\/span><\/a>\t\t\t\t<\/div>\n\t\t\t\t<\/div>\n\t\t\t\t<\/div>\n\t\t\t\t<\/div>","protected":false},"excerpt":{"rendered":"<p>Projeto desenvolvido para cliente de refer\u00eancia\u00a0 1. O DESAFIO \/ NECESSIDADE DO CLIENTE Desenvolver compet\u00eancias comportamentais essenciais em dois grupos distintos \u2014 Line Support e Line Leaders. Melhorar efic\u00e1cia pessoal, emocional e comunicacional dos colaboradores, refor\u00e7ando resili\u00eancia e foco. Criar maior consist\u00eancia na performance di\u00e1ria, fortalecendo produtividade, capacidade de decis\u00e3o e h\u00e1bitos de trabalho Promover [&hellip;]<\/p>\n","protected":false},"author":2,"featured_media":0,"parent":0,"menu_order":0,"comment_status":"closed","ping_status":"closed","template":"","meta":{"_acf_changed":false,"footnotes":""},"class_list":["post-14417","page","type-page","status-publish","hentry"],"acf":[],"_links":{"self":[{"href":"https:\/\/oportofortegroup.com\/fr\/wp-json\/wp\/v2\/pages\/14417","targetHints":{"allow":["GET"]}}],"collection":[{"href":"https:\/\/oportofortegroup.com\/fr\/wp-json\/wp\/v2\/pages"}],"about":[{"href":"https:\/\/oportofortegroup.com\/fr\/wp-json\/wp\/v2\/types\/page"}],"author":[{"embeddable":true,"href":"https:\/\/oportofortegroup.com\/fr\/wp-json\/wp\/v2\/users\/2"}],"replies":[{"embeddable":true,"href":"https:\/\/oportofortegroup.com\/fr\/wp-json\/wp\/v2\/comments?post=14417"}],"version-history":[{"count":18,"href":"https:\/\/oportofortegroup.com\/fr\/wp-json\/wp\/v2\/pages\/14417\/revisions"}],"predecessor-version":[{"id":16044,"href":"https:\/\/oportofortegroup.com\/fr\/wp-json\/wp\/v2\/pages\/14417\/revisions\/16044"}],"wp:attachment":[{"href":"https:\/\/oportofortegroup.com\/fr\/wp-json\/wp\/v2\/media?parent=14417"}],"curies":[{"name":"wp","href":"https:\/\/api.w.org\/{rel}","templated":true}]}}