{"id":14403,"date":"2026-01-08T12:38:33","date_gmt":"2026-01-08T12:38:33","guid":{"rendered":"https:\/\/oportofortegroup.com\/?page_id=14403"},"modified":"2026-03-19T12:35:57","modified_gmt":"2026-03-19T12:35:57","slug":"renforcer-votre-leadership-2","status":"publish","type":"page","link":"https:\/\/oportofortegroup.com\/fr\/drive-up-your-leadership-lideres\/","title":{"rendered":"Am\u00e9liorez votre leadership"},"content":{"rendered":"<div data-elementor-type=\"wp-page\" data-elementor-id=\"14403\" class=\"elementor elementor-14403\">\n\t\t\t\t<div data-plugin-parallax=\"\" data-plugin-options=\"{&quot;speed&quot;: 1.9}\" data-image-src=\"https:\/\/oportofortegroup.com\/wp-content\/uploads\/2026\/01\/Indices-de-acidentes-em-industrias-alerta-sobre-a-importancia-dos-EPIs-no-setor-automobilistico-Revista-Cipa.jpg\" data-parallax-scale=\"invert\" class=\"porto_stretch_css stretch_row_css elementor-element elementor-element-2b8cb37 e-con-full e-flex e-con e-parent\" data-id=\"2b8cb37\" data-element_type=\"container\" data-e-type=\"container\" data-settings=\"{&quot;background_background&quot;:&quot;classic&quot;}\">\r\n\t\t\t\t<\/div>\n\t\t<div class=\"elementor-element elementor-element-165cf6f e-con-full e-flex e-con e-parent\" data-id=\"165cf6f\" data-element_type=\"container\" data-e-type=\"container\">\r\n\t\t\t\t<div class=\"elementor-element elementor-element-68f73f9 elementor-widget elementor-widget-spacer\" data-id=\"68f73f9\" data-element_type=\"widget\" data-e-type=\"widget\" data-widget_type=\"spacer.default\">\n\t\t\t\t<div class=\"elementor-widget-container\">\n\t\t\t\t\t\t\t<div class=\"elementor-spacer\">\n\t\t\t<div class=\"elementor-spacer-inner\"><\/div>\n\t\t<\/div>\n\t\t\t\t\t\t<\/div>\n\t\t\t\t<\/div>\n\t\t\t\t<\/div>\n\t\t<div class=\"elementor-element elementor-element-264a774 e-con-full e-flex e-con e-parent\" data-id=\"264a774\" data-element_type=\"container\" data-e-type=\"container\">\r\n\t\t<div class=\"elementor-element elementor-element-29766f6 e-con-full e-flex e-con e-child\" data-id=\"29766f6\" data-element_type=\"container\" data-e-type=\"container\">\r\n\t\t\t\t<div class=\"elementor-element elementor-element-857d726 elementor-widget elementor-widget-text-editor\" data-id=\"857d726\" data-element_type=\"widget\" data-e-type=\"widget\" data-widget_type=\"text-editor.default\">\n\t\t\t\t<div class=\"elementor-widget-container\">\n\t\t\t\t\t\t\t\t\t<h3><strong>Projet d\u00e9velopp\u00e9 pour un client de r\u00e9f\u00e9rence<\/strong><\/h3>\t\t\t\t\t\t\t\t<\/div>\n\t\t\t\t<\/div>\n\t\t\t\t<\/div>\n\t\t<div class=\"elementor-element elementor-element-ad5d354 e-con-full e-flex e-con e-child\" data-id=\"ad5d354\" data-element_type=\"container\" data-e-type=\"container\">\r\n\t\t\t\t<div class=\"elementor-element elementor-element-d6778d1 elementor-widget elementor-widget-image\" data-id=\"d6778d1\" data-element_type=\"widget\" data-e-type=\"widget\" data-widget_type=\"image.default\">\n\t\t\t\t<div class=\"elementor-widget-container\">\n\t\t\t\t\t\t\t\t\t\t\t\t\t\t\t<img fetchpriority=\"high\" decoding=\"async\" width=\"1024\" height=\"437\" src=\"https:\/\/oportofortegroup.com\/wp-content\/uploads\/2026\/01\/Blog-2023-Novo-47-1024x437.png\" class=\"attachment-large size-large wp-image-14407\" alt=\"\" srcset=\"https:\/\/oportofortegroup.com\/wp-content\/uploads\/2026\/01\/Blog-2023-Novo-47-1024x437.png 1024w, https:\/\/oportofortegroup.com\/wp-content\/uploads\/2026\/01\/Blog-2023-Novo-47-768x328.png 768w, https:\/\/oportofortegroup.com\/wp-content\/uploads\/2026\/01\/Blog-2023-Novo-47-640x273.png 640w, https:\/\/oportofortegroup.com\/wp-content\/uploads\/2026\/01\/Blog-2023-Novo-47-400x171.png 400w\" sizes=\"(max-width: 1024px) 100vw, 1024px\" \/>\t\t\t\t\t\t\t\t\t\t\t\t\t\t\t<\/div>\n\t\t\t\t<\/div>\n\t\t\t\t<\/div>\n\t\t\t\t<\/div>\n\t\t<div class=\"elementor-element elementor-element-ca38f64 e-con-full e-flex e-con e-parent\" data-id=\"ca38f64\" data-element_type=\"container\" data-e-type=\"container\">\r\n\t\t\t\t<div class=\"elementor-element elementor-element-c4e9e61 elementor-widget elementor-widget-spacer\" data-id=\"c4e9e61\" data-element_type=\"widget\" data-e-type=\"widget\" data-widget_type=\"spacer.default\">\n\t\t\t\t<div class=\"elementor-widget-container\">\n\t\t\t\t\t\t\t<div class=\"elementor-spacer\">\n\t\t\t<div class=\"elementor-spacer-inner\"><\/div>\n\t\t<\/div>\n\t\t\t\t\t\t<\/div>\n\t\t\t\t<\/div>\n\t\t\t\t<\/div>\n\t\t<div class=\"elementor-element elementor-element-70f37d5 e-con-full e-flex e-con e-parent\" data-id=\"70f37d5\" data-element_type=\"container\" data-e-type=\"container\">\r\n\t\t\t\t<div class=\"elementor-element elementor-element-6e6dd53 elementor-widget elementor-widget-n-accordion\" data-id=\"6e6dd53\" data-element_type=\"widget\" data-e-type=\"widget\" data-settings=\"{&quot;default_state&quot;:&quot;expanded&quot;,&quot;max_items_expended&quot;:&quot;one&quot;,&quot;n_accordion_animation_duration&quot;:{&quot;unit&quot;:&quot;ms&quot;,&quot;size&quot;:400,&quot;sizes&quot;:[]}}\" data-widget_type=\"nested-accordion.default\">\n\t\t\t\t<div class=\"elementor-widget-container\">\n\t\t\t\t\t\t\t<div class=\"e-n-accordion\" aria-label=\"Accord\u00e9on. Ouvrez les liens avec Enter ou Space, fermez-les avec Escape et naviguez avec les touches fl\u00e9ch\u00e9es.\">\n\t\t\t\t\t\t<details id=\"e-n-accordion-item-1150\" class=\"e-n-accordion-item\" open>\n\t\t\t\t<summary class=\"e-n-accordion-item-title\" data-accordion-index=\"1\" tabindex=\"0\" aria-expanded=\"true\" aria-controls=\"e-n-accordion-item-1150\" >\n\t\t\t\t\t<span class='e-n-accordion-item-title-header'><div class=\"e-n-accordion-item-title-text\"> 1. LE D\u00c9FI \/ LE BESOIN DU CLIENT <\/div><\/span>\n\t\t\t\t\t\t\t<span class='e-n-accordion-item-title-icon'>\n\t\t\t<span class='e-opened' ><svg aria-hidden=\"true\" class=\"e-font-icon-svg e-fas-minus\" viewbox=\"0 0 448 512\" xmlns=\"http:\/\/www.w3.org\/2000\/svg\"><path d=\"M416 208H32c-17.67 0-32 14.33-32 32v32c0 17.67 14.33 32 32 32h384c17.67 0 32-14.33 32-32v-32c0-17.67-14.33-32-32-32z\"><\/path><\/svg><\/span>\n\t\t\t<span class='e-closed'><svg aria-hidden=\"true\" class=\"e-font-icon-svg e-fas-plus\" viewbox=\"0 0 448 512\" xmlns=\"http:\/\/www.w3.org\/2000\/svg\"><path d=\"M416 208H272V64c0-17.67-14.33-32-32-32h-32c-17.67 0-32 14.33-32 32v144H32c-17.67 0-32 14.33-32 32v32c0 17.67 14.33 32 32 32h144v144c0 17.67 14.33 32 32 32h32c17.67 0 32-14.33 32-32V304h144c17.67 0 32-14.33 32-32v-32c0-17.67-14.33-32-32-32z\"><\/path><\/svg><\/span>\n\t\t<\/span>\n\n\t\t\t\t\t\t<\/summary>\n\t\t\t\t<div role=\"region\" aria-labelledby=\"e-n-accordion-item-1150\" class=\"elementor-element elementor-element-0ba0998 e-con-full e-flex e-con e-child\" data-id=\"0ba0998\" data-element_type=\"container\" data-e-type=\"container\">\r\n\t\t<div role=\"region\" aria-labelledby=\"e-n-accordion-item-1150\" class=\"elementor-element elementor-element-8a20172 e-con-full e-flex e-con e-child\" data-id=\"8a20172\" data-element_type=\"container\" data-e-type=\"container\">\r\n\t\t\t\t<div class=\"elementor-element elementor-element-dfeda98 elementor-widget elementor-widget-text-editor\" data-id=\"dfeda98\" data-element_type=\"widget\" data-e-type=\"widget\" data-widget_type=\"text-editor.default\">\n\t\t\t\t<div class=\"elementor-widget-container\">\n\t\t\t\t\t\t\t\t\t<p>\u00a0<\/p><ul><li>Mettre \u00e0 jour et renforcer les comp\u00e9tences comportementales des chefs d'\u00e9quipe et des coordinateurs.<\/li><li>Am\u00e9liorer la communication, la coordination et la capacit\u00e9 \u00e0 mobiliser les \u00e9quipes pour obtenir des r\u00e9sultats.<\/li><li>Former des dirigeants plus humains, plus efficaces et plus coh\u00e9rents dans la gestion du potentiel de leurs \u00e9quipes.<\/li><li>Renforcer la productivit\u00e9 en am\u00e9liorant la motivation, la gestion des conflits et les pratiques de prise de d\u00e9cision.<\/li><\/ul><p>\u00a0<\/p>\t\t\t\t\t\t\t\t<\/div>\n\t\t\t\t<\/div>\n\t\t\t\t<\/div>\n\t\t\t\t<\/div>\n\t\t\t\t\t<\/details>\n\t\t\t\t\t\t<details id=\"e-n-accordion-item-1151\" class=\"e-n-accordion-item\" >\n\t\t\t\t<summary class=\"e-n-accordion-item-title\" data-accordion-index=\"2\" tabindex=\"-1\" aria-expanded=\"false\" aria-controls=\"e-n-accordion-item-1151\" >\n\t\t\t\t\t<span class='e-n-accordion-item-title-header'><div class=\"e-n-accordion-item-title-text\"> 2. LA SOLUTION <\/div><\/span>\n\t\t\t\t\t\t\t<span class='e-n-accordion-item-title-icon'>\n\t\t\t<span class='e-opened' ><svg aria-hidden=\"true\" class=\"e-font-icon-svg e-fas-minus\" viewbox=\"0 0 448 512\" xmlns=\"http:\/\/www.w3.org\/2000\/svg\"><path d=\"M416 208H32c-17.67 0-32 14.33-32 32v32c0 17.67 14.33 32 32 32h384c17.67 0 32-14.33 32-32v-32c0-17.67-14.33-32-32-32z\"><\/path><\/svg><\/span>\n\t\t\t<span class='e-closed'><svg aria-hidden=\"true\" class=\"e-font-icon-svg e-fas-plus\" viewbox=\"0 0 448 512\" xmlns=\"http:\/\/www.w3.org\/2000\/svg\"><path d=\"M416 208H272V64c0-17.67-14.33-32-32-32h-32c-17.67 0-32 14.33-32 32v144H32c-17.67 0-32 14.33-32 32v32c0 17.67 14.33 32 32 32h144v144c0 17.67 14.33 32 32 32h32c17.67 0 32-14.33 32-32V304h144c17.67 0 32-14.33 32-32v-32c0-17.67-14.33-32-32-32z\"><\/path><\/svg><\/span>\n\t\t<\/span>\n\n\t\t\t\t\t\t<\/summary>\n\t\t\t\t<div role=\"region\" aria-labelledby=\"e-n-accordion-item-1151\" class=\"elementor-element elementor-element-0d2ebad e-con-full e-flex e-con e-child\" data-id=\"0d2ebad\" data-element_type=\"container\" data-e-type=\"container\">\r\n\t\t<div role=\"region\" aria-labelledby=\"e-n-accordion-item-1151\" class=\"elementor-element elementor-element-d1077ad e-con-full e-flex e-con e-child\" data-id=\"d1077ad\" data-element_type=\"container\" data-e-type=\"container\">\r\n\t\t\t\t<div class=\"elementor-element elementor-element-e471c7f elementor-widget elementor-widget-text-editor\" data-id=\"e471c7f\" data-element_type=\"widget\" data-e-type=\"widget\" data-widget_type=\"text-editor.default\">\n\t\t\t\t<div class=\"elementor-widget-container\">\n\t\t\t\t\t\t\t\t\t<p>\u00a0<\/p><p style=\"text-align: center;\">Programme de d\u00e9veloppement de 12 mois : <strong>Am\u00e9liorez votre leadership<\/strong>:<\/p><p>\u00a0<\/p><ul><li><strong>Conduite ME<\/strong> - Efficacit\u00e9 personnelle, connaissance de soi et communication.<\/li><li><strong>Performances de la conduite<\/strong> - Productivit\u00e9, gestion du temps, coop\u00e9ration, retour d'information et r\u00e9solution des conflits.<\/li><li><strong>Conduire AUTRES<\/strong> - Motivation, implication, multiculturalisme et gestion d'\u00e9quipe.<\/li><li><strong>Conduire ENSEMBLE<\/strong> - Session de jeu sur l'efficacit\u00e9 de l'\u00e9quipe, r\u00e9unissant les chefs d'\u00e9quipe et les coordinateurs.<\/li><\/ul>\t\t\t\t\t\t\t\t<\/div>\n\t\t\t\t<\/div>\n\t\t\t\t<\/div>\n\t\t<div role=\"region\" aria-labelledby=\"e-n-accordion-item-1151\" class=\"elementor-element elementor-element-3908515 e-con-full e-flex e-con e-child\" data-id=\"3908515\" data-element_type=\"container\" data-e-type=\"container\">\r\n\t\t\t\t<div class=\"elementor-element elementor-element-dfcc3b3 elementor-widget elementor-widget-text-editor\" data-id=\"dfcc3b3\" data-element_type=\"widget\" data-e-type=\"widget\" data-widget_type=\"text-editor.default\">\n\t\t\t\t<div class=\"elementor-widget-container\">\n\t\t\t\t\t\t\t\t\t<p>\u00a0<\/p><p style=\"text-align: center;\">Format de l'intervention :<\/p><p>\u00a0<\/p><ul><li><strong>DISC<\/strong> comme outil de d\u00e9marrage pour l'\u00e9valuation des profils comportementaux et des pr\u00e9f\u00e9rences en mati\u00e8re de communication<\/li><li><strong>Tirs d'entra\u00eenement<\/strong> (4 \u00e0 8 heures), ateliers et mentorat sur le lieu de travail.<\/li><li>Des sessions structur\u00e9es pour assurer un transfert imm\u00e9diat dans le contexte r\u00e9el.<\/li><\/ul><ul><li>Contenu et profondeur diff\u00e9rents pour les chefs d'\u00e9quipe et les coordinateurs.<\/li><\/ul>\t\t\t\t\t\t\t\t<\/div>\n\t\t\t\t<\/div>\n\t\t\t\t<\/div>\n\t\t\t\t<\/div>\n\t\t\t\t\t<\/details>\n\t\t\t\t\t\t<details id=\"e-n-accordion-item-1152\" class=\"e-n-accordion-item\" >\n\t\t\t\t<summary class=\"e-n-accordion-item-title\" data-accordion-index=\"3\" tabindex=\"-1\" aria-expanded=\"false\" aria-controls=\"e-n-accordion-item-1152\" >\n\t\t\t\t\t<span class='e-n-accordion-item-title-header'><div class=\"e-n-accordion-item-title-text\"> 3. MISE EN \u0152UVRE <\/div><\/span>\n\t\t\t\t\t\t\t<span class='e-n-accordion-item-title-icon'>\n\t\t\t<span class='e-opened' ><svg aria-hidden=\"true\" class=\"e-font-icon-svg e-fas-minus\" viewbox=\"0 0 448 512\" xmlns=\"http:\/\/www.w3.org\/2000\/svg\"><path d=\"M416 208H32c-17.67 0-32 14.33-32 32v32c0 17.67 14.33 32 32 32h384c17.67 0 32-14.33 32-32v-32c0-17.67-14.33-32-32-32z\"><\/path><\/svg><\/span>\n\t\t\t<span class='e-closed'><svg aria-hidden=\"true\" class=\"e-font-icon-svg e-fas-plus\" viewbox=\"0 0 448 512\" xmlns=\"http:\/\/www.w3.org\/2000\/svg\"><path d=\"M416 208H272V64c0-17.67-14.33-32-32-32h-32c-17.67 0-32 14.33-32 32v144H32c-17.67 0-32 14.33-32 32v32c0 17.67 14.33 32 32 32h144v144c0 17.67 14.33 32 32 32h32c17.67 0 32-14.33 32-32V304h144c17.67 0 32-14.33 32-32v-32c0-17.67-14.33-32-32-32z\"><\/path><\/svg><\/span>\n\t\t<\/span>\n\n\t\t\t\t\t\t<\/summary>\n\t\t\t\t<div role=\"region\" aria-labelledby=\"e-n-accordion-item-1152\" class=\"elementor-element elementor-element-c5e6e18 e-con-full e-flex e-con e-child\" data-id=\"c5e6e18\" data-element_type=\"container\" data-e-type=\"container\">\r\n\t\t<div role=\"region\" aria-labelledby=\"e-n-accordion-item-1152\" class=\"elementor-element elementor-element-922a129 e-con-full e-flex e-con e-child\" data-id=\"922a129\" data-element_type=\"container\" data-e-type=\"container\">\r\n\t\t\t\t<div class=\"elementor-element elementor-element-36d0795 elementor-widget elementor-widget-text-editor\" data-id=\"36d0795\" data-element_type=\"widget\" data-e-type=\"widget\" data-widget_type=\"text-editor.default\">\n\t\t\t\t<div class=\"elementor-widget-container\">\n\t\t\t\t\t\t\t\t\t<p>\u00a0<\/p><p style=\"text-align: center;\"><strong>Coordinateurs<\/strong><\/p><p>\u00a0<\/p><ul><li>Ateliers et s\u00e9ances de formation (4-8 heures) + 1 heure de soutien pratique.<\/li><li>Mentorat mensuel en cours d'emploi pour consolider et soutenir l'application des comp\u00e9tences.<\/li><li>Th\u00e8mes : efficacit\u00e9 personnelle, efficacit\u00e9 de la communication, multiculturalisme, motivation et engagement, retour d'information, coop\u00e9ration, gestion des conflits et gestion du temps.<\/li><\/ul>\t\t\t\t\t\t\t\t<\/div>\n\t\t\t\t<\/div>\n\t\t\t\t<\/div>\n\t\t<div role=\"region\" aria-labelledby=\"e-n-accordion-item-1152\" class=\"elementor-element elementor-element-ab6020b e-con-full e-flex e-con e-child\" data-id=\"ab6020b\" data-element_type=\"container\" data-e-type=\"container\">\r\n\t\t\t\t<div class=\"elementor-element elementor-element-78794f4 elementor-widget elementor-widget-text-editor\" data-id=\"78794f4\" data-element_type=\"widget\" data-e-type=\"widget\" data-widget_type=\"text-editor.default\">\n\t\t\t\t<div class=\"elementor-widget-container\">\n\t\t\t\t\t\t\t\t\t<p>\u00a0<\/p><p style=\"text-align: center;\"><strong>Chefs d'\u00e9quipe<\/strong><\/p><p>\u00a0<\/p><ul><li>Formation de 4 heures + mentorat sur le lieu de travail.<\/li><li>Session initiale \u201cEU Leader &amp; DRIVER\u201d pour \u00e9valuer la maturit\u00e9 des talents et des comp\u00e9tences.<\/li><li>Th\u00e8mes : motivation, engagement, multiculturalisme, efficacit\u00e9 personnelle et de communication, retour d'information, responsabilisation, gestion des conflits et gestion du temps.<\/li><\/ul><p>\u00a0<\/p>\t\t\t\t\t\t\t\t<\/div>\n\t\t\t\t<\/div>\n\t\t\t\t<\/div>\n\t\t<div role=\"region\" aria-labelledby=\"e-n-accordion-item-1152\" class=\"elementor-element elementor-element-48f3f4e e-con-full e-flex e-con e-child\" data-id=\"48f3f4e\" data-element_type=\"container\" data-e-type=\"container\">\r\n\t\t\t\t<div class=\"elementor-element elementor-element-50a8d56 elementor-widget elementor-widget-text-editor\" data-id=\"50a8d56\" data-element_type=\"widget\" data-e-type=\"widget\" data-widget_type=\"text-editor.default\">\n\t\t\t\t<div class=\"elementor-widget-container\">\n\t\t\t\t\t\t\t\t\t<p>\u00a0<\/p><p style=\"text-align: center;\"><strong>Int\u00e9gration finale - DrivingTOGETHER<\/strong><\/p><p>\u00a0<\/p><ul><li>Session conjointe de gamification pour renforcer la dynamique MOI + PERFORMANCE + AUTRES et cr\u00e9er un engagement collectif.<\/li><\/ul>\t\t\t\t\t\t\t\t<\/div>\n\t\t\t\t<\/div>\n\t\t\t\t<\/div>\n\t\t\t\t<\/div>\n\t\t\t\t\t<\/details>\n\t\t\t\t\t\t<details id=\"e-n-accordion-item-1153\" class=\"e-n-accordion-item\" >\n\t\t\t\t<summary class=\"e-n-accordion-item-title\" data-accordion-index=\"4\" tabindex=\"-1\" aria-expanded=\"false\" aria-controls=\"e-n-accordion-item-1153\" >\n\t\t\t\t\t<span class='e-n-accordion-item-title-header'><div class=\"e-n-accordion-item-title-text\"> 4. LES R\u00c9SULTATS <\/div><\/span>\n\t\t\t\t\t\t\t<span class='e-n-accordion-item-title-icon'>\n\t\t\t<span class='e-opened' ><svg aria-hidden=\"true\" class=\"e-font-icon-svg e-fas-minus\" viewbox=\"0 0 448 512\" xmlns=\"http:\/\/www.w3.org\/2000\/svg\"><path d=\"M416 208H32c-17.67 0-32 14.33-32 32v32c0 17.67 14.33 32 32 32h384c17.67 0 32-14.33 32-32v-32c0-17.67-14.33-32-32-32z\"><\/path><\/svg><\/span>\n\t\t\t<span class='e-closed'><svg aria-hidden=\"true\" class=\"e-font-icon-svg e-fas-plus\" viewbox=\"0 0 448 512\" xmlns=\"http:\/\/www.w3.org\/2000\/svg\"><path d=\"M416 208H272V64c0-17.67-14.33-32-32-32h-32c-17.67 0-32 14.33-32 32v144H32c-17.67 0-32 14.33-32 32v32c0 17.67 14.33 32 32 32h144v144c0 17.67 14.33 32 32 32h32c17.67 0 32-14.33 32-32V304h144c17.67 0 32-14.33 32-32v-32c0-17.67-14.33-32-32-32z\"><\/path><\/svg><\/span>\n\t\t<\/span>\n\n\t\t\t\t\t\t<\/summary>\n\t\t\t\t<div role=\"region\" aria-labelledby=\"e-n-accordion-item-1153\" class=\"elementor-element elementor-element-d4032d0 e-flex e-con-boxed e-con e-child\" data-id=\"d4032d0\" data-element_type=\"container\" data-e-type=\"container\">\r\n\t\t\t\t\t<div class=\"e-con-inner\">\r\n\t\t<div role=\"region\" aria-labelledby=\"e-n-accordion-item-1153\" class=\"elementor-element elementor-element-410d0e3 e-con-full e-flex e-con e-child\" data-id=\"410d0e3\" data-element_type=\"container\" data-e-type=\"container\">\r\n\t\t\t\t<div class=\"elementor-element elementor-element-8a39b59 elementor-widget elementor-widget-text-editor\" data-id=\"8a39b59\" data-element_type=\"widget\" data-e-type=\"widget\" data-widget_type=\"text-editor.default\">\n\t\t\t\t<div class=\"elementor-widget-container\">\n\t\t\t\t\t\t\t\t\t<p>\u00a0<\/p><ul><li><strong>Meilleure connaissance de soi<\/strong> et l'alignement comportemental, soutenus par DISC.<\/li><li><strong>Progr\u00e8s significatifs en mati\u00e8re de communication<\/strong>, avec des dirigeants plus clairs, plus affirm\u00e9s et plus adaptables.<\/li><li><strong>Augmentation de la productivit\u00e9<\/strong>, Cela repose sur une meilleure planification, une meilleure gestion du temps et une meilleure hi\u00e9rarchisation des priorit\u00e9s.<\/li><li><strong>Des \u00e9quipes plus autonomes et motiv\u00e9es<\/strong> <strong>et responsable<\/strong>.<\/li><li><strong>R\u00e9duction des conflits op\u00e9rationnels<\/strong>, gr\u00e2ce \u00e0 l'am\u00e9lioration des comp\u00e9tences en mati\u00e8re de m\u00e9diation, de coop\u00e9ration et de retour d'information.<\/li><li><strong>Une plus grande coh\u00e9rence entre les chefs d'\u00e9quipe et les coordinateurs<\/strong>, par le biais d'une structuration commune et d'un mentorat crois\u00e9.<\/li><\/ul><p>\u00a0<\/p>\t\t\t\t\t\t\t\t<\/div>\n\t\t\t\t<\/div>\n\t\t\t\t<\/div>\n\t\t\t\t\t<\/div>\n\t\t\t\t<\/div>\n\t\t\t\t\t<\/details>\n\t\t\t\t\t\t<details id=\"e-n-accordion-item-1154\" class=\"e-n-accordion-item\" >\n\t\t\t\t<summary class=\"e-n-accordion-item-title\" data-accordion-index=\"5\" tabindex=\"-1\" aria-expanded=\"false\" aria-controls=\"e-n-accordion-item-1154\" >\n\t\t\t\t\t<span class='e-n-accordion-item-title-header'><div class=\"e-n-accordion-item-title-text\"> 5. FACTEURS CL\u00c9S DE SUCC\u00c8S <\/div><\/span>\n\t\t\t\t\t\t\t<span class='e-n-accordion-item-title-icon'>\n\t\t\t<span class='e-opened' ><svg aria-hidden=\"true\" class=\"e-font-icon-svg e-fas-minus\" viewbox=\"0 0 448 512\" xmlns=\"http:\/\/www.w3.org\/2000\/svg\"><path d=\"M416 208H32c-17.67 0-32 14.33-32 32v32c0 17.67 14.33 32 32 32h384c17.67 0 32-14.33 32-32v-32c0-17.67-14.33-32-32-32z\"><\/path><\/svg><\/span>\n\t\t\t<span class='e-closed'><svg aria-hidden=\"true\" class=\"e-font-icon-svg e-fas-plus\" viewbox=\"0 0 448 512\" xmlns=\"http:\/\/www.w3.org\/2000\/svg\"><path d=\"M416 208H272V64c0-17.67-14.33-32-32-32h-32c-17.67 0-32 14.33-32 32v144H32c-17.67 0-32 14.33-32 32v32c0 17.67 14.33 32 32 32h144v144c0 17.67 14.33 32 32 32h32c17.67 0 32-14.33 32-32V304h144c17.67 0 32-14.33 32-32v-32c0-17.67-14.33-32-32-32z\"><\/path><\/svg><\/span>\n\t\t<\/span>\n\n\t\t\t\t\t\t<\/summary>\n\t\t\t\t<div role=\"region\" aria-labelledby=\"e-n-accordion-item-1154\" class=\"elementor-element elementor-element-f44d30a e-flex e-con-boxed e-con e-child\" data-id=\"f44d30a\" data-element_type=\"container\" data-e-type=\"container\">\r\n\t\t\t\t\t<div class=\"e-con-inner\">\r\n\t\t<div role=\"region\" aria-labelledby=\"e-n-accordion-item-1154\" class=\"elementor-element elementor-element-55dbd13 e-con-full e-flex e-con e-child\" data-id=\"55dbd13\" data-element_type=\"container\" data-e-type=\"container\">\r\n\t\t\t\t<div class=\"elementor-element elementor-element-a698a8c elementor-widget elementor-widget-text-editor\" data-id=\"a698a8c\" data-element_type=\"widget\" data-e-type=\"widget\" data-widget_type=\"text-editor.default\">\n\t\t\t\t<div class=\"elementor-widget-container\">\n\t\t\t\t\t\t\t\t\t<p>\u00a0<\/p><ul><li><strong>Mod\u00e8le longitudinal sur 12 mois<\/strong>, Cela permet de consolider progressivement les habitudes et les comp\u00e9tences.<\/li><li><strong>\u00c9quilibre entre la formation et le mentorat.<\/strong><\/li><li><strong>Personnalisation pour deux publics diff\u00e9rents<\/strong>.<\/li><li><strong>Utiliser le DISC comme outil de diagnostic<\/strong> <strong>et de d\u00e9veloppement.<\/strong><\/li><li><strong>M\u00e9thodologies pratiques et intensives<\/strong> (Apprentissage par l'exp\u00e9rience, MindLAB et analyse des d\u00e9fis r\u00e9els)<\/li><li><strong>Un dernier moment ensemble, qui stimule l'esprit d'\u00e9quipe et renforce l'objectif.<\/strong><\/li><li><strong>\u00c9quipe de formation sup\u00e9rieure<\/strong> avec une solide exp\u00e9rience en mati\u00e8re de leadership, de coaching et de d\u00e9veloppement comportemental.<\/li><\/ul><p>\u00a0<\/p>\t\t\t\t\t\t\t\t<\/div>\n\t\t\t\t<\/div>\n\t\t\t\t<\/div>\n\t\t\t\t\t<\/div>\n\t\t\t\t<\/div>\n\t\t\t\t\t<\/details>\n\t\t\t\t\t<\/div>\n\t\t\t\t\t\t<\/div>\n\t\t\t\t<\/div>\n\t\t\t\t<\/div>\n\t\t<div class=\"elementor-element elementor-element-974c2be e-con-full e-flex e-con e-parent\" data-id=\"974c2be\" data-element_type=\"container\" data-e-type=\"container\">\r\n\t\t<div class=\"elementor-element elementor-element-ff7f19f e-con-full e-flex e-con e-child\" data-id=\"ff7f19f\" data-element_type=\"container\" data-e-type=\"container\">\r\n\t\t\t\t<div class=\"elementor-element elementor-element-e71b92a elementor-widget elementor-widget-spacer\" data-id=\"e71b92a\" data-element_type=\"widget\" data-e-type=\"widget\" data-widget_type=\"spacer.default\">\n\t\t\t\t<div class=\"elementor-widget-container\">\n\t\t\t\t\t\t\t<div class=\"elementor-spacer\">\n\t\t\t<div class=\"elementor-spacer-inner\"><\/div>\n\t\t<\/div>\n\t\t\t\t\t\t<\/div>\n\t\t\t\t<\/div>\n\t\t\t\t<\/div>\n\t\t\t\t<\/div>\n\t\t<div class=\"elementor-element elementor-element-f940b5b e-con-full e-flex e-con e-parent\" data-id=\"f940b5b\" data-element_type=\"container\" data-e-type=\"container\">\r\n\t\t\t\t<div class=\"elementor-element elementor-element-44792f7 elementor-widget elementor-widget-porto_button\" data-id=\"44792f7\" data-element_type=\"widget\" data-e-type=\"widget\" data-settings=\"{&quot;align&quot;:&quot;center&quot;}\" data-widget_type=\"porto_button.default\">\n\t\t\t\t<div class=\"elementor-widget-container\">\n\t\t\t\t\t<a class=\"btn btn-md btn-primary\" href=\"https:\/\/oportofortegroup.com\/fr\/contacts\/\"><span >Je veux en savoir plus<\/span><\/a>\t\t\t\t<\/div>\n\t\t\t\t<\/div>\n\t\t\t\t<\/div>\n\t\t\t\t<\/div>","protected":false},"excerpt":{"rendered":"<p>Projeto desenvolvido para cliente de refer\u00eancia 1. O DESAFIO \/ NECESSIDADE DO CLIENTE \u00a0 Atualizar e fortalecer compet\u00eancias comportamentais de Team Leaders e Coordenadores. Melhorar comunica\u00e7\u00e3o, coordena\u00e7\u00e3o e capacidade de mobilizar equipas para resultados. Desenvolver l\u00edderes mais humanos, eficazes e consistentes na gest\u00e3o do potencial das equipas. Refor\u00e7ar a produtividade atrav\u00e9s de melhores pr\u00e1ticas de [&hellip;]<\/p>\n","protected":false},"author":2,"featured_media":0,"parent":0,"menu_order":0,"comment_status":"closed","ping_status":"closed","template":"","meta":{"_acf_changed":false,"footnotes":""},"class_list":["post-14403","page","type-page","status-publish","hentry"],"acf":[],"_links":{"self":[{"href":"https:\/\/oportofortegroup.com\/fr\/wp-json\/wp\/v2\/pages\/14403","targetHints":{"allow":["GET"]}}],"collection":[{"href":"https:\/\/oportofortegroup.com\/fr\/wp-json\/wp\/v2\/pages"}],"about":[{"href":"https:\/\/oportofortegroup.com\/fr\/wp-json\/wp\/v2\/types\/page"}],"author":[{"embeddable":true,"href":"https:\/\/oportofortegroup.com\/fr\/wp-json\/wp\/v2\/users\/2"}],"replies":[{"embeddable":true,"href":"https:\/\/oportofortegroup.com\/fr\/wp-json\/wp\/v2\/comments?post=14403"}],"version-history":[{"count":21,"href":"https:\/\/oportofortegroup.com\/fr\/wp-json\/wp\/v2\/pages\/14403\/revisions"}],"predecessor-version":[{"id":16056,"href":"https:\/\/oportofortegroup.com\/fr\/wp-json\/wp\/v2\/pages\/14403\/revisions\/16056"}],"wp:attachment":[{"href":"https:\/\/oportofortegroup.com\/fr\/wp-json\/wp\/v2\/media?parent=14403"}],"curies":[{"name":"wp","href":"https:\/\/api.w.org\/{rel}","templated":true}]}}