{"id":11615,"date":"2025-05-19T15:06:44","date_gmt":"2025-05-19T15:06:44","guid":{"rendered":"https:\/\/oportofortegroup.com\/?page_id=11615"},"modified":"2025-09-25T13:02:17","modified_gmt":"2025-09-25T13:02:17","slug":"presence-mondiale","status":"publish","type":"page","link":"https:\/\/oportofortegroup.com\/fr\/presenca-global\/","title":{"rendered":"Notre pr\u00e9sence dans le monde"},"content":{"rendered":"<div data-elementor-type=\"wp-page\" data-elementor-id=\"11615\" class=\"elementor elementor-11615\">\n\t\t\t\t<div class=\"elementor-element elementor-element-12d8599 e-flex e-con-boxed e-con e-parent\" data-id=\"12d8599\" data-element_type=\"container\" data-e-type=\"container\">\r\n\t\t\t\t\t<div class=\"e-con-inner\">\r\n\t\t\t\t<div class=\"elementor-element elementor-element-1a8d9fd elementor-widget elementor-widget-heading\" data-id=\"1a8d9fd\" data-element_type=\"widget\" data-e-type=\"widget\" data-widget_type=\"heading.default\">\n\t\t\t\t<div class=\"elementor-widget-container\">\n\t\t\t\t\t<h3 class=\"elementor-heading-title elementor-size-default\">Une entreprise, des march\u00e9s multiples<\/h3>\t\t\t\t<\/div>\n\t\t\t\t<\/div>\n\t\t\t\t<div class=\"elementor-element elementor-element-8328448 elementor-widget elementor-widget-text-editor\" data-id=\"8328448\" data-element_type=\"widget\" data-e-type=\"widget\" data-widget_type=\"text-editor.default\">\n\t\t\t\t<div class=\"elementor-widget-container\">\n\t\t\t\t\t\t\t\t\t<p>Avec des op\u00e9rations directes sur 4 continents et dans plus de 10 pays, OFG est un centre d'affaires qui relie votre entreprise aux centres \u00e9conomiques les plus prometteurs, dans des secteurs tels que la technologie et l'innovation, les \u00e9nergies renouvelables, l'industrie, la construction et l'ing\u00e9nierie, l'agroalimentaire, l'\u00e9cotourisme et l'attraction des investissements.\u00a0<\/p>\t\t\t\t\t\t\t\t<\/div>\n\t\t\t\t<\/div>\n\t\t\t\t<div class=\"elementor-element elementor-element-41634ed elementor-widget elementor-widget-heading\" data-id=\"41634ed\" data-element_type=\"widget\" data-e-type=\"widget\" data-widget_type=\"heading.default\">\n\t\t\t\t<div class=\"elementor-widget-container\">\n\t\t\t\t\t<h4 class=\"elementor-heading-title elementor-size-default\">Afrique<\/h4>\t\t\t\t<\/div>\n\t\t\t\t<\/div>\n\t\t\t\t<div class=\"elementor-element elementor-element-56203f0 elementor-widget elementor-widget-text-editor\" data-id=\"56203f0\" data-element_type=\"widget\" data-e-type=\"widget\" data-widget_type=\"text-editor.default\">\n\t\t\t\t<div class=\"elementor-widget-container\">\n\t\t\t\t\t\t\t\t\t<p>Notre pr\u00e9sence sur le continent africain se concentre principalement sur la Communaut\u00e9 \u00e9conomique des \u00c9tats de l'Afrique de l'Ouest (CEDEAO), dont les pays repr\u00e9sentent ensemble environ 400 millions de consommateurs.\u00a0\u00a0<\/p><p>Avec l'utilisation d'une monnaie unique, la CEDEAO se distingue par sa diversit\u00e9 culturelle et \u00e9conomique, offrant d'innombrables possibilit\u00e9s d'investissement et de d\u00e9veloppement.\u00a0<\/p>\t\t\t\t\t\t\t\t<\/div>\n\t\t\t\t<\/div>\n\t\t\t\t<div class=\"elementor-element elementor-element-e09913f elementor-widget elementor-widget-heading\" data-id=\"e09913f\" data-element_type=\"widget\" data-e-type=\"widget\" data-widget_type=\"heading.default\">\n\t\t\t\t<div class=\"elementor-widget-container\">\n\t\t\t\t\t<h4 class=\"elementor-heading-title elementor-size-default\">L'Europe<\/h4>\t\t\t\t<\/div>\n\t\t\t\t<\/div>\n\t\t\t\t<div class=\"elementor-element elementor-element-11844f8 elementor-widget elementor-widget-text-editor\" data-id=\"11844f8\" data-element_type=\"widget\" data-e-type=\"widget\" data-widget_type=\"text-editor.default\">\n\t\t\t\t<div class=\"elementor-widget-container\">\n\t\t\t\t\t\t\t\t\t<p>En Europe, nos activit\u00e9s sont int\u00e9gr\u00e9es au march\u00e9 unique de l'UE.\u00a0<\/p><p>Consid\u00e9r\u00e9 comme l'un des blocs \u00e9conomiques les plus importants au monde, avec plus de 440 millions de consommateurs, il b\u00e9n\u00e9ficie d'une stabilit\u00e9 politique, d'un pouvoir de consommation \u00e9lev\u00e9 et d'un environnement juridique r\u00e9glement\u00e9.\u00a0<\/p>\t\t\t\t\t\t\t\t<\/div>\n\t\t\t\t<\/div>\n\t\t\t\t<div class=\"elementor-element elementor-element-c9f6f8d elementor-widget elementor-widget-heading\" data-id=\"c9f6f8d\" data-element_type=\"widget\" data-e-type=\"widget\" data-widget_type=\"heading.default\">\n\t\t\t\t<div class=\"elementor-widget-container\">\n\t\t\t\t\t<h4 class=\"elementor-heading-title elementor-size-default\">Am\u00e9rique<\/h4>\t\t\t\t<\/div>\n\t\t\t\t<\/div>\n\t\t\t\t<div class=\"elementor-element elementor-element-91ed840 elementor-widget elementor-widget-text-editor\" data-id=\"91ed840\" data-element_type=\"widget\" data-e-type=\"widget\" data-widget_type=\"text-editor.default\">\n\t\t\t\t<div class=\"elementor-widget-container\">\n\t\t\t\t\t\t\t\t\t<p>En Am\u00e9rique du Sud, notre pr\u00e9sence est centr\u00e9e sur le Br\u00e9sil, la plus grande \u00e9conomie de la r\u00e9gion avec un march\u00e9 int\u00e9rieur de plus de 210 millions de consommateurs.\u00a0<\/p><p>En tant que membre actif du MERCOSUR, le Br\u00e9sil garantit un acc\u00e8s pr\u00e9f\u00e9rentiel aux autres pays d'Am\u00e9rique du Sud.\u00a0<\/p>\t\t\t\t\t\t\t\t<\/div>\n\t\t\t\t<\/div>\n\t\t\t\t<div class=\"elementor-element elementor-element-8ef1059 elementor-widget elementor-widget-heading\" data-id=\"8ef1059\" data-element_type=\"widget\" data-e-type=\"widget\" data-widget_type=\"heading.default\">\n\t\t\t\t<div class=\"elementor-widget-container\">\n\t\t\t\t\t<h4 class=\"elementor-heading-title elementor-size-default\">Asie<\/h4>\t\t\t\t<\/div>\n\t\t\t\t<\/div>\n\t\t\t\t<div class=\"elementor-element elementor-element-895874f elementor-widget elementor-widget-text-editor\" data-id=\"895874f\" data-element_type=\"widget\" data-e-type=\"widget\" data-widget_type=\"text-editor.default\">\n\t\t\t\t<div class=\"elementor-widget-container\">\n\t\t\t\t\t\t\t\t\t<p>Depuis les \u00c9mirats arabes unis, nous op\u00e9rons dans l'un des principaux centres logistiques et financiers mondiaux.\u00a0<\/p><p>Avec des politiques visant \u00e0 attirer les investissements \u00e9trangers, des zones franches et une fiscalit\u00e9 comp\u00e9titive, les \u00c9mirats arabes unis se positionnent comme une plateforme strat\u00e9gique entre l'Europe, l'Asie et l'Afrique.\u00a0<\/p>\t\t\t\t\t\t\t\t<\/div>\n\t\t\t\t<\/div>\n\t\t\t\t\t<\/div>\n\t\t\t\t<\/div>\n\t\t\t\t<\/div>","protected":false},"excerpt":{"rendered":"<p>Uma s\u00f3 empresa, m\u00faltiplos mercados Com opera\u00e7\u00e3o direta em 4 continentes e atua\u00e7\u00e3o em +10 pa\u00edses, o OFG \u00e9 um hub empresarial que conecta a sua empresa aos centros econ\u00f3micos mais promissores, em setores como tecnologia e inova\u00e7\u00e3o; energias renov\u00e1veis; ind\u00fastria; constru\u00e7\u00e3o e engenharia; agroneg\u00f3cio, ecoturismo e capta\u00e7\u00e3o de investimentos.\u00a0 \u00c1frica A nossa presen\u00e7a no [&hellip;]<\/p>\n","protected":false},"author":1,"featured_media":0,"parent":0,"menu_order":0,"comment_status":"closed","ping_status":"closed","template":"","meta":{"_acf_changed":false,"footnotes":""},"class_list":["post-11615","page","type-page","status-publish","hentry"],"acf":[],"_links":{"self":[{"href":"https:\/\/oportofortegroup.com\/fr\/wp-json\/wp\/v2\/pages\/11615","targetHints":{"allow":["GET"]}}],"collection":[{"href":"https:\/\/oportofortegroup.com\/fr\/wp-json\/wp\/v2\/pages"}],"about":[{"href":"https:\/\/oportofortegroup.com\/fr\/wp-json\/wp\/v2\/types\/page"}],"author":[{"embeddable":true,"href":"https:\/\/oportofortegroup.com\/fr\/wp-json\/wp\/v2\/users\/1"}],"replies":[{"embeddable":true,"href":"https:\/\/oportofortegroup.com\/fr\/wp-json\/wp\/v2\/comments?post=11615"}],"version-history":[{"count":10,"href":"https:\/\/oportofortegroup.com\/fr\/wp-json\/wp\/v2\/pages\/11615\/revisions"}],"predecessor-version":[{"id":13134,"href":"https:\/\/oportofortegroup.com\/fr\/wp-json\/wp\/v2\/pages\/11615\/revisions\/13134"}],"wp:attachment":[{"href":"https:\/\/oportofortegroup.com\/fr\/wp-json\/wp\/v2\/media?parent=11615"}],"curies":[{"name":"wp","href":"https:\/\/api.w.org\/{rel}","templated":true}]}}