{"id":11615,"date":"2025-05-19T15:06:44","date_gmt":"2025-05-19T15:06:44","guid":{"rendered":"https:\/\/oportofortegroup.com\/?page_id=11615"},"modified":"2025-09-25T13:02:17","modified_gmt":"2025-09-25T13:02:17","slug":"global-presence","status":"publish","type":"page","link":"https:\/\/oportofortegroup.com\/en\/presenca-global\/","title":{"rendered":"Our global presence"},"content":{"rendered":"<div data-elementor-type=\"wp-page\" data-elementor-id=\"11615\" class=\"elementor elementor-11615\">\n\t\t\t\t<div class=\"elementor-element elementor-element-12d8599 e-flex e-con-boxed e-con e-parent\" data-id=\"12d8599\" data-element_type=\"container\" data-e-type=\"container\">\r\n\t\t\t\t\t<div class=\"e-con-inner\">\r\n\t\t\t\t<div class=\"elementor-element elementor-element-1a8d9fd elementor-widget elementor-widget-heading\" data-id=\"1a8d9fd\" data-element_type=\"widget\" data-e-type=\"widget\" data-widget_type=\"heading.default\">\n\t\t\t\t<div class=\"elementor-widget-container\">\n\t\t\t\t\t<h3 class=\"elementor-heading-title elementor-size-default\">One company, multiple markets<\/h3>\t\t\t\t<\/div>\n\t\t\t\t<\/div>\n\t\t\t\t<div class=\"elementor-element elementor-element-8328448 elementor-widget elementor-widget-text-editor\" data-id=\"8328448\" data-element_type=\"widget\" data-e-type=\"widget\" data-widget_type=\"text-editor.default\">\n\t\t\t\t<div class=\"elementor-widget-container\">\n\t\t\t\t\t\t\t\t\t<p>With direct operations on 4 continents and in 10+ countries, OFG is a business hub that connects your company to the most promising economic centres, in sectors such as technology and innovation; renewable energies; industry; construction and engineering; agribusiness, ecotourism and investment attraction.\u00a0<\/p>\t\t\t\t\t\t\t\t<\/div>\n\t\t\t\t<\/div>\n\t\t\t\t<div class=\"elementor-element elementor-element-41634ed elementor-widget elementor-widget-heading\" data-id=\"41634ed\" data-element_type=\"widget\" data-e-type=\"widget\" data-widget_type=\"heading.default\">\n\t\t\t\t<div class=\"elementor-widget-container\">\n\t\t\t\t\t<h4 class=\"elementor-heading-title elementor-size-default\">Africa<\/h4>\t\t\t\t<\/div>\n\t\t\t\t<\/div>\n\t\t\t\t<div class=\"elementor-element elementor-element-56203f0 elementor-widget elementor-widget-text-editor\" data-id=\"56203f0\" data-element_type=\"widget\" data-e-type=\"widget\" data-widget_type=\"text-editor.default\">\n\t\t\t\t<div class=\"elementor-widget-container\">\n\t\t\t\t\t\t\t\t\t<p>Our presence on the African continent is centred mainly on the Economic Community of West African States (ECOWAS), whose countries together represent approximately 400 million consumers.\u00a0\u00a0<\/p><p>With the use of a single currency, ECOWAS stands out for its cultural and economic diversity, offering countless opportunities for investment and development.\u00a0<\/p>\t\t\t\t\t\t\t\t<\/div>\n\t\t\t\t<\/div>\n\t\t\t\t<div class=\"elementor-element elementor-element-e09913f elementor-widget elementor-widget-heading\" data-id=\"e09913f\" data-element_type=\"widget\" data-e-type=\"widget\" data-widget_type=\"heading.default\">\n\t\t\t\t<div class=\"elementor-widget-container\">\n\t\t\t\t\t<h4 class=\"elementor-heading-title elementor-size-default\">Europe<\/h4>\t\t\t\t<\/div>\n\t\t\t\t<\/div>\n\t\t\t\t<div class=\"elementor-element elementor-element-11844f8 elementor-widget elementor-widget-text-editor\" data-id=\"11844f8\" data-element_type=\"widget\" data-e-type=\"widget\" data-widget_type=\"text-editor.default\">\n\t\t\t\t<div class=\"elementor-widget-container\">\n\t\t\t\t\t\t\t\t\t<p>In Europe, our operations are integrated into the EU's Single Market.\u00a0<\/p><p>Considered one of the most important economic blocs in the world, with more than 440 million consumers, it is home to political stability, high consumer power and a regulated legal environment.\u00a0<\/p>\t\t\t\t\t\t\t\t<\/div>\n\t\t\t\t<\/div>\n\t\t\t\t<div class=\"elementor-element elementor-element-c9f6f8d elementor-widget elementor-widget-heading\" data-id=\"c9f6f8d\" data-element_type=\"widget\" data-e-type=\"widget\" data-widget_type=\"heading.default\">\n\t\t\t\t<div class=\"elementor-widget-container\">\n\t\t\t\t\t<h4 class=\"elementor-heading-title elementor-size-default\">America<\/h4>\t\t\t\t<\/div>\n\t\t\t\t<\/div>\n\t\t\t\t<div class=\"elementor-element elementor-element-91ed840 elementor-widget elementor-widget-text-editor\" data-id=\"91ed840\" data-element_type=\"widget\" data-e-type=\"widget\" data-widget_type=\"text-editor.default\">\n\t\t\t\t<div class=\"elementor-widget-container\">\n\t\t\t\t\t\t\t\t\t<p>In South America, our presence is centred on Brazil, the region's largest economy with a domestic market of more than 210 million consumers.\u00a0<\/p><p>As an active member of MERCOSUR, Brazil guarantees preferential access to other South American countries.\u00a0<\/p>\t\t\t\t\t\t\t\t<\/div>\n\t\t\t\t<\/div>\n\t\t\t\t<div class=\"elementor-element elementor-element-8ef1059 elementor-widget elementor-widget-heading\" data-id=\"8ef1059\" data-element_type=\"widget\" data-e-type=\"widget\" data-widget_type=\"heading.default\">\n\t\t\t\t<div class=\"elementor-widget-container\">\n\t\t\t\t\t<h4 class=\"elementor-heading-title elementor-size-default\">Asia<\/h4>\t\t\t\t<\/div>\n\t\t\t\t<\/div>\n\t\t\t\t<div class=\"elementor-element elementor-element-895874f elementor-widget elementor-widget-text-editor\" data-id=\"895874f\" data-element_type=\"widget\" data-e-type=\"widget\" data-widget_type=\"text-editor.default\">\n\t\t\t\t<div class=\"elementor-widget-container\">\n\t\t\t\t\t\t\t\t\t<p>From the United Arab Emirates we operate in one of the main global logistics and financial hubs.\u00a0<\/p><p>With policies to attract foreign investment, free zones and competitive taxation, the UAE is positioning itself as a strategic platform between Europe, Asia and Africa.\u00a0<\/p>\t\t\t\t\t\t\t\t<\/div>\n\t\t\t\t<\/div>\n\t\t\t\t\t<\/div>\n\t\t\t\t<\/div>\n\t\t\t\t<\/div>","protected":false},"excerpt":{"rendered":"<p>Uma s\u00f3 empresa, m\u00faltiplos mercados Com opera\u00e7\u00e3o direta em 4 continentes e atua\u00e7\u00e3o em +10 pa\u00edses, o OFG \u00e9 um hub empresarial que conecta a sua empresa aos centros econ\u00f3micos mais promissores, em setores como tecnologia e inova\u00e7\u00e3o; energias renov\u00e1veis; ind\u00fastria; constru\u00e7\u00e3o e engenharia; agroneg\u00f3cio, ecoturismo e capta\u00e7\u00e3o de investimentos.\u00a0 \u00c1frica A nossa presen\u00e7a no [&hellip;]<\/p>\n","protected":false},"author":1,"featured_media":0,"parent":0,"menu_order":0,"comment_status":"closed","ping_status":"closed","template":"","meta":{"_acf_changed":false,"footnotes":""},"class_list":["post-11615","page","type-page","status-publish","hentry"],"acf":[],"_links":{"self":[{"href":"https:\/\/oportofortegroup.com\/en\/wp-json\/wp\/v2\/pages\/11615","targetHints":{"allow":["GET"]}}],"collection":[{"href":"https:\/\/oportofortegroup.com\/en\/wp-json\/wp\/v2\/pages"}],"about":[{"href":"https:\/\/oportofortegroup.com\/en\/wp-json\/wp\/v2\/types\/page"}],"author":[{"embeddable":true,"href":"https:\/\/oportofortegroup.com\/en\/wp-json\/wp\/v2\/users\/1"}],"replies":[{"embeddable":true,"href":"https:\/\/oportofortegroup.com\/en\/wp-json\/wp\/v2\/comments?post=11615"}],"version-history":[{"count":10,"href":"https:\/\/oportofortegroup.com\/en\/wp-json\/wp\/v2\/pages\/11615\/revisions"}],"predecessor-version":[{"id":13134,"href":"https:\/\/oportofortegroup.com\/en\/wp-json\/wp\/v2\/pages\/11615\/revisions\/13134"}],"wp:attachment":[{"href":"https:\/\/oportofortegroup.com\/en\/wp-json\/wp\/v2\/media?parent=11615"}],"curies":[{"name":"wp","href":"https:\/\/api.w.org\/{rel}","templated":true}]}}