{"id":14089,"date":"2025-12-10T17:23:48","date_gmt":"2025-12-10T17:23:48","guid":{"rendered":"https:\/\/oportofortegroup.com\/?page_id=14089"},"modified":"2026-03-19T12:15:06","modified_gmt":"2026-03-19T12:15:06","slug":"internacionalizacao","status":"publish","type":"page","link":"http:\/\/oportofortegroup.com\/pt\/internacionalizacao\/","title":{"rendered":"Internacionaliza\u00e7\u00e3o"},"content":{"rendered":"\t\t<div data-elementor-type=\"wp-page\" data-elementor-id=\"14089\" class=\"elementor elementor-14089\">\n\t\t\t\t<div class=\"elementor-element elementor-element-44fc280 e-con-full e-flex e-con e-parent\" data-id=\"44fc280\" data-element_type=\"container\" data-e-type=\"container\">\r\n\t\t<div class=\"elementor-element elementor-element-2e13c16 e-grid e-con-boxed e-con e-child\" data-id=\"2e13c16\" data-element_type=\"container\" data-e-type=\"container\">\r\n\t\t\t\t\t<div class=\"e-con-inner\">\r\n\t\t\t\t<div class=\"elementor-element elementor-element-ed33414 elementor-widget elementor-widget-text-editor\" data-id=\"ed33414\" data-element_type=\"widget\" data-e-type=\"widget\" data-widget_type=\"text-editor.default\">\n\t\t\t\t<div class=\"elementor-widget-container\">\n\t\t\t\t\t\t\t\t\t<p><span style=\"font-size: 15px;\"><strong>Internacionaliza\u00e7\u00e3o<\/strong> \u00e9 a unidade especializada em <strong>novos mercados e com\u00e9rcio global<\/strong>, concebida para apoiar empresas em todas as fases da sua expans\u00e3o, do diagn\u00f3stico estrat\u00e9gico ao acompanhamento operacional.<\/span><\/p><p><span style=\"font-size: 15px;\">As solu\u00e7\u00f5es incluem <strong>abertura de novos mercados,<\/strong> <strong>classifica\u00e7\u00e3o t\u00e9cnica de produtos (DUIMP)<\/strong> e <strong>gest\u00e3o de conformidade aduaneira<\/strong>, garantindo <strong>seguran\u00e7a regulat\u00f3ria<\/strong>, <strong>redu\u00e7\u00e3o de riscos log\u00edsticos<\/strong> e <strong>efici\u00eancia nas exporta\u00e7\u00f5es<\/strong>.<\/span><\/p><p><span style=\"font-size: 15px;\">Com presen\u00e7a em quatro continentes, o grupo det\u00e9m experi\u00eancia consolidada em blocos regionais como a <strong>CEDEAO<\/strong> &#8211;\u00a0<em>Comunidade Econ\u00f3mica dos Estados da \u00c1frica Ocidental<\/em>, que re\u00fane 15 pa\u00edses e representa um mercado de mais de <strong>400 milh\u00f5es de consumidores<\/strong>.<\/span><\/p>\t\t\t\t\t\t\t\t<\/div>\n\t\t\t\t<\/div>\n\t\t\t\t<div class=\"elementor-element elementor-element-e97d247 elementor-widget elementor-widget-image\" data-id=\"e97d247\" data-element_type=\"widget\" data-e-type=\"widget\" data-widget_type=\"image.default\">\n\t\t\t\t<div class=\"elementor-widget-container\">\n\t\t\t\t\t\t\t\t\t\t\t\t\t\t\t<img fetchpriority=\"high\" decoding=\"async\" width=\"2560\" height=\"1440\" src=\"https:\/\/oportofortegroup.com\/wp-content\/uploads\/2026\/01\/Global-Trade-2-scaled.png\" class=\"attachment-full size-full wp-image-14755\" alt=\"\" srcset=\"https:\/\/oportofortegroup.com\/wp-content\/uploads\/2026\/01\/Global-Trade-2-scaled.png 2560w, https:\/\/oportofortegroup.com\/wp-content\/uploads\/2026\/01\/Global-Trade-2-1024x576.png 1024w, https:\/\/oportofortegroup.com\/wp-content\/uploads\/2026\/01\/Global-Trade-2-768x432.png 768w, https:\/\/oportofortegroup.com\/wp-content\/uploads\/2026\/01\/Global-Trade-2-1536x864.png 1536w, https:\/\/oportofortegroup.com\/wp-content\/uploads\/2026\/01\/Global-Trade-2-2048x1152.png 2048w, https:\/\/oportofortegroup.com\/wp-content\/uploads\/2026\/01\/Global-Trade-2-640x360.png 640w, https:\/\/oportofortegroup.com\/wp-content\/uploads\/2026\/01\/Global-Trade-2-400x225.png 400w\" sizes=\"(max-width: 2560px) 100vw, 2560px\" \/>\t\t\t\t\t\t\t\t\t\t\t\t\t\t\t<\/div>\n\t\t\t\t<\/div>\n\t\t\t\t\t<\/div>\n\t\t\t\t<\/div>\n\t\t\t\t<\/div>\n\t\t<div class=\"elementor-element elementor-element-087927f e-con-full elementor-hidden-mobile e-flex e-con e-parent\" data-id=\"087927f\" data-element_type=\"container\" data-e-type=\"container\">\r\n\t\t\t\t<div class=\"elementor-element elementor-element-25b884f elementor-widget elementor-widget-spacer\" data-id=\"25b884f\" data-element_type=\"widget\" data-e-type=\"widget\" data-widget_type=\"spacer.default\">\n\t\t\t\t<div class=\"elementor-widget-container\">\n\t\t\t\t\t\t\t<div class=\"elementor-spacer\">\n\t\t\t<div class=\"elementor-spacer-inner\"><\/div>\n\t\t<\/div>\n\t\t\t\t\t\t<\/div>\n\t\t\t\t<\/div>\n\t\t\t\t<div class=\"elementor-element elementor-element-90b41f8 elementor-widget elementor-widget-heading\" data-id=\"90b41f8\" data-element_type=\"widget\" data-e-type=\"widget\" data-widget_type=\"heading.default\">\n\t\t\t\t<div class=\"elementor-widget-container\">\n\t\t\t\t\t<h2 class=\"elementor-heading-title elementor-size-default\">Os nossos servi\u00e7os<\/h2>\t\t\t\t<\/div>\n\t\t\t\t<\/div>\n\t\t\t\t<\/div>\n\t\t<div class=\"elementor-element elementor-element-8456cbd elementor-hidden-mobile e-flex e-con-boxed e-con e-parent\" data-id=\"8456cbd\" data-element_type=\"container\" data-e-type=\"container\">\r\n\t\t\t\t\t<div class=\"e-con-inner\">\r\n\t\t\t\t<div class=\"elementor-element elementor-element-ae508a1 elementor-widget elementor-widget-spacer\" data-id=\"ae508a1\" data-element_type=\"widget\" data-e-type=\"widget\" data-widget_type=\"spacer.default\">\n\t\t\t\t<div class=\"elementor-widget-container\">\n\t\t\t\t\t\t\t<div class=\"elementor-spacer\">\n\t\t\t<div class=\"elementor-spacer-inner\"><\/div>\n\t\t<\/div>\n\t\t\t\t\t\t<\/div>\n\t\t\t\t<\/div>\n\t\t\t\t\t<\/div>\n\t\t\t\t<\/div>\n\t\t<div class=\"elementor-element elementor-element-6575721 e-grid e-con-full elementor-hidden-mobile e-con e-parent\" data-id=\"6575721\" data-element_type=\"container\" data-e-type=\"container\">\r\n\t\t\t\t<div class=\"elementor-element elementor-element-15bbd8f elementor-widget elementor-widget-image\" data-id=\"15bbd8f\" data-element_type=\"widget\" data-e-type=\"widget\" data-widget_type=\"image.default\">\n\t\t\t\t<div class=\"elementor-widget-container\">\n\t\t\t\t\t\t\t\t\t\t\t\t\t\t\t\t<a href=\"https:\/\/oportofortegroup.com\/pt\/servicos\/abertura-de-novos-mercados\/\">\n\t\t\t\t\t\t\t<img decoding=\"async\" width=\"1024\" height=\"468\" src=\"https:\/\/oportofortegroup.com\/wp-content\/uploads\/2026\/03\/Blog-2023-Novo-69-1024x468.png\" class=\"attachment-large size-large wp-image-15774\" alt=\"\" srcset=\"https:\/\/oportofortegroup.com\/wp-content\/uploads\/2026\/03\/Blog-2023-Novo-69-1024x468.png 1024w, https:\/\/oportofortegroup.com\/wp-content\/uploads\/2026\/03\/Blog-2023-Novo-69-768x351.png 768w, https:\/\/oportofortegroup.com\/wp-content\/uploads\/2026\/03\/Blog-2023-Novo-69-640x293.png 640w, https:\/\/oportofortegroup.com\/wp-content\/uploads\/2026\/03\/Blog-2023-Novo-69-400x183.png 400w\" sizes=\"(max-width: 1024px) 100vw, 1024px\" \/>\t\t\t\t\t\t\t\t<\/a>\n\t\t\t\t\t\t\t\t\t\t\t\t\t\t\t<\/div>\n\t\t\t\t<\/div>\n\t\t\t\t<div class=\"elementor-element elementor-element-8c6345c elementor-widget elementor-widget-image\" data-id=\"8c6345c\" data-element_type=\"widget\" data-e-type=\"widget\" data-widget_type=\"image.default\">\n\t\t\t\t<div class=\"elementor-widget-container\">\n\t\t\t\t\t\t\t\t\t\t\t\t\t\t\t\t<a href=\"https:\/\/oportofortegroup.com\/pt\/servicos\/mba-em-gestao-logistica-internacional-e-comercio-exterior\/\">\n\t\t\t\t\t\t\t<img decoding=\"async\" width=\"1024\" height=\"468\" src=\"https:\/\/oportofortegroup.com\/wp-content\/uploads\/2026\/03\/Blog-2023-Novo-68-1024x468.png\" class=\"attachment-large size-large wp-image-15775\" alt=\"\" srcset=\"https:\/\/oportofortegroup.com\/wp-content\/uploads\/2026\/03\/Blog-2023-Novo-68-1024x468.png 1024w, https:\/\/oportofortegroup.com\/wp-content\/uploads\/2026\/03\/Blog-2023-Novo-68-768x351.png 768w, https:\/\/oportofortegroup.com\/wp-content\/uploads\/2026\/03\/Blog-2023-Novo-68-640x293.png 640w, https:\/\/oportofortegroup.com\/wp-content\/uploads\/2026\/03\/Blog-2023-Novo-68-400x183.png 400w\" sizes=\"(max-width: 1024px) 100vw, 1024px\" \/>\t\t\t\t\t\t\t\t<\/a>\n\t\t\t\t\t\t\t\t\t\t\t\t\t\t\t<\/div>\n\t\t\t\t<\/div>\n\t\t\t\t<div class=\"elementor-element elementor-element-0ecb9cd elementor-widget elementor-widget-image\" data-id=\"0ecb9cd\" data-element_type=\"widget\" data-e-type=\"widget\" data-widget_type=\"image.default\">\n\t\t\t\t<div class=\"elementor-widget-container\">\n\t\t\t\t\t\t\t\t\t\t\t\t\t\t\t\t<a href=\"https:\/\/oportofortegroup.com\/pt\/servicos\/catalogo-de-produtos-para-a-duimp\/\">\n\t\t\t\t\t\t\t<img loading=\"lazy\" decoding=\"async\" width=\"1024\" height=\"468\" src=\"https:\/\/oportofortegroup.com\/wp-content\/uploads\/2026\/03\/Blog-2023-Novo-66-1024x468.png\" class=\"attachment-large size-large wp-image-15772\" alt=\"\" srcset=\"https:\/\/oportofortegroup.com\/wp-content\/uploads\/2026\/03\/Blog-2023-Novo-66-1024x468.png 1024w, https:\/\/oportofortegroup.com\/wp-content\/uploads\/2026\/03\/Blog-2023-Novo-66-768x351.png 768w, https:\/\/oportofortegroup.com\/wp-content\/uploads\/2026\/03\/Blog-2023-Novo-66-640x293.png 640w, https:\/\/oportofortegroup.com\/wp-content\/uploads\/2026\/03\/Blog-2023-Novo-66-400x183.png 400w\" sizes=\"(max-width: 1024px) 100vw, 1024px\" \/>\t\t\t\t\t\t\t\t<\/a>\n\t\t\t\t\t\t\t\t\t\t\t\t\t\t\t<\/div>\n\t\t\t\t<\/div>\n\t\t\t\t<div class=\"elementor-element elementor-element-c5beabb elementor-widget elementor-widget-image\" data-id=\"c5beabb\" data-element_type=\"widget\" data-e-type=\"widget\" data-widget_type=\"image.default\">\n\t\t\t\t<div class=\"elementor-widget-container\">\n\t\t\t\t\t\t\t\t\t\t\t\t\t\t\t\t<a href=\"https:\/\/oportofortegroup.com\/pt\/servicos\/peiex\/\">\n\t\t\t\t\t\t\t<img loading=\"lazy\" decoding=\"async\" width=\"1024\" height=\"468\" src=\"https:\/\/oportofortegroup.com\/wp-content\/uploads\/2026\/03\/Blog-2023-Novo-67-1024x468.png\" class=\"attachment-large size-large wp-image-15773\" alt=\"\" srcset=\"https:\/\/oportofortegroup.com\/wp-content\/uploads\/2026\/03\/Blog-2023-Novo-67-1024x468.png 1024w, https:\/\/oportofortegroup.com\/wp-content\/uploads\/2026\/03\/Blog-2023-Novo-67-768x351.png 768w, https:\/\/oportofortegroup.com\/wp-content\/uploads\/2026\/03\/Blog-2023-Novo-67-640x293.png 640w, https:\/\/oportofortegroup.com\/wp-content\/uploads\/2026\/03\/Blog-2023-Novo-67-400x183.png 400w\" sizes=\"(max-width: 1024px) 100vw, 1024px\" \/>\t\t\t\t\t\t\t\t<\/a>\n\t\t\t\t\t\t\t\t\t\t\t\t\t\t\t<\/div>\n\t\t\t\t<\/div>\n\t\t\t\t<div class=\"elementor-element elementor-element-38b8bd0 elementor-widget elementor-widget-image\" data-id=\"38b8bd0\" data-element_type=\"widget\" data-e-type=\"widget\" data-widget_type=\"image.default\">\n\t\t\t\t<div class=\"elementor-widget-container\">\n\t\t\t\t\t\t\t\t\t\t\t\t\t\t\t\t<a href=\"https:\/\/oportofortegroup.com\/pt\/servicos\/consultoria-e-auditoria-da-certificacao-oea\/\">\n\t\t\t\t\t\t\t<img loading=\"lazy\" decoding=\"async\" width=\"1024\" height=\"468\" src=\"https:\/\/oportofortegroup.com\/wp-content\/uploads\/2026\/03\/Blog-2023-Novo-65-1024x468.png\" class=\"attachment-large size-large wp-image-15771\" alt=\"\" srcset=\"https:\/\/oportofortegroup.com\/wp-content\/uploads\/2026\/03\/Blog-2023-Novo-65-1024x468.png 1024w, https:\/\/oportofortegroup.com\/wp-content\/uploads\/2026\/03\/Blog-2023-Novo-65-768x351.png 768w, https:\/\/oportofortegroup.com\/wp-content\/uploads\/2026\/03\/Blog-2023-Novo-65-640x293.png 640w, https:\/\/oportofortegroup.com\/wp-content\/uploads\/2026\/03\/Blog-2023-Novo-65-400x183.png 400w\" sizes=\"(max-width: 1024px) 100vw, 1024px\" \/>\t\t\t\t\t\t\t\t<\/a>\n\t\t\t\t\t\t\t\t\t\t\t\t\t\t\t<\/div>\n\t\t\t\t<\/div>\n\t\t\t\t<\/div>\n\t\t<div class=\"elementor-element elementor-element-4984602 e-grid e-con-full elementor-hidden-mobile e-con e-parent\" data-id=\"4984602\" data-element_type=\"container\" data-e-type=\"container\">\r\n\t\t\t\t<div class=\"elementor-element elementor-element-5756644 elementor-widget elementor-widget-text-editor\" data-id=\"5756644\" data-element_type=\"widget\" data-e-type=\"widget\" data-widget_type=\"text-editor.default\">\n\t\t\t\t<div class=\"elementor-widget-container\">\n\t\t\t\t\t\t\t\t\t<p><a href=\"https:\/\/oportofortegroup.com\/pt\/servicos\/abertura-de-novos-mercados\/\"><strong>Abertura de novos mercados<\/strong><\/a><\/p>\t\t\t\t\t\t\t\t<\/div>\n\t\t\t\t<\/div>\n\t\t\t\t<div class=\"elementor-element elementor-element-9ee68cd elementor-widget elementor-widget-text-editor\" data-id=\"9ee68cd\" data-element_type=\"widget\" data-e-type=\"widget\" data-widget_type=\"text-editor.default\">\n\t\t\t\t<div class=\"elementor-widget-container\">\n\t\t\t\t\t\t\t\t\t<p><a href=\"https:\/\/oportofortegroup.com\/pt\/servicos\/mba-em-gestao-logistica-internacional-e-comercio-exterior\/\"><strong>MBA Log\u00edstica Internacional e Com\u00e9rcio Exterior<\/strong><\/a><br \/>(parceria com a UNICAP)<\/p>\t\t\t\t\t\t\t\t<\/div>\n\t\t\t\t<\/div>\n\t\t\t\t<div class=\"elementor-element elementor-element-02d12be elementor-widget elementor-widget-text-editor\" data-id=\"02d12be\" data-element_type=\"widget\" data-e-type=\"widget\" data-widget_type=\"text-editor.default\">\n\t\t\t\t<div class=\"elementor-widget-container\">\n\t\t\t\t\t\t\t\t\t<p><a href=\"https:\/\/oportofortegroup.com\/pt\/servicos\/catalogo-de-produtos-para-a-duimp\/\"><strong>Cat\u00e1logo de produtos para a DUIMP<\/strong><\/a><\/p>\t\t\t\t\t\t\t\t<\/div>\n\t\t\t\t<\/div>\n\t\t\t\t<div class=\"elementor-element elementor-element-5d2beb6 elementor-widget elementor-widget-text-editor\" data-id=\"5d2beb6\" data-element_type=\"widget\" data-e-type=\"widget\" data-widget_type=\"text-editor.default\">\n\t\t\t\t<div class=\"elementor-widget-container\">\n\t\t\t\t\t\t\t\t\t<h2 class=\"elementor-heading-title elementor-size-default\"><a href=\"https:\/\/oportofortegroup.com\/pt\/servicos\/peiex\/\"><span style=\"color: #004680;\"><strong><span style=\"font-size: 16px;\">Programa PEIEX (Apex\/Senac)<\/span><\/strong><\/span><\/a><\/h2>\t\t\t\t\t\t\t\t<\/div>\n\t\t\t\t<\/div>\n\t\t\t\t<div class=\"elementor-element elementor-element-b162db2 elementor-widget elementor-widget-text-editor\" data-id=\"b162db2\" data-element_type=\"widget\" data-e-type=\"widget\" data-widget_type=\"text-editor.default\">\n\t\t\t\t<div class=\"elementor-widget-container\">\n\t\t\t\t\t\t\t\t\t<h2 class=\"elementor-heading-title elementor-size-default\"><a href=\"https:\/\/oportofortegroup.com\/pt\/servicos\/consultoria-e-auditoria-da-certificacao-oea\/\"><span style=\"color: #004680; font-size: 16px;\"><strong>Certifica\u00e7\u00e3o OEA<\/strong><\/span><\/a><\/h2>\t\t\t\t\t\t\t\t<\/div>\n\t\t\t\t<\/div>\n\t\t\t\t<\/div>\n\t\t<div class=\"elementor-element elementor-element-ecd696b elementor-hidden-desktop elementor-hidden-tablet e-flex e-con-boxed e-con e-parent\" data-id=\"ecd696b\" data-element_type=\"container\" data-e-type=\"container\">\r\n\t\t\t\t\t<div class=\"e-con-inner\">\r\n\t\t\t\t<div class=\"elementor-element elementor-element-d042ee4 elementor-widget elementor-widget-heading\" data-id=\"d042ee4\" data-element_type=\"widget\" data-e-type=\"widget\" data-widget_type=\"heading.default\">\n\t\t\t\t<div class=\"elementor-widget-container\">\n\t\t\t\t\t<h2 class=\"elementor-heading-title elementor-size-default\">Os nossos servi\u00e7os<\/h2>\t\t\t\t<\/div>\n\t\t\t\t<\/div>\n\t\t\t\t\t<\/div>\n\t\t\t\t<\/div>\n\t\t<div class=\"elementor-element elementor-element-d6f3dda e-flex e-con-boxed e-con e-parent\" data-id=\"d6f3dda\" data-element_type=\"container\" data-e-type=\"container\">\r\n\t\t\t\t\t<div class=\"e-con-inner\">\r\n\t\t\t\t<div class=\"elementor-element elementor-element-e083bc6 elementor-widget elementor-widget-spacer\" data-id=\"e083bc6\" data-element_type=\"widget\" data-e-type=\"widget\" data-widget_type=\"spacer.default\">\n\t\t\t\t<div class=\"elementor-widget-container\">\n\t\t\t\t\t\t\t<div class=\"elementor-spacer\">\n\t\t\t<div class=\"elementor-spacer-inner\"><\/div>\n\t\t<\/div>\n\t\t\t\t\t\t<\/div>\n\t\t\t\t<\/div>\n\t\t\t\t\t<\/div>\n\t\t\t\t<\/div>\n\t\t<div class=\"elementor-element elementor-element-6a6977c e-grid e-con-full elementor-hidden-desktop elementor-hidden-tablet e-con e-parent\" data-id=\"6a6977c\" data-element_type=\"container\" data-e-type=\"container\">\r\n\t\t\t\t<div class=\"elementor-element elementor-element-71b19f2 elementor-widget elementor-widget-image\" data-id=\"71b19f2\" data-element_type=\"widget\" data-e-type=\"widget\" data-widget_type=\"image.default\">\n\t\t\t\t<div class=\"elementor-widget-container\">\n\t\t\t\t\t\t\t\t\t\t\t\t\t\t\t\t<a href=\"https:\/\/oportofortegroup.com\/pt\/servicos\/abertura-de-novos-mercados\/\">\n\t\t\t\t\t\t\t<img decoding=\"async\" width=\"1024\" height=\"468\" src=\"https:\/\/oportofortegroup.com\/wp-content\/uploads\/2026\/03\/Blog-2023-Novo-69-1024x468.png\" class=\"attachment-large size-large wp-image-15774\" alt=\"\" srcset=\"https:\/\/oportofortegroup.com\/wp-content\/uploads\/2026\/03\/Blog-2023-Novo-69-1024x468.png 1024w, https:\/\/oportofortegroup.com\/wp-content\/uploads\/2026\/03\/Blog-2023-Novo-69-768x351.png 768w, https:\/\/oportofortegroup.com\/wp-content\/uploads\/2026\/03\/Blog-2023-Novo-69-640x293.png 640w, https:\/\/oportofortegroup.com\/wp-content\/uploads\/2026\/03\/Blog-2023-Novo-69-400x183.png 400w\" sizes=\"(max-width: 1024px) 100vw, 1024px\" \/>\t\t\t\t\t\t\t\t<\/a>\n\t\t\t\t\t\t\t\t\t\t\t\t\t\t\t<\/div>\n\t\t\t\t<\/div>\n\t\t\t\t<div class=\"elementor-element elementor-element-ac26003 elementor-widget elementor-widget-text-editor\" data-id=\"ac26003\" data-element_type=\"widget\" data-e-type=\"widget\" data-widget_type=\"text-editor.default\">\n\t\t\t\t<div class=\"elementor-widget-container\">\n\t\t\t\t\t\t\t\t\t<p><a href=\"https:\/\/oportofortegroup.com\/pt\/servicos\/abertura-de-novos-mercados\/\"><strong>Abertura de mercados internacionais<\/strong><\/a><\/p>\t\t\t\t\t\t\t\t<\/div>\n\t\t\t\t<\/div>\n\t\t\t\t<div class=\"elementor-element elementor-element-d53ee2a elementor-widget elementor-widget-image\" data-id=\"d53ee2a\" data-element_type=\"widget\" data-e-type=\"widget\" data-widget_type=\"image.default\">\n\t\t\t\t<div class=\"elementor-widget-container\">\n\t\t\t\t\t\t\t\t\t\t\t\t\t\t\t\t<a href=\"https:\/\/oportofortegroup.com\/pt\/servicos\/mba-em-gestao-logistica-internacional-e-comercio-exterior\/\">\n\t\t\t\t\t\t\t<img decoding=\"async\" width=\"1024\" height=\"468\" src=\"https:\/\/oportofortegroup.com\/wp-content\/uploads\/2026\/03\/Blog-2023-Novo-68-1024x468.png\" class=\"attachment-large size-large wp-image-15775\" alt=\"\" srcset=\"https:\/\/oportofortegroup.com\/wp-content\/uploads\/2026\/03\/Blog-2023-Novo-68-1024x468.png 1024w, https:\/\/oportofortegroup.com\/wp-content\/uploads\/2026\/03\/Blog-2023-Novo-68-768x351.png 768w, https:\/\/oportofortegroup.com\/wp-content\/uploads\/2026\/03\/Blog-2023-Novo-68-640x293.png 640w, https:\/\/oportofortegroup.com\/wp-content\/uploads\/2026\/03\/Blog-2023-Novo-68-400x183.png 400w\" sizes=\"(max-width: 1024px) 100vw, 1024px\" \/>\t\t\t\t\t\t\t\t<\/a>\n\t\t\t\t\t\t\t\t\t\t\t\t\t\t\t<\/div>\n\t\t\t\t<\/div>\n\t\t\t\t<div class=\"elementor-element elementor-element-f7ccce3 elementor-widget elementor-widget-text-editor\" data-id=\"f7ccce3\" data-element_type=\"widget\" data-e-type=\"widget\" data-widget_type=\"text-editor.default\">\n\t\t\t\t<div class=\"elementor-widget-container\">\n\t\t\t\t\t\t\t\t\t<p><a href=\"https:\/\/oportofortegroup.com\/pt\/servicos\/mba-em-gestao-logistica-internacional-e-comercio-exterior\/\"><strong>MBA Log\u00edstica Internacional e Com\u00e9rcio Exterior<\/strong><\/a><br \/>(parceria com a UNICAP)<\/p>\t\t\t\t\t\t\t\t<\/div>\n\t\t\t\t<\/div>\n\t\t\t\t<div class=\"elementor-element elementor-element-70e7421 elementor-widget elementor-widget-image\" data-id=\"70e7421\" data-element_type=\"widget\" data-e-type=\"widget\" data-widget_type=\"image.default\">\n\t\t\t\t<div class=\"elementor-widget-container\">\n\t\t\t\t\t\t\t\t\t\t\t\t\t\t\t\t<a href=\"https:\/\/oportofortegroup.com\/pt\/servicos\/catalogo-de-produtos-para-a-duimp\/\">\n\t\t\t\t\t\t\t<img loading=\"lazy\" decoding=\"async\" width=\"1024\" height=\"468\" src=\"https:\/\/oportofortegroup.com\/wp-content\/uploads\/2026\/03\/Blog-2023-Novo-66-1024x468.png\" class=\"attachment-large size-large wp-image-15772\" alt=\"\" srcset=\"https:\/\/oportofortegroup.com\/wp-content\/uploads\/2026\/03\/Blog-2023-Novo-66-1024x468.png 1024w, https:\/\/oportofortegroup.com\/wp-content\/uploads\/2026\/03\/Blog-2023-Novo-66-768x351.png 768w, https:\/\/oportofortegroup.com\/wp-content\/uploads\/2026\/03\/Blog-2023-Novo-66-640x293.png 640w, https:\/\/oportofortegroup.com\/wp-content\/uploads\/2026\/03\/Blog-2023-Novo-66-400x183.png 400w\" sizes=\"(max-width: 1024px) 100vw, 1024px\" \/>\t\t\t\t\t\t\t\t<\/a>\n\t\t\t\t\t\t\t\t\t\t\t\t\t\t\t<\/div>\n\t\t\t\t<\/div>\n\t\t\t\t<div class=\"elementor-element elementor-element-f075f6b elementor-widget elementor-widget-text-editor\" data-id=\"f075f6b\" data-element_type=\"widget\" data-e-type=\"widget\" data-widget_type=\"text-editor.default\">\n\t\t\t\t<div class=\"elementor-widget-container\">\n\t\t\t\t\t\t\t\t\t<p><a href=\"https:\/\/oportofortegroup.com\/pt\/servicos\/catalogo-de-produtos-para-a-duimp\/\"><strong>Cat\u00e1logo de produtos para a DUIMP<\/strong><\/a><\/p>\t\t\t\t\t\t\t\t<\/div>\n\t\t\t\t<\/div>\n\t\t\t\t<div class=\"elementor-element elementor-element-399cf84 elementor-widget elementor-widget-image\" data-id=\"399cf84\" data-element_type=\"widget\" data-e-type=\"widget\" data-widget_type=\"image.default\">\n\t\t\t\t<div class=\"elementor-widget-container\">\n\t\t\t\t\t\t\t\t\t\t\t\t\t\t\t\t<a href=\"https:\/\/oportofortegroup.com\/pt\/servicos\/peiex\/\">\n\t\t\t\t\t\t\t<img loading=\"lazy\" decoding=\"async\" width=\"1024\" height=\"468\" src=\"https:\/\/oportofortegroup.com\/wp-content\/uploads\/2026\/03\/Blog-2023-Novo-67-1024x468.png\" class=\"attachment-large size-large wp-image-15773\" alt=\"\" srcset=\"https:\/\/oportofortegroup.com\/wp-content\/uploads\/2026\/03\/Blog-2023-Novo-67-1024x468.png 1024w, https:\/\/oportofortegroup.com\/wp-content\/uploads\/2026\/03\/Blog-2023-Novo-67-768x351.png 768w, https:\/\/oportofortegroup.com\/wp-content\/uploads\/2026\/03\/Blog-2023-Novo-67-640x293.png 640w, https:\/\/oportofortegroup.com\/wp-content\/uploads\/2026\/03\/Blog-2023-Novo-67-400x183.png 400w\" sizes=\"(max-width: 1024px) 100vw, 1024px\" \/>\t\t\t\t\t\t\t\t<\/a>\n\t\t\t\t\t\t\t\t\t\t\t\t\t\t\t<\/div>\n\t\t\t\t<\/div>\n\t\t\t\t<div class=\"elementor-element elementor-element-9043f5e elementor-widget elementor-widget-text-editor\" data-id=\"9043f5e\" data-element_type=\"widget\" data-e-type=\"widget\" data-widget_type=\"text-editor.default\">\n\t\t\t\t<div class=\"elementor-widget-container\">\n\t\t\t\t\t\t\t\t\t<h2 class=\"elementor-heading-title elementor-size-default\"><a href=\"https:\/\/oportofortegroup.com\/pt\/servicos\/peiex\/\"><span style=\"color: #004680;\"><strong><span style=\"font-size: 16px;\">Programa PEIEX (Apex\/Senac)<\/span><\/strong><\/span><\/a><\/h2>\t\t\t\t\t\t\t\t<\/div>\n\t\t\t\t<\/div>\n\t\t\t\t<div class=\"elementor-element elementor-element-2a2c20c elementor-widget elementor-widget-image\" data-id=\"2a2c20c\" data-element_type=\"widget\" data-e-type=\"widget\" data-widget_type=\"image.default\">\n\t\t\t\t<div class=\"elementor-widget-container\">\n\t\t\t\t\t\t\t\t\t\t\t\t\t\t\t\t<a href=\"https:\/\/oportofortegroup.com\/pt\/servicos\/consultoria-e-auditoria-da-certificacao-oea\/\">\n\t\t\t\t\t\t\t<img loading=\"lazy\" decoding=\"async\" width=\"1024\" height=\"468\" src=\"https:\/\/oportofortegroup.com\/wp-content\/uploads\/2026\/03\/Blog-2023-Novo-65-1024x468.png\" class=\"attachment-large size-large wp-image-15771\" alt=\"\" srcset=\"https:\/\/oportofortegroup.com\/wp-content\/uploads\/2026\/03\/Blog-2023-Novo-65-1024x468.png 1024w, https:\/\/oportofortegroup.com\/wp-content\/uploads\/2026\/03\/Blog-2023-Novo-65-768x351.png 768w, https:\/\/oportofortegroup.com\/wp-content\/uploads\/2026\/03\/Blog-2023-Novo-65-640x293.png 640w, https:\/\/oportofortegroup.com\/wp-content\/uploads\/2026\/03\/Blog-2023-Novo-65-400x183.png 400w\" sizes=\"(max-width: 1024px) 100vw, 1024px\" \/>\t\t\t\t\t\t\t\t<\/a>\n\t\t\t\t\t\t\t\t\t\t\t\t\t\t\t<\/div>\n\t\t\t\t<\/div>\n\t\t\t\t<div class=\"elementor-element elementor-element-b1bd9cf elementor-widget elementor-widget-text-editor\" data-id=\"b1bd9cf\" data-element_type=\"widget\" data-e-type=\"widget\" data-widget_type=\"text-editor.default\">\n\t\t\t\t<div class=\"elementor-widget-container\">\n\t\t\t\t\t\t\t\t\t<h2 class=\"elementor-heading-title elementor-size-default\"><a href=\"https:\/\/oportofortegroup.com\/pt\/servicos\/consultoria-e-auditoria-da-certificacao-oea\/\"><span style=\"color: #004680; font-size: 16px;\"><strong>Certifica\u00e7\u00e3o OEA<\/strong><\/span><\/a><\/h2>\t\t\t\t\t\t\t\t<\/div>\n\t\t\t\t<\/div>\n\t\t\t\t<\/div>\n\t\t<div class=\"elementor-element elementor-element-7259393 e-flex e-con-boxed e-con e-parent\" data-id=\"7259393\" data-element_type=\"container\" data-e-type=\"container\">\r\n\t\t\t\t\t<div class=\"e-con-inner\">\r\n\t\t\t\t<div class=\"elementor-element elementor-element-4ad6a25 elementor-widget elementor-widget-porto_button\" data-id=\"4ad6a25\" data-element_type=\"widget\" data-e-type=\"widget\" data-settings=\"{&quot;align&quot;:&quot;center&quot;}\" data-widget_type=\"porto_button.default\">\n\t\t\t\t<div class=\"elementor-widget-container\">\n\t\t\t\t\t<a class=\"btn btn-md btn-primary\" href=\"https:\/\/oportofortegroup.com\/pt\/contactos\/\"><span >Quero saber mais<\/span><\/a>\t\t\t\t<\/div>\n\t\t\t\t<\/div>\n\t\t\t\t\t<\/div>\n\t\t\t\t<\/div>\n\t\t\t\t<\/div>\n\t\t","protected":false},"excerpt":{"rendered":"<p>Internacionaliza\u00e7\u00e3o \u00e9 a unidade especializada em novos mercados e com\u00e9rcio global, concebida para apoiar empresas em todas as fases da sua expans\u00e3o, do diagn\u00f3stico estrat\u00e9gico ao acompanhamento operacional. As solu\u00e7\u00f5es incluem abertura de novos mercados, classifica\u00e7\u00e3o t\u00e9cnica de produtos (DUIMP) e gest\u00e3o de conformidade aduaneira, garantindo seguran\u00e7a regulat\u00f3ria, redu\u00e7\u00e3o de riscos log\u00edsticos e efici\u00eancia nas [&hellip;]<\/p>\n","protected":false},"author":2,"featured_media":0,"parent":0,"menu_order":0,"comment_status":"closed","ping_status":"closed","template":"","meta":{"_acf_changed":false,"footnotes":""},"class_list":["post-14089","page","type-page","status-publish","hentry"],"acf":[],"_links":{"self":[{"href":"http:\/\/oportofortegroup.com\/pt\/wp-json\/wp\/v2\/pages\/14089","targetHints":{"allow":["GET"]}}],"collection":[{"href":"http:\/\/oportofortegroup.com\/pt\/wp-json\/wp\/v2\/pages"}],"about":[{"href":"http:\/\/oportofortegroup.com\/pt\/wp-json\/wp\/v2\/types\/page"}],"author":[{"embeddable":true,"href":"http:\/\/oportofortegroup.com\/pt\/wp-json\/wp\/v2\/users\/2"}],"replies":[{"embeddable":true,"href":"http:\/\/oportofortegroup.com\/pt\/wp-json\/wp\/v2\/comments?post=14089"}],"version-history":[{"count":90,"href":"http:\/\/oportofortegroup.com\/pt\/wp-json\/wp\/v2\/pages\/14089\/revisions"}],"predecessor-version":[{"id":16038,"href":"http:\/\/oportofortegroup.com\/pt\/wp-json\/wp\/v2\/pages\/14089\/revisions\/16038"}],"wp:attachment":[{"href":"http:\/\/oportofortegroup.com\/pt\/wp-json\/wp\/v2\/media?parent=14089"}],"curies":[{"name":"wp","href":"https:\/\/api.w.org\/{rel}","templated":true}]}}