{"id":15657,"date":"2026-03-02T12:04:39","date_gmt":"2026-03-02T12:04:39","guid":{"rendered":"https:\/\/oportofortegroup.com\/?page_id=15657"},"modified":"2026-03-19T12:17:07","modified_gmt":"2026-03-19T12:17:07","slug":"devenir-partenaire","status":"publish","type":"page","link":"http:\/\/oportofortegroup.com\/fr\/torne-se-partner\/","title":{"rendered":"Devenir partenaire de l'OFG"},"content":{"rendered":"<div data-elementor-type=\"wp-page\" data-elementor-id=\"15657\" class=\"elementor elementor-15657\">\n\t\t\t\t<div class=\"elementor-element elementor-element-85a55fc e-con-full e-flex e-con e-parent\" data-id=\"85a55fc\" data-element_type=\"container\" data-e-type=\"container\">\r\n\t\t<div class=\"elementor-element elementor-element-72c2149 e-con-full e-flex e-con e-child\" data-id=\"72c2149\" data-element_type=\"container\" data-e-type=\"container\">\r\n\t\t\t\t<div class=\"elementor-element elementor-element-c93d059 elementor-widget elementor-widget-text-editor\" data-id=\"c93d059\" data-element_type=\"widget\" data-e-type=\"widget\" data-widget_type=\"text-editor.default\">\n\t\t\t\t<div class=\"elementor-widget-container\">\n\t\t\t\t\t\t\t\t\t<p><span style=\"color: #000000;\">Le groupe Oporto Forte d\u00e9veloppe des projets d'entreprise avec des op\u00e9rations nationales et internationales dans les domaines de l'investissement, de la finance, du commerce mondial et de la formation. <span data-teams=\"true\">d'entreprise<\/span>, strat\u00e9gie, innovation et social.<\/span><\/p><p><span style=\"color: #000000;\">Dans le cadre de la consolidation de notre \u00e9cosyst\u00e8me de partenaires, nous recherchons des professionnels qui souhaitent travailler avec nous sur des projets structur\u00e9s et des initiatives strat\u00e9giques.<\/span><\/p>\t\t\t\t\t\t\t\t<\/div>\n\t\t\t\t<\/div>\n\t\t\t\t<\/div>\n\t\t<div class=\"elementor-element elementor-element-faef2f9 e-con-full e-flex e-con e-child\" data-id=\"faef2f9\" data-element_type=\"container\" data-e-type=\"container\">\r\n\t\t\t\t<div class=\"elementor-element elementor-element-a47e6e4 elementor-widget elementor-widget-image\" data-id=\"a47e6e4\" data-element_type=\"widget\" data-e-type=\"widget\" data-widget_type=\"image.default\">\n\t\t\t\t<div class=\"elementor-widget-container\">\n\t\t\t\t\t\t\t\t\t\t\t\t\t\t\t<img fetchpriority=\"high\" decoding=\"async\" width=\"1024\" height=\"539\" src=\"https:\/\/oportofortegroup.com\/wp-content\/uploads\/2026\/03\/Drive-up-your-Leadership-92-1024x539.png\" class=\"attachment-large size-large wp-image-15659\" alt=\"\" srcset=\"https:\/\/oportofortegroup.com\/wp-content\/uploads\/2026\/03\/Drive-up-your-Leadership-92-1024x539.png 1024w, https:\/\/oportofortegroup.com\/wp-content\/uploads\/2026\/03\/Drive-up-your-Leadership-92-768x405.png 768w, https:\/\/oportofortegroup.com\/wp-content\/uploads\/2026\/03\/Drive-up-your-Leadership-92-640x337.png 640w, https:\/\/oportofortegroup.com\/wp-content\/uploads\/2026\/03\/Drive-up-your-Leadership-92-400x211.png 400w\" sizes=\"(max-width: 1024px) 100vw, 1024px\" \/>\t\t\t\t\t\t\t\t\t\t\t\t\t\t\t<\/div>\n\t\t\t\t<\/div>\n\t\t\t\t<\/div>\n\t\t\t\t<\/div>\n\t\t<div class=\"elementor-element elementor-element-dac2917 e-con-full e-flex e-con e-parent\" data-id=\"dac2917\" data-element_type=\"container\" data-e-type=\"container\">\r\n\t\t\t\t<div class=\"elementor-element elementor-element-f11d608 elementor-widget elementor-widget-spacer\" data-id=\"f11d608\" data-element_type=\"widget\" data-e-type=\"widget\" data-widget_type=\"spacer.default\">\n\t\t\t\t<div class=\"elementor-widget-container\">\n\t\t\t\t\t\t\t<div class=\"elementor-spacer\">\n\t\t\t<div class=\"elementor-spacer-inner\"><\/div>\n\t\t<\/div>\n\t\t\t\t\t\t<\/div>\n\t\t\t\t<\/div>\n\t\t\t\t<\/div>\n\t\t<div class=\"elementor-element elementor-element-1144840 e-con-full e-flex e-con e-parent\" data-id=\"1144840\" data-element_type=\"container\" data-e-type=\"container\" data-settings=\"{&quot;background_background&quot;:&quot;gradient&quot;}\">\r\n\t\t<div class=\"elementor-element elementor-element-7b697e0 e-con-full e-flex e-con e-child\" data-id=\"7b697e0\" data-element_type=\"container\" data-e-type=\"container\">\r\n\t\t\t\t<div class=\"elementor-element elementor-element-e54cf04 elementor-widget elementor-widget-text-editor\" data-id=\"e54cf04\" data-element_type=\"widget\" data-e-type=\"widget\" data-widget_type=\"text-editor.default\">\n\t\t\t\t<div class=\"elementor-widget-container\">\n\t\t\t\t\t\t\t\t\t<h2><span style=\"color: #000000;\">Que signifie \u00eatre un partenaire de l'OFG ?<\/span><\/h2><p><span style=\"color: #000000;\">\u00catre partenaire de l'OFG, c'est collaborer \u00e0 des projets d\u00e9velopp\u00e9s par le groupe, en apportant son expertise technique et son exp\u00e9rience sectorielle. <\/span><span style=\"color: #000000;\">La relation est bas\u00e9e sur la compl\u00e9mentarit\u00e9, la rigueur professionnelle et l'alignement sur la vision strat\u00e9gique de l'OFG.<\/span><\/p>\t\t\t\t\t\t\t\t<\/div>\n\t\t\t\t<\/div>\n\t\t\t\t<\/div>\n\t\t\t\t<\/div>\n\t\t<div class=\"elementor-element elementor-element-7a0b0f6 e-flex e-con-boxed e-con e-parent\" data-id=\"7a0b0f6\" data-element_type=\"container\" data-e-type=\"container\">\r\n\t\t\t\t\t<div class=\"e-con-inner\">\r\n\t\t\t\t<div class=\"elementor-element elementor-element-39ff67c elementor-widget elementor-widget-spacer\" data-id=\"39ff67c\" data-element_type=\"widget\" data-e-type=\"widget\" data-widget_type=\"spacer.default\">\n\t\t\t\t<div class=\"elementor-widget-container\">\n\t\t\t\t\t\t\t<div class=\"elementor-spacer\">\n\t\t\t<div class=\"elementor-spacer-inner\"><\/div>\n\t\t<\/div>\n\t\t\t\t\t\t<\/div>\n\t\t\t\t<\/div>\n\t\t\t\t\t<\/div>\n\t\t\t\t<\/div>\n\t\t<div class=\"elementor-element elementor-element-d28a33e e-con-full e-flex e-con e-parent\" data-id=\"d28a33e\" data-element_type=\"container\" data-e-type=\"container\">\r\n\t\t\t\t<div class=\"elementor-element elementor-element-5bde963 elementor-widget elementor-widget-text-editor\" data-id=\"5bde963\" data-element_type=\"widget\" data-e-type=\"widget\" data-widget_type=\"text-editor.default\">\n\t\t\t\t<div class=\"elementor-widget-container\">\n\t\t\t\t\t\t\t\t\t<h2 style=\"text-align: center;\"><span style=\"color: #000000;\">Nous appr\u00e9cions les professionnels ayant :<\/span><\/h2>\t\t\t\t\t\t\t\t<\/div>\n\t\t\t\t<\/div>\n\t\t\t\t<\/div>\n\t\t<div class=\"elementor-element elementor-element-8377a23 e-grid e-con-boxed e-con e-parent\" data-id=\"8377a23\" data-element_type=\"container\" data-e-type=\"container\">\r\n\t\t\t\t\t<div class=\"e-con-inner\">\r\n\t\t\t\t<div class=\"elementor-element elementor-element-6d408f4 elementor-widget elementor-widget-image\" data-id=\"6d408f4\" data-element_type=\"widget\" data-e-type=\"widget\" data-widget_type=\"image.default\">\n\t\t\t\t<div class=\"elementor-widget-container\">\n\t\t\t\t\t\t\t\t\t\t\t\t\t\t\t<img decoding=\"async\" width=\"720\" height=\"720\" src=\"https:\/\/oportofortegroup.com\/wp-content\/uploads\/2026\/03\/Drive-up-your-Leadership-93.png\" class=\"attachment-large size-large wp-image-15667\" alt=\"\" srcset=\"https:\/\/oportofortegroup.com\/wp-content\/uploads\/2026\/03\/Drive-up-your-Leadership-93.png 720w, https:\/\/oportofortegroup.com\/wp-content\/uploads\/2026\/03\/Drive-up-your-Leadership-93-640x640.png 640w, https:\/\/oportofortegroup.com\/wp-content\/uploads\/2026\/03\/Drive-up-your-Leadership-93-400x400.png 400w\" sizes=\"(max-width: 720px) 100vw, 720px\" \/>\t\t\t\t\t\t\t\t\t\t\t\t\t\t\t<\/div>\n\t\t\t\t<\/div>\n\t\t\t\t<div class=\"elementor-element elementor-element-5c0c10e elementor-widget elementor-widget-image\" data-id=\"5c0c10e\" data-element_type=\"widget\" data-e-type=\"widget\" data-widget_type=\"image.default\">\n\t\t\t\t<div class=\"elementor-widget-container\">\n\t\t\t\t\t\t\t\t\t\t\t\t\t\t\t<img decoding=\"async\" width=\"624\" height=\"720\" src=\"https:\/\/oportofortegroup.com\/wp-content\/uploads\/2026\/03\/Drive-up-your-Leadership-94.png\" class=\"attachment-large size-large wp-image-15666\" alt=\"\" srcset=\"https:\/\/oportofortegroup.com\/wp-content\/uploads\/2026\/03\/Drive-up-your-Leadership-94.png 624w, https:\/\/oportofortegroup.com\/wp-content\/uploads\/2026\/03\/Drive-up-your-Leadership-94-400x462.png 400w\" sizes=\"(max-width: 624px) 100vw, 624px\" \/>\t\t\t\t\t\t\t\t\t\t\t\t\t\t\t<\/div>\n\t\t\t\t<\/div>\n\t\t\t\t<div class=\"elementor-element elementor-element-0445e71 elementor-widget elementor-widget-image\" data-id=\"0445e71\" data-element_type=\"widget\" data-e-type=\"widget\" data-widget_type=\"image.default\">\n\t\t\t\t<div class=\"elementor-widget-container\">\n\t\t\t\t\t\t\t\t\t\t\t\t\t\t\t<img loading=\"lazy\" decoding=\"async\" width=\"735\" height=\"720\" src=\"https:\/\/oportofortegroup.com\/wp-content\/uploads\/2026\/03\/Drive-up-your-Leadership-95.png\" class=\"attachment-large size-large wp-image-15665\" alt=\"\" srcset=\"https:\/\/oportofortegroup.com\/wp-content\/uploads\/2026\/03\/Drive-up-your-Leadership-95.png 735w, https:\/\/oportofortegroup.com\/wp-content\/uploads\/2026\/03\/Drive-up-your-Leadership-95-640x627.png 640w, https:\/\/oportofortegroup.com\/wp-content\/uploads\/2026\/03\/Drive-up-your-Leadership-95-400x392.png 400w\" sizes=\"(max-width: 735px) 100vw, 735px\" \/>\t\t\t\t\t\t\t\t\t\t\t\t\t\t\t<\/div>\n\t\t\t\t<\/div>\n\t\t\t\t<div class=\"elementor-element elementor-element-1380488 elementor-widget elementor-widget-image\" data-id=\"1380488\" data-element_type=\"widget\" data-e-type=\"widget\" data-widget_type=\"image.default\">\n\t\t\t\t<div class=\"elementor-widget-container\">\n\t\t\t\t\t\t\t\t\t\t\t\t\t\t\t<img loading=\"lazy\" decoding=\"async\" width=\"675\" height=\"696\" src=\"https:\/\/oportofortegroup.com\/wp-content\/uploads\/2026\/03\/Drive-up-your-Leadership-96.png\" class=\"attachment-large size-large wp-image-15664\" alt=\"\" srcset=\"https:\/\/oportofortegroup.com\/wp-content\/uploads\/2026\/03\/Drive-up-your-Leadership-96.png 675w, https:\/\/oportofortegroup.com\/wp-content\/uploads\/2026\/03\/Drive-up-your-Leadership-96-640x660.png 640w, https:\/\/oportofortegroup.com\/wp-content\/uploads\/2026\/03\/Drive-up-your-Leadership-96-400x412.png 400w\" sizes=\"(max-width: 675px) 100vw, 675px\" \/>\t\t\t\t\t\t\t\t\t\t\t\t\t\t\t<\/div>\n\t\t\t\t<\/div>\n\t\t\t\t\t<\/div>\n\t\t\t\t<\/div>\n\t\t<div class=\"elementor-element elementor-element-3c8dd13 e-grid e-con-boxed e-con e-parent\" data-id=\"3c8dd13\" data-element_type=\"container\" data-e-type=\"container\">\r\n\t\t\t\t\t<div class=\"e-con-inner\">\r\n\t\t\t\t<div class=\"elementor-element elementor-element-4c0b00b elementor-widget elementor-widget-text-editor\" data-id=\"4c0b00b\" data-element_type=\"widget\" data-e-type=\"widget\" data-widget_type=\"text-editor.default\">\n\t\t\t\t<div class=\"elementor-widget-container\">\n\t\t\t\t\t\t\t\t\t<p style=\"text-align: center;\"><strong>Exp\u00e9rience <\/strong><strong>professionnel av\u00e9r\u00e9<\/strong><\/p>\t\t\t\t\t\t\t\t<\/div>\n\t\t\t\t<\/div>\n\t\t\t\t<div class=\"elementor-element elementor-element-194d601 elementor-widget elementor-widget-text-editor\" data-id=\"194d601\" data-element_type=\"widget\" data-e-type=\"widget\" data-widget_type=\"text-editor.default\">\n\t\t\t\t<div class=\"elementor-widget-container\">\n\t\t\t\t\t\t\t\t\t<p style=\"text-align: center;\"><strong>Comp\u00e9tence technique et capacit\u00e9 d'ex\u00e9cution<\/strong><\/p>\t\t\t\t\t\t\t\t<\/div>\n\t\t\t\t<\/div>\n\t\t\t\t<div class=\"elementor-element elementor-element-42d566e elementor-widget elementor-widget-text-editor\" data-id=\"42d566e\" data-element_type=\"widget\" data-e-type=\"widget\" data-widget_type=\"text-editor.default\">\n\t\t\t\t<div class=\"elementor-widget-container\">\n\t\t\t\t\t\t\t\t\t<p style=\"text-align: center;\"><strong>S'inscrire dans les domaines d'activit\u00e9 de l'OFG<\/strong><\/p>\t\t\t\t\t\t\t\t<\/div>\n\t\t\t\t<\/div>\n\t\t\t\t<div class=\"elementor-element elementor-element-80dba64 elementor-widget elementor-widget-text-editor\" data-id=\"80dba64\" data-element_type=\"widget\" data-e-type=\"widget\" data-widget_type=\"text-editor.default\">\n\t\t\t\t<div class=\"elementor-widget-container\">\n\t\t\t\t\t\t\t\t\t<p style=\"text-align: center;\"><strong>Alignement institutionnel et \u00e9thique<\/strong><\/p>\t\t\t\t\t\t\t\t<\/div>\n\t\t\t\t<\/div>\n\t\t\t\t\t<\/div>\n\t\t\t\t<\/div>\n\t\t<div class=\"elementor-element elementor-element-0af0bbf e-flex e-con-boxed e-con e-parent\" data-id=\"0af0bbf\" data-element_type=\"container\" data-e-type=\"container\">\r\n\t\t\t\t\t<div class=\"e-con-inner\">\r\n\t\t\t\t<div class=\"elementor-element elementor-element-7d3df86 elementor-widget elementor-widget-text-editor\" data-id=\"7d3df86\" data-element_type=\"widget\" data-e-type=\"widget\" data-widget_type=\"text-editor.default\">\n\t\t\t\t<div class=\"elementor-widget-container\">\n\t\t\t\t\t\t\t\t\t<p style=\"text-align: center;\"><span style=\"color: #000000;\">Si vous pensez que votre profil pourrait s'int\u00e9grer dans l'\u00e9cosyst\u00e8me OFG, vous pouvez le soumettre en utilisant le formulaire ci-dessous.<\/span><\/p>\t\t\t\t\t\t\t\t<\/div>\n\t\t\t\t<\/div>\n\t\t\t\t\t<\/div>\n\t\t\t\t<\/div>\n\t\t<div class=\"elementor-element elementor-element-1cec3b5 e-flex e-con-boxed e-con e-parent\" data-id=\"1cec3b5\" data-element_type=\"container\" data-e-type=\"container\">\r\n\t\t\t\t\t<div class=\"e-con-inner\">\r\n\t\t\t\t<div class=\"elementor-element elementor-element-7f82246 elementor-widget elementor-widget-spacer\" data-id=\"7f82246\" data-element_type=\"widget\" data-e-type=\"widget\" data-widget_type=\"spacer.default\">\n\t\t\t\t<div class=\"elementor-widget-container\">\n\t\t\t\t\t\t\t<div class=\"elementor-spacer\">\n\t\t\t<div class=\"elementor-spacer-inner\"><\/div>\n\t\t<\/div>\n\t\t\t\t\t\t<\/div>\n\t\t\t\t<\/div>\n\t\t\t\t\t<\/div>\n\t\t\t\t<\/div>\n\t\t<div class=\"elementor-element elementor-element-7ea16da e-flex e-con-boxed e-con e-parent\" data-id=\"7ea16da\" data-element_type=\"container\" data-e-type=\"container\">\r\n\t\t\t\t\t<div class=\"e-con-inner\">\r\n\t\t\t\t<div class=\"elementor-element elementor-element-4746e5e elementor-widget elementor-widget-porto_button\" data-id=\"4746e5e\" data-element_type=\"widget\" data-e-type=\"widget\" data-settings=\"{&quot;align&quot;:&quot;center&quot;}\" data-widget_type=\"porto_button.default\">\n\t\t\t\t<div class=\"elementor-widget-container\">\n\t\t\t\t\t<a class=\"btn btn-xl btn-primary\" href=\"https:\/\/forms.office.com\/Pages\/ResponsePage.aspx?id=yxKcLiCk-Ee6s0H0qWasfleTpTsWS5FMjGpbuSkskYRUM044QTRaOFc3UE5FTlBFSFpFVUlUODdMNC4u\" target=\"_blank\" rel=\"noopener\"><span >Je veux \u00eatre partenaire de l'OFG<\/span><\/a>\t\t\t\t<\/div>\n\t\t\t\t<\/div>\n\t\t\t\t\t<\/div>\n\t\t\t\t<\/div>\n\t\t<div class=\"elementor-element elementor-element-c89a4ab e-flex e-con-boxed e-con e-parent\" data-id=\"c89a4ab\" data-element_type=\"container\" data-e-type=\"container\">\r\n\t\t\t\t\t<div class=\"e-con-inner\">\r\n\t\t\t\t<div class=\"elementor-element elementor-element-4f775f3 elementor-widget elementor-widget-spacer\" data-id=\"4f775f3\" data-element_type=\"widget\" data-e-type=\"widget\" data-widget_type=\"spacer.default\">\n\t\t\t\t<div class=\"elementor-widget-container\">\n\t\t\t\t\t\t\t<div class=\"elementor-spacer\">\n\t\t\t<div class=\"elementor-spacer-inner\"><\/div>\n\t\t<\/div>\n\t\t\t\t\t\t<\/div>\n\t\t\t\t<\/div>\n\t\t\t\t\t<\/div>\n\t\t\t\t<\/div>\n\t\t<div class=\"elementor-element elementor-element-89ad505 e-flex e-con-boxed e-con e-parent\" data-id=\"89ad505\" data-element_type=\"container\" data-e-type=\"container\">\r\n\t\t\t\t\t<div class=\"e-con-inner\">\r\n\t\t\t\t<div class=\"elementor-element elementor-element-27f051f elementor-widget elementor-widget-text-editor\" data-id=\"27f051f\" data-element_type=\"widget\" data-e-type=\"widget\" data-widget_type=\"text-editor.default\">\n\t\t\t\t<div class=\"elementor-widget-container\">\n\t\t\t\t\t\t\t\t\t<h3 class=\"MsoNormal\" style=\"margin: 12pt 0cm; text-align: center;\"><strong>Clients et partenaires<\/strong><\/h3>\t\t\t\t\t\t\t\t<\/div>\n\t\t\t\t<\/div>\n\t\t\t\t\t<\/div>\n\t\t\t\t<\/div>\n\t\t<div class=\"elementor-element elementor-element-5d2f01c e-flex e-con-boxed e-con e-parent\" data-id=\"5d2f01c\" data-element_type=\"container\" data-e-type=\"container\">\r\n\t\t\t\t\t<div class=\"e-con-inner\">\r\n\t\t\t\t<div class=\"elementor-element elementor-element-2c1b09c px-4 elementor-widget elementor-widget-image-carousel\" data-id=\"2c1b09c\" data-element_type=\"widget\" data-e-type=\"widget\" data-settings=\"{&quot;slides_to_show&quot;:&quot;6&quot;,&quot;image_spacing_custom&quot;:{&quot;unit&quot;:&quot;px&quot;,&quot;size&quot;:41,&quot;sizes&quot;:[]},&quot;navigation&quot;:&quot;none&quot;,&quot;lazyload&quot;:&quot;yes&quot;,&quot;slides_to_show_mobile&quot;:&quot;2&quot;,&quot;autoplay&quot;:&quot;yes&quot;,&quot;pause_on_hover&quot;:&quot;yes&quot;,&quot;pause_on_interaction&quot;:&quot;yes&quot;,&quot;autoplay_speed&quot;:5000,&quot;infinite&quot;:&quot;yes&quot;,&quot;speed&quot;:500,&quot;image_spacing_custom_tablet&quot;:{&quot;unit&quot;:&quot;px&quot;,&quot;size&quot;:&quot;&quot;,&quot;sizes&quot;:[]},&quot;image_spacing_custom_mobile&quot;:{&quot;unit&quot;:&quot;px&quot;,&quot;size&quot;:&quot;&quot;,&quot;sizes&quot;:[]}}\" data-widget_type=\"image-carousel.default\">\n\t\t\t\t<div class=\"elementor-widget-container\">\n\t\t\t\t\t\t\t<div class=\"elementor-image-carousel-wrapper swiper\" role=\"region\" aria-roledescription=\"carousel\" aria-label=\"Carrousel d&#039;images\" dir=\"ltr\">\n\t\t\t<div class=\"elementor-image-carousel swiper-wrapper\" aria-live=\"off\">\n\t\t\t\t\t\t\t\t<div class=\"swiper-slide\" role=\"group\" aria-roledescription=\"slide\" aria-label=\"1 of 12\" data-no-translation-aria-label=\"\"><figure class=\"swiper-slide-inner\"><img class=\"swiper-slide-image swiper-lazy\" data-src=\"https:\/\/oportofortegroup.com\/wp-content\/uploads\/2026\/02\/MicrosoftTeams-image-5.png\" alt=\"MicrosoftTeams-image-5\" \/><div class=\"swiper-lazy-preloader\"><\/div><\/figure><\/div><div class=\"swiper-slide\" role=\"group\" aria-roledescription=\"slide\" aria-label=\"2 of 12\" data-no-translation-aria-label=\"\"><figure class=\"swiper-slide-inner\"><img class=\"swiper-slide-image swiper-lazy\" data-src=\"https:\/\/oportofortegroup.com\/wp-content\/uploads\/2026\/02\/Logo_Toyota.svg_-e1770728641890.png\" alt=\"Logo_Toyota.svg\" \/><div class=\"swiper-lazy-preloader\"><\/div><\/figure><\/div><div class=\"swiper-slide\" role=\"group\" aria-roledescription=\"slide\" aria-label=\"3 of 12\" data-no-translation-aria-label=\"\"><figure class=\"swiper-slide-inner\"><img class=\"swiper-slide-image swiper-lazy\" data-src=\"https:\/\/oportofortegroup.com\/wp-content\/uploads\/2024\/12\/7ea2b24c417d2b5316236d873ba87715.jpg\" alt=\"7ea2b24c417d2b5316236d873ba87715\" \/><div class=\"swiper-lazy-preloader\"><\/div><\/figure><\/div><div class=\"swiper-slide\" role=\"group\" aria-roledescription=\"slide\" aria-label=\"4 of 12\" data-no-translation-aria-label=\"\"><figure class=\"swiper-slide-inner\"><img class=\"swiper-slide-image swiper-lazy\" data-src=\"https:\/\/oportofortegroup.com\/wp-content\/uploads\/2024\/12\/35ae5d63b045ffb51b727e506784b73b.jpg\" alt=\"35ae5d63b045ffb51b727e506784b73b\" \/><div class=\"swiper-lazy-preloader\"><\/div><\/figure><\/div><div class=\"swiper-slide\" role=\"group\" aria-roledescription=\"slide\" aria-label=\"5 of 12\" data-no-translation-aria-label=\"\"><figure class=\"swiper-slide-inner\"><img class=\"swiper-slide-image swiper-lazy\" data-src=\"https:\/\/oportofortegroup.com\/wp-content\/uploads\/2024\/12\/ee963fa5e61154b11fa2837632170001.jpg\" alt=\"ee963fa5e61154b11fa2837632170001\" \/><div class=\"swiper-lazy-preloader\"><\/div><\/figure><\/div><div class=\"swiper-slide\" role=\"group\" aria-roledescription=\"slide\" aria-label=\"6 of 12\" data-no-translation-aria-label=\"\"><figure class=\"swiper-slide-inner\"><img class=\"swiper-slide-image swiper-lazy\" data-src=\"https:\/\/oportofortegroup.com\/wp-content\/uploads\/2024\/12\/cc44aeff883e38b4ab255cbd9018b0a5.jpg\" alt=\"cc44aeff883e38b4ab255cbd9018b0a5\" \/><div class=\"swiper-lazy-preloader\"><\/div><\/figure><\/div><div class=\"swiper-slide\" role=\"group\" aria-roledescription=\"slide\" aria-label=\"7 of 12\" data-no-translation-aria-label=\"\"><figure class=\"swiper-slide-inner\"><img class=\"swiper-slide-image swiper-lazy\" data-src=\"https:\/\/oportofortegroup.com\/wp-content\/uploads\/2024\/12\/5110079c051443db0729b2c0690a4ac3.jpg\" alt=\"5110079c051443db0729b2c0690a4ac3\" \/><div class=\"swiper-lazy-preloader\"><\/div><\/figure><\/div><div class=\"swiper-slide\" role=\"group\" aria-roledescription=\"slide\" aria-label=\"8 of 12\" data-no-translation-aria-label=\"\"><figure class=\"swiper-slide-inner\"><img class=\"swiper-slide-image swiper-lazy\" data-src=\"https:\/\/oportofortegroup.com\/wp-content\/uploads\/2024\/12\/451a7fcb65d682deab8e52f2e0cad812.jpg\" alt=\"451a7fcb65d682deab8e52f2e0cad812\" \/><div class=\"swiper-lazy-preloader\"><\/div><\/figure><\/div><div class=\"swiper-slide\" role=\"group\" aria-roledescription=\"slide\" aria-label=\"9 of 12\" data-no-translation-aria-label=\"\"><figure class=\"swiper-slide-inner\"><img class=\"swiper-slide-image swiper-lazy\" data-src=\"https:\/\/oportofortegroup.com\/wp-content\/uploads\/2024\/12\/98f799716a57b07dfea76667f07d4196.jpg\" alt=\"98f799716a57b07dfea76667f07d4196\" \/><div class=\"swiper-lazy-preloader\"><\/div><\/figure><\/div><div class=\"swiper-slide\" role=\"group\" aria-roledescription=\"slide\" aria-label=\"10 of 12\" data-no-translation-aria-label=\"\"><figure class=\"swiper-slide-inner\"><img class=\"swiper-slide-image swiper-lazy\" data-src=\"https:\/\/oportofortegroup.com\/wp-content\/uploads\/2024\/12\/73d24b6a8c14decf1a54e2552f70492c.jpg\" alt=\"73d24b6a8c14decf1a54e2552f70492c\" \/><div class=\"swiper-lazy-preloader\"><\/div><\/figure><\/div><div class=\"swiper-slide\" role=\"group\" aria-roledescription=\"slide\" aria-label=\"11 of 12\" data-no-translation-aria-label=\"\"><figure class=\"swiper-slide-inner\"><img class=\"swiper-slide-image swiper-lazy\" data-src=\"https:\/\/oportofortegroup.com\/wp-content\/uploads\/2024\/12\/41b7fff3bcdeacfe9e9721f229c6a6cc.jpg\" alt=\"41b7fff3bcdeacfe9e9721f229c6a6cc\" \/><div class=\"swiper-lazy-preloader\"><\/div><\/figure><\/div><div class=\"swiper-slide\" role=\"group\" aria-roledescription=\"slide\" aria-label=\"12 of 12\" data-no-translation-aria-label=\"\"><figure class=\"swiper-slide-inner\"><img class=\"swiper-slide-image swiper-lazy\" data-src=\"https:\/\/oportofortegroup.com\/wp-content\/uploads\/2024\/12\/37c8222e4a44e63ba721674afe8c5bd6.jpg\" alt=\"37c8222e4a44e63ba721674afe8c5bd6\" \/><div class=\"swiper-lazy-preloader\"><\/div><\/figure><\/div>\t\t\t<\/div>\n\t\t\t\t\t\t\t\n\t\t\t\t\t\t\t\t\t<\/div>\n\t\t\t\t\t\t<\/div>\n\t\t\t\t<\/div>\n\t\t\t\t\t<\/div>\n\t\t\t\t<\/div>\n\t\t\t\t<\/div>","protected":false},"excerpt":{"rendered":"<p>O Oporto Forte Group desenvolve projetos empresariais com atua\u00e7\u00e3o nacional e internacional nas \u00e1reas de investimento, financeiro, global trade, forma\u00e7\u00e3o corporativa, estrat\u00e9gia, inova\u00e7\u00e3o e social. No \u00e2mbito da consolida\u00e7\u00e3o do nosso ecossistema de parceiros, procuramos profissionais que pretendam colaborar connosco em projetos estruturados e iniciativas estrat\u00e9gicas. O que \u00e9 ser Partner OFG? Ser Partner OFG [&hellip;]<\/p>\n","protected":false},"author":2,"featured_media":0,"parent":0,"menu_order":0,"comment_status":"closed","ping_status":"closed","template":"","meta":{"_acf_changed":false,"footnotes":""},"class_list":["post-15657","page","type-page","status-publish","hentry"],"acf":[],"_links":{"self":[{"href":"http:\/\/oportofortegroup.com\/fr\/wp-json\/wp\/v2\/pages\/15657","targetHints":{"allow":["GET"]}}],"collection":[{"href":"http:\/\/oportofortegroup.com\/fr\/wp-json\/wp\/v2\/pages"}],"about":[{"href":"http:\/\/oportofortegroup.com\/fr\/wp-json\/wp\/v2\/types\/page"}],"author":[{"embeddable":true,"href":"http:\/\/oportofortegroup.com\/fr\/wp-json\/wp\/v2\/users\/2"}],"replies":[{"embeddable":true,"href":"http:\/\/oportofortegroup.com\/fr\/wp-json\/wp\/v2\/comments?post=15657"}],"version-history":[{"count":26,"href":"http:\/\/oportofortegroup.com\/fr\/wp-json\/wp\/v2\/pages\/15657\/revisions"}],"predecessor-version":[{"id":16040,"href":"http:\/\/oportofortegroup.com\/fr\/wp-json\/wp\/v2\/pages\/15657\/revisions\/16040"}],"wp:attachment":[{"href":"http:\/\/oportofortegroup.com\/fr\/wp-json\/wp\/v2\/media?parent=15657"}],"curies":[{"name":"wp","href":"https:\/\/api.w.org\/{rel}","templated":true}]}}