{"id":13700,"date":"2025-11-20T14:18:20","date_gmt":"2025-11-20T14:18:20","guid":{"rendered":"https:\/\/oportofortegroup.com\/?page_id=13700"},"modified":"2026-03-17T14:28:54","modified_gmt":"2026-03-17T14:28:54","slug":"linnovation-et-la-technologie","status":"publish","type":"page","link":"http:\/\/oportofortegroup.com\/fr\/inovacao-e-tecnologia\/","title":{"rendered":"Innovation et technologie"},"content":{"rendered":"<div data-elementor-type=\"wp-page\" data-elementor-id=\"13700\" class=\"elementor elementor-13700\">\n\t\t\t\t<div class=\"elementor-element elementor-element-1dab7cd e-flex e-con-boxed e-con e-parent\" data-id=\"1dab7cd\" data-element_type=\"container\" data-e-type=\"container\">\r\n\t\t\t\t\t<div class=\"e-con-inner\">\r\n\t\t<div class=\"elementor-element elementor-element-4de1852 e-grid e-con-boxed e-con e-child\" data-id=\"4de1852\" data-element_type=\"container\" data-e-type=\"container\">\r\n\t\t\t\t\t<div class=\"e-con-inner\">\r\n\t\t\t\t<div class=\"elementor-element elementor-element-e110f1a elementor-widget elementor-widget-text-editor\" data-id=\"e110f1a\" data-element_type=\"widget\" data-e-type=\"widget\" data-widget_type=\"text-editor.default\">\n\t\t\t\t<div class=\"elementor-widget-container\">\n\t\t\t\t\t\t\t\t\t<p class=\"translation-block\"><strong>Innovation et technologie<\/strong> m\u00e8ne la <strong>transformation num\u00e9rique des organisations<\/strong>, en appliquant <strong>l'intelligence artificielle, le Big Data, l'internet des objets (IoT)<\/strong>, la <strong>cybers\u00e9curit\u00e9<\/strong> et l'<strong>automatisation intelligente<\/strong> dans des solutions qui augmentent la productivit\u00e9 et la comp\u00e9titivit\u00e9.<\/p><p>L'accent est mis sur la cr\u00e9ation <strong>la technologie au service de l'objectif<\/strong>, transformer l'innovation en valeur r\u00e9elle et durable.<\/p>\t\t\t\t\t\t\t\t<\/div>\n\t\t\t\t<\/div>\n\t\t\t\t<div class=\"elementor-element elementor-element-26cb7a3 elementor-widget elementor-widget-image\" data-id=\"26cb7a3\" data-element_type=\"widget\" data-e-type=\"widget\" data-widget_type=\"image.default\">\n\t\t\t\t<div class=\"elementor-widget-container\">\n\t\t\t\t\t\t\t\t\t\t\t\t\t\t\t<img fetchpriority=\"high\" decoding=\"async\" width=\"2560\" height=\"1440\" src=\"https:\/\/oportofortegroup.com\/wp-content\/uploads\/2026\/01\/Inovacao-e-Tecnologia-2-1-scaled.png\" class=\"attachment-full size-full wp-image-14756\" alt=\"\" srcset=\"https:\/\/oportofortegroup.com\/wp-content\/uploads\/2026\/01\/Inovacao-e-Tecnologia-2-1-scaled.png 2560w, https:\/\/oportofortegroup.com\/wp-content\/uploads\/2026\/01\/Inovacao-e-Tecnologia-2-1-1024x576.png 1024w, https:\/\/oportofortegroup.com\/wp-content\/uploads\/2026\/01\/Inovacao-e-Tecnologia-2-1-768x432.png 768w, https:\/\/oportofortegroup.com\/wp-content\/uploads\/2026\/01\/Inovacao-e-Tecnologia-2-1-1536x864.png 1536w, https:\/\/oportofortegroup.com\/wp-content\/uploads\/2026\/01\/Inovacao-e-Tecnologia-2-1-2048x1152.png 2048w, https:\/\/oportofortegroup.com\/wp-content\/uploads\/2026\/01\/Inovacao-e-Tecnologia-2-1-640x360.png 640w, https:\/\/oportofortegroup.com\/wp-content\/uploads\/2026\/01\/Inovacao-e-Tecnologia-2-1-400x225.png 400w\" sizes=\"(max-width: 2560px) 100vw, 2560px\" \/>\t\t\t\t\t\t\t\t\t\t\t\t\t\t\t<\/div>\n\t\t\t\t<\/div>\n\t\t\t\t\t<\/div>\n\t\t\t\t<\/div>\n\t\t\t\t\t<\/div>\n\t\t\t\t<\/div>\n\t\t<div class=\"elementor-element elementor-element-1b2157c e-flex e-con-boxed e-con e-parent\" data-id=\"1b2157c\" data-element_type=\"container\" data-e-type=\"container\">\r\n\t\t\t\t\t<div class=\"e-con-inner\">\r\n\t\t\t\t<div class=\"elementor-element elementor-element-57b870d elementor-widget elementor-widget-spacer\" data-id=\"57b870d\" data-element_type=\"widget\" data-e-type=\"widget\" data-widget_type=\"spacer.default\">\n\t\t\t\t<div class=\"elementor-widget-container\">\n\t\t\t\t\t\t\t<div class=\"elementor-spacer\">\n\t\t\t<div class=\"elementor-spacer-inner\"><\/div>\n\t\t<\/div>\n\t\t\t\t\t\t<\/div>\n\t\t\t\t<\/div>\n\t\t\t\t\t<\/div>\n\t\t\t\t<\/div>\n\t\t<div class=\"elementor-element elementor-element-bdbac3e e-flex e-con-boxed e-con e-parent\" data-id=\"bdbac3e\" data-element_type=\"container\" data-e-type=\"container\">\r\n\t\t\t\t\t<div class=\"e-con-inner\">\r\n\t\t\t\t<div class=\"elementor-element elementor-element-46cfe3c elementor-widget elementor-widget-heading\" data-id=\"46cfe3c\" data-element_type=\"widget\" data-e-type=\"widget\" data-widget_type=\"heading.default\">\n\t\t\t\t<div class=\"elementor-widget-container\">\n\t\t\t\t\t<h2 class=\"elementor-heading-title elementor-size-default\">Nos services<\/h2>\t\t\t\t<\/div>\n\t\t\t\t<\/div>\n\t\t\t\t<div class=\"elementor-element elementor-element-c9fd27a elementor-widget elementor-widget-spacer\" data-id=\"c9fd27a\" data-element_type=\"widget\" data-e-type=\"widget\" data-widget_type=\"spacer.default\">\n\t\t\t\t<div class=\"elementor-widget-container\">\n\t\t\t\t\t\t\t<div class=\"elementor-spacer\">\n\t\t\t<div class=\"elementor-spacer-inner\"><\/div>\n\t\t<\/div>\n\t\t\t\t\t\t<\/div>\n\t\t\t\t<\/div>\n\t\t\t\t\t<\/div>\n\t\t\t\t<\/div>\n\t\t<div class=\"elementor-element elementor-element-7844888 e-grid e-con-boxed e-con e-parent\" data-id=\"7844888\" data-element_type=\"container\" data-e-type=\"container\">\r\n\t\t\t\t\t<div class=\"e-con-inner\">\r\n\t\t\t\t<div class=\"elementor-element elementor-element-60f64b6 elementor-widget elementor-widget-text-editor\" data-id=\"60f64b6\" data-element_type=\"widget\" data-e-type=\"widget\" data-widget_type=\"text-editor.default\">\n\t\t\t\t<div class=\"elementor-widget-container\">\n\t\t\t\t\t\t\t\t\t<p><strong><span class=\"a_GcMg font-feature-liga-off font-feature-clig-off font-feature-calt-off text-decoration-none text-strikethrough-none\">Recherche et d\u00e9veloppement (R&amp;D) et transfert de technologie <\/span><\/strong><\/p><p><span class=\"a_GcMg font-feature-liga-off font-feature-clig-off font-feature-calt-off text-decoration-none text-strikethrough-none\" style=\"font-size: 13px;\">D\u00e9veloppement de solutions innovantes par la recherche appliqu\u00e9e et le transfert de technologie, en favorisant le lien entre les connaissances scientifiques, les entreprises et la cr\u00e9ation de valeur sur le march\u00e9. <\/span><\/p>\t\t\t\t\t\t\t\t<\/div>\n\t\t\t\t<\/div>\n\t\t\t\t<div class=\"elementor-element elementor-element-8c4779a elementor-widget elementor-widget-text-editor\" data-id=\"8c4779a\" data-element_type=\"widget\" data-e-type=\"widget\" data-widget_type=\"text-editor.default\">\n\t\t\t\t<div class=\"elementor-widget-container\">\n\t\t\t\t\t\t\t\t\t<p><strong><span class=\"a_GcMg font-feature-liga-off font-feature-clig-off font-feature-calt-off text-decoration-none text-strikethrough-none\">Intelligence artificielle et analyse de donn\u00e9es<\/span> <\/strong><\/p><p><span class=\"a_GcMg font-feature-liga-off font-feature-clig-off font-feature-calt-off text-decoration-none text-strikethrough-none\" style=\"font-size: 13px;\">Mise en \u0153uvre de solutions bas\u00e9es sur l'intelligence artificielle et l'analyse avanc\u00e9e des donn\u00e9es pour soutenir la prise de d\u00e9cision, optimiser les processus et g\u00e9n\u00e9rer un avantage concurrentiel. <\/span><\/p>\t\t\t\t\t\t\t\t<\/div>\n\t\t\t\t<\/div>\n\t\t\t\t<div class=\"elementor-element elementor-element-97f7db9 elementor-widget elementor-widget-text-editor\" data-id=\"97f7db9\" data-element_type=\"widget\" data-e-type=\"widget\" data-widget_type=\"text-editor.default\">\n\t\t\t\t<div class=\"elementor-widget-container\">\n\t\t\t\t\t\t\t\t\t<p><strong><span class=\"a_GcMg font-feature-liga-off font-feature-clig-off font-feature-calt-off text-decoration-none text-strikethrough-none\">Internet des objets (IoT) et int\u00e9gration des syst\u00e8mes<\/span> <\/strong><\/p><p><span class=\"a_GcMg font-feature-liga-off font-feature-clig-off font-feature-calt-off text-decoration-none text-strikethrough-none\" style=\"font-size: 13px;\">D\u00e9veloppement et int\u00e9gration de solutions IoT qui connectent les appareils, les syst\u00e8mes et les donn\u00e9es, permettant une surveillance intelligente, une automatisation et une plus grande efficacit\u00e9 op\u00e9rationnelle. <\/span><\/p>\t\t\t\t\t\t\t\t<\/div>\n\t\t\t\t<\/div>\n\t\t\t\t<div class=\"elementor-element elementor-element-9588a53 elementor-widget elementor-widget-text-editor\" data-id=\"9588a53\" data-element_type=\"widget\" data-e-type=\"widget\" data-widget_type=\"text-editor.default\">\n\t\t\t\t<div class=\"elementor-widget-container\">\n\t\t\t\t\t\t\t\t\t<p class=\"cvGsUA direction-ltr align-start para-style-body\"><strong><span class=\"a_GcMg font-feature-liga-off font-feature-clig-off font-feature-calt-off text-decoration-none text-strikethrough-none\">Cybers\u00e9curit\u00e9 et <\/span><\/strong><strong><span class=\"a_GcMg font-feature-liga-off font-feature-clig-off font-feature-calt-off text-decoration-none text-strikethrough-none\">Services en nuage<\/span><\/strong><\/p><p><span class=\"a_GcMg font-feature-liga-off font-feature-clig-off font-feature-calt-off text-decoration-none text-strikethrough-none\" style=\"font-size: 13px;\">Mise en \u0153uvre de solutions de s\u00e9curit\u00e9 num\u00e9rique et d'infrastructures en nuage qui garantissent la protection des donn\u00e9es, la continuit\u00e9 op\u00e9rationnelle et l'\u00e9volutivit\u00e9 technologique. <\/span><\/p>\t\t\t\t\t\t\t\t<\/div>\n\t\t\t\t<\/div>\n\t\t\t\t<div class=\"elementor-element elementor-element-a654477 elementor-widget elementor-widget-text-editor\" data-id=\"a654477\" data-element_type=\"widget\" data-e-type=\"widget\" data-widget_type=\"text-editor.default\">\n\t\t\t\t<div class=\"elementor-widget-container\">\n\t\t\t\t\t\t\t\t\t<p><strong><span class=\"a_GcMg font-feature-liga-off font-feature-clig-off font-feature-calt-off text-decoration-none text-strikethrough-none\">Automatisation industrielle et processus intelligents<\/span> <\/strong><\/p><p><span class=\"a_GcMg font-feature-liga-off font-feature-clig-off font-feature-calt-off text-decoration-none text-strikethrough-none\" style=\"font-size: 13px;\">D\u00e9veloppement de solutions d'automatisation et de num\u00e9risation pour les processus industriels, afin d'accro\u00eetre l'efficacit\u00e9, la productivit\u00e9 et le contr\u00f4le op\u00e9rationnel. <\/span><\/p>\t\t\t\t\t\t\t\t<\/div>\n\t\t\t\t<\/div>\n\t\t\t\t<div class=\"elementor-element elementor-element-77370e0 elementor-widget elementor-widget-text-editor\" data-id=\"77370e0\" data-element_type=\"widget\" data-e-type=\"widget\" data-widget_type=\"text-editor.default\">\n\t\t\t\t<div class=\"elementor-widget-container\">\n\t\t\t\t\t\t\t\t\t<p><strong><span class=\"a_GcMg font-feature-liga-off font-feature-clig-off font-feature-calt-off text-decoration-none text-strikethrough-none\">Am\u00e9lioration des comp\u00e9tences technologiques et num\u00e9riques<\/span> <\/strong><\/p><p><span class=\"a_GcMg font-feature-liga-off font-feature-clig-off font-feature-calt-off text-decoration-none text-strikethrough-none\" style=\"font-size: 13px;\">Programmes de formation aux comp\u00e9tences technologiques et num\u00e9riques, pr\u00e9parant les professionnels et les organisations aux d\u00e9fis de la transformation num\u00e9rique. <\/span><\/p>\t\t\t\t\t\t\t\t<\/div>\n\t\t\t\t<\/div>\n\t\t\t\t\t<\/div>\n\t\t\t\t<\/div>\n\t\t\t\t<\/div>","protected":false},"excerpt":{"rendered":"<p>Inova\u00e7\u00e3o e Tecnologia lidera a transforma\u00e7\u00e3o digital das organiza\u00e7\u00f5es, aplicando Intelig\u00eancia Artificial, Big Data, Internet das Coisas (IoT), Ciberseguran\u00e7a e Automa\u00e7\u00e3o Inteligente em solu\u00e7\u00f5es que aumentam a produtividade e competitividade. O foco est\u00e1 em criar tecnologia com prop\u00f3sito, transformando inova\u00e7\u00e3o em valor real e sustent\u00e1vel. Os nossos servi\u00e7os Investiga\u00e7\u00e3o e Desenvolvimento (I&amp;D) e transfer\u00eancia tecnol\u00f3gica [&hellip;]<\/p>\n","protected":false},"author":2,"featured_media":0,"parent":0,"menu_order":0,"comment_status":"closed","ping_status":"closed","template":"","meta":{"_acf_changed":false,"footnotes":""},"class_list":["post-13700","page","type-page","status-publish","hentry"],"acf":[],"_links":{"self":[{"href":"http:\/\/oportofortegroup.com\/fr\/wp-json\/wp\/v2\/pages\/13700","targetHints":{"allow":["GET"]}}],"collection":[{"href":"http:\/\/oportofortegroup.com\/fr\/wp-json\/wp\/v2\/pages"}],"about":[{"href":"http:\/\/oportofortegroup.com\/fr\/wp-json\/wp\/v2\/types\/page"}],"author":[{"embeddable":true,"href":"http:\/\/oportofortegroup.com\/fr\/wp-json\/wp\/v2\/users\/2"}],"replies":[{"embeddable":true,"href":"http:\/\/oportofortegroup.com\/fr\/wp-json\/wp\/v2\/comments?post=13700"}],"version-history":[{"count":57,"href":"http:\/\/oportofortegroup.com\/fr\/wp-json\/wp\/v2\/pages\/13700\/revisions"}],"predecessor-version":[{"id":15964,"href":"http:\/\/oportofortegroup.com\/fr\/wp-json\/wp\/v2\/pages\/13700\/revisions\/15964"}],"wp:attachment":[{"href":"http:\/\/oportofortegroup.com\/fr\/wp-json\/wp\/v2\/media?parent=13700"}],"curies":[{"name":"wp","href":"https:\/\/api.w.org\/{rel}","templated":true}]}}