{"id":13665,"date":"2025-11-20T14:19:00","date_gmt":"2025-11-20T14:19:00","guid":{"rendered":"https:\/\/oportofortegroup.com\/?page_id=13665"},"modified":"2026-04-07T18:51:15","modified_gmt":"2026-04-07T18:51:15","slug":"conseil-et-strategie-dentreprise","status":"publish","type":"page","link":"http:\/\/oportofortegroup.com\/fr\/consultoria-e-estrategia-empresarial\/","title":{"rendered":"Conseil et Strat\u00e9gie d'Entreprise"},"content":{"rendered":"<div data-elementor-type=\"wp-page\" data-elementor-id=\"13665\" class=\"elementor elementor-13665\">\n\t\t\t\t<div class=\"elementor-element elementor-element-4eea58f e-con-full e-flex e-con e-parent\" data-id=\"4eea58f\" data-element_type=\"container\" data-e-type=\"container\">\r\n\t\t<div class=\"elementor-element elementor-element-a797e02 e-con-full e-grid e-con e-child\" data-id=\"a797e02\" data-element_type=\"container\" data-e-type=\"container\">\r\n\t\t\t\t<div class=\"elementor-element elementor-element-e110f1a elementor-widget elementor-widget-text-editor\" data-id=\"e110f1a\" data-element_type=\"widget\" data-e-type=\"widget\" data-widget_type=\"text-editor.default\">\n\t\t\t\t<div class=\"elementor-widget-container\">\n\t\t\t\t\t\t\t\t\t<p><strong>Conseil et Strat\u00e9gie d'Entreprise<\/strong> Le groupe Oporto Forte a pour mission d'aider les entreprises \u00e0 am\u00e9liorer leurs performances organisationnelles, \u00e0 obtenir des certifications internationales et \u00e0 d\u00e9finir des strat\u00e9gies de croissance durable.<\/p><p>La performance combine <strong>rigueur technique, vision strat\u00e9gique et application pratique<\/strong>, int\u00e9grer des services tels que <strong>Diagnostic d'entreprise<\/strong>, <strong>Certifications ISO<\/strong>, <strong>Planification strat\u00e9gique<\/strong> e <strong>Restructuration des processus<\/strong>.<\/p><p class=\"translation-block\">S'appuyant sur ses propres m\u00e9thodologies et indicateurs de performance objectifs, ce domaine transforme la <strong>connaissance en strat\u00e9gie<\/strong> et la <strong>strat\u00e9gie en r\u00e9sultats tangibles<\/strong>, aidant ainsi les organisations \u00e0 se d\u00e9velopper avec d\u00e9termination et solidit\u00e9.<\/p>\t\t\t\t\t\t\t\t<\/div>\n\t\t\t\t<\/div>\n\t\t\t\t<div class=\"elementor-element elementor-element-35dfb31 elementor-widget elementor-widget-image\" data-id=\"35dfb31\" data-element_type=\"widget\" data-e-type=\"widget\" data-widget_type=\"image.default\">\n\t\t\t\t<div class=\"elementor-widget-container\">\n\t\t\t\t\t\t\t\t\t\t\t\t\t\t\t<img fetchpriority=\"high\" decoding=\"async\" width=\"2560\" height=\"1440\" src=\"https:\/\/oportofortegroup.com\/wp-content\/uploads\/2026\/01\/Estrategia-e-Transformacao-Empresarial-2-scaled.png\" class=\"attachment-full size-full wp-image-14752\" alt=\"\" srcset=\"https:\/\/oportofortegroup.com\/wp-content\/uploads\/2026\/01\/Estrategia-e-Transformacao-Empresarial-2-scaled.png 2560w, https:\/\/oportofortegroup.com\/wp-content\/uploads\/2026\/01\/Estrategia-e-Transformacao-Empresarial-2-1024x576.png 1024w, https:\/\/oportofortegroup.com\/wp-content\/uploads\/2026\/01\/Estrategia-e-Transformacao-Empresarial-2-768x432.png 768w, https:\/\/oportofortegroup.com\/wp-content\/uploads\/2026\/01\/Estrategia-e-Transformacao-Empresarial-2-1536x864.png 1536w, https:\/\/oportofortegroup.com\/wp-content\/uploads\/2026\/01\/Estrategia-e-Transformacao-Empresarial-2-2048x1152.png 2048w, https:\/\/oportofortegroup.com\/wp-content\/uploads\/2026\/01\/Estrategia-e-Transformacao-Empresarial-2-640x360.png 640w, https:\/\/oportofortegroup.com\/wp-content\/uploads\/2026\/01\/Estrategia-e-Transformacao-Empresarial-2-400x225.png 400w\" sizes=\"(max-width: 2560px) 100vw, 2560px\" \/>\t\t\t\t\t\t\t\t\t\t\t\t\t\t\t<\/div>\n\t\t\t\t<\/div>\n\t\t\t\t<\/div>\n\t\t\t\t<\/div>\n\t\t<div class=\"elementor-element elementor-element-e372394 e-con-full e-flex e-con e-parent\" data-id=\"e372394\" data-element_type=\"container\" data-e-type=\"container\">\r\n\t\t\t\t<div class=\"elementor-element elementor-element-a1a8166 elementor-widget elementor-widget-spacer\" data-id=\"a1a8166\" data-element_type=\"widget\" data-e-type=\"widget\" data-widget_type=\"spacer.default\">\n\t\t\t\t<div class=\"elementor-widget-container\">\n\t\t\t\t\t\t\t<div class=\"elementor-spacer\">\n\t\t\t<div class=\"elementor-spacer-inner\"><\/div>\n\t\t<\/div>\n\t\t\t\t\t\t<\/div>\n\t\t\t\t<\/div>\n\t\t\t\t<\/div>\n\t\t<div class=\"elementor-element elementor-element-974c2be e-con-full e-flex e-con e-parent\" data-id=\"974c2be\" data-element_type=\"container\" data-e-type=\"container\">\r\n\t\t\t\t<div class=\"elementor-element elementor-element-46cfe3c elementor-widget elementor-widget-heading\" data-id=\"46cfe3c\" data-element_type=\"widget\" data-e-type=\"widget\" data-widget_type=\"heading.default\">\n\t\t\t\t<div class=\"elementor-widget-container\">\n\t\t\t\t\t<h2 class=\"elementor-heading-title elementor-size-default\">Nos services<\/h2>\t\t\t\t<\/div>\n\t\t\t\t<\/div>\n\t\t\t\t<div class=\"elementor-element elementor-element-a324517 elementor-widget elementor-widget-spacer\" data-id=\"a324517\" data-element_type=\"widget\" data-e-type=\"widget\" data-widget_type=\"spacer.default\">\n\t\t\t\t<div class=\"elementor-widget-container\">\n\t\t\t\t\t\t\t<div class=\"elementor-spacer\">\n\t\t\t<div class=\"elementor-spacer-inner\"><\/div>\n\t\t<\/div>\n\t\t\t\t\t\t<\/div>\n\t\t\t\t<\/div>\n\t\t\t\t<\/div>\n\t\t<div class=\"elementor-element elementor-element-de97f7f e-grid elementor-hidden-mobile e-con-boxed e-con e-parent\" data-id=\"de97f7f\" data-element_type=\"container\" data-e-type=\"container\">\r\n\t\t\t\t\t<div class=\"e-con-inner\">\r\n\t\t\t\t<div class=\"elementor-element elementor-element-6ae3feb elementor-widget elementor-widget-image\" data-id=\"6ae3feb\" data-element_type=\"widget\" data-e-type=\"widget\" data-widget_type=\"image.default\">\n\t\t\t\t<div class=\"elementor-widget-container\">\n\t\t\t\t\t\t\t\t\t\t\t\t\t\t\t\t<a href=\"https:\/\/oportofortegroup.com\/fr\/services\/diagnostic-dentreprise-3\/\">\n\t\t\t\t\t\t\t<img decoding=\"async\" src=\"https:\/\/oportofortegroup.com\/wp-content\/uploads\/elementor\/thumbs\/Formacao-1-scaled-reznk7jw86fp775djxhxdusvv9vj32paphnjw46wsc.png\" title=\"Formation 1\" alt=\"Formation 1\" loading=\"lazy\" \/>\t\t\t\t\t\t\t\t<\/a>\n\t\t\t\t\t\t\t\t\t\t\t\t\t\t\t<\/div>\n\t\t\t\t<\/div>\n\t\t\t\t<div class=\"elementor-element elementor-element-0633f75 elementor-widget elementor-widget-image\" data-id=\"0633f75\" data-element_type=\"widget\" data-e-type=\"widget\" data-widget_type=\"image.default\">\n\t\t\t\t<div class=\"elementor-widget-container\">\n\t\t\t\t\t\t\t\t\t\t\t\t\t\t\t\t<a href=\"https:\/\/oportofortegroup.com\/fr\/services\/certifications-iso-2\/\">\n\t\t\t\t\t\t\t<img decoding=\"async\" src=\"https:\/\/oportofortegroup.com\/wp-content\/uploads\/elementor\/thumbs\/e5d45443633f96e6645dab8dd426bb78-r687hm5btellosyu0cdlaaxxamox0m7xpbf65tli0s.jpg\" title=\"e5d45443633f96e6645dab8dd426bb78\" alt=\"e5d45443633f96e6645dab8dd426bb78\" loading=\"lazy\" \/>\t\t\t\t\t\t\t\t<\/a>\n\t\t\t\t\t\t\t\t\t\t\t\t\t\t\t<\/div>\n\t\t\t\t<\/div>\n\t\t\t\t<div class=\"elementor-element elementor-element-22241e2 elementor-widget elementor-widget-image\" data-id=\"22241e2\" data-element_type=\"widget\" data-e-type=\"widget\" data-widget_type=\"image.default\">\n\t\t\t\t<div class=\"elementor-widget-container\">\n\t\t\t\t\t\t\t\t\t\t\t\t\t\t\t<img decoding=\"async\" src=\"https:\/\/oportofortegroup.com\/wp-content\/uploads\/elementor\/thumbs\/Consultoria-reznsn5rjnzbd8wdb2qf986rqqb35b6lj8ddwhoqyk.png\" title=\"Conseil\" alt=\"Conseil\" loading=\"lazy\" \/>\t\t\t\t\t\t\t\t\t\t\t\t\t\t\t<\/div>\n\t\t\t\t<\/div>\n\t\t\t\t<div class=\"elementor-element elementor-element-dfc88f0 elementor-widget elementor-widget-image\" data-id=\"dfc88f0\" data-element_type=\"widget\" data-e-type=\"widget\" data-widget_type=\"image.default\">\n\t\t\t\t<div class=\"elementor-widget-container\">\n\t\t\t\t\t\t\t\t\t\t\t\t\t\t\t<img decoding=\"async\" src=\"https:\/\/oportofortegroup.com\/wp-content\/uploads\/elementor\/thumbs\/Diagnostico-empresarial-reznu7k2xq4ipumg5r41etyfdul3z5ehqziip3d4l8.png\" title=\"Diagnostic d&#039;entreprise\" alt=\"Diagnostic d&#039;entreprise\" loading=\"lazy\" \/>\t\t\t\t\t\t\t\t\t\t\t\t\t\t\t<\/div>\n\t\t\t\t<\/div>\n\t\t\t\t\t<\/div>\n\t\t\t\t<\/div>\n\t\t<div class=\"elementor-element elementor-element-81de6a2 e-grid elementor-hidden-mobile e-con-boxed e-con e-parent\" data-id=\"81de6a2\" data-element_type=\"container\" data-e-type=\"container\">\r\n\t\t\t\t\t<div class=\"e-con-inner\">\r\n\t\t\t\t<div class=\"elementor-element elementor-element-e0be13b elementor-widget elementor-widget-text-editor\" data-id=\"e0be13b\" data-element_type=\"widget\" data-e-type=\"widget\" data-widget_type=\"text-editor.default\">\n\t\t\t\t<div class=\"elementor-widget-container\">\n\t\t\t\t\t\t\t\t\t<p><a href=\"https:\/\/oportofortegroup.com\/fr\/services\/diagnostic-dentreprise-3\/\"><strong>Diagnostic d'entreprise et d\u00e9veloppement strat\u00e9gique<\/strong><\/a><\/p><p><span style=\"font-size: 15px;\">Analyse approfondie de la structure et de la culture organisationnelles, identification des d\u00e9fis et conception de solutions qui stimulent la comp\u00e9titivit\u00e9 et la croissance.<\/span><\/p>\t\t\t\t\t\t\t\t<\/div>\n\t\t\t\t<\/div>\n\t\t\t\t<div class=\"elementor-element elementor-element-51fcb6e elementor-widget elementor-widget-text-editor\" data-id=\"51fcb6e\" data-element_type=\"widget\" data-e-type=\"widget\" data-widget_type=\"text-editor.default\">\n\t\t\t\t<div class=\"elementor-widget-container\">\n\t\t\t\t\t\t\t\t\t<p><a href=\"https:\/\/oportofortegroup.com\/fr\/services\/certifications-iso-2\/\"><span style=\"color: #004680;\"><strong>Certification ISO<\/strong><\/span><\/a><\/p><p><span style=\"font-size: 15px;\">Mise en \u0153uvre de normes internationales de qualit\u00e9 et de s\u00e9curit\u00e9 qui renforcent la cr\u00e9dibilit\u00e9 et le positionnement des entreprises sur les march\u00e9s mondiaux.<\/span><\/p>\t\t\t\t\t\t\t\t<\/div>\n\t\t\t\t<\/div>\n\t\t\t\t<div class=\"elementor-element elementor-element-7a92b7c elementor-widget elementor-widget-text-editor\" data-id=\"7a92b7c\" data-element_type=\"widget\" data-e-type=\"widget\" data-widget_type=\"text-editor.default\">\n\t\t\t\t<div class=\"elementor-widget-container\">\n\t\t\t\t\t\t\t\t\t<p><span style=\"color: #004680;\"><strong>Conseil strat\u00e9gique et op\u00e9rationnel<\/strong><\/span><\/p><p><span style=\"font-size: 15px;\">D\u00e9finition et mise en \u0153uvre de plans de transformation de l'entreprise, en mettant l'accent sur l'innovation, la performance et la durabilit\u00e9.<\/span><\/p>\t\t\t\t\t\t\t\t<\/div>\n\t\t\t\t<\/div>\n\t\t\t\t<div class=\"elementor-element elementor-element-35dcb79 elementor-widget elementor-widget-text-editor\" data-id=\"35dcb79\" data-element_type=\"widget\" data-e-type=\"widget\" data-widget_type=\"text-editor.default\">\n\t\t\t\t<div class=\"elementor-widget-container\">\n\t\t\t\t\t\t\t\t\t<p><span style=\"color: #004680;\"><strong>Syst\u00e8mes de gestion et am\u00e9lioration continue<\/strong><\/span><\/p><p><span style=\"font-size: 15px;\">Cr\u00e9ation de mod\u00e8les de gestion int\u00e9gr\u00e9e qui favorisent l'efficacit\u00e9, la qualit\u00e9 et la durabilit\u00e9 \u00e0 long terme.<\/span><\/p>\t\t\t\t\t\t\t\t<\/div>\n\t\t\t\t<\/div>\n\t\t\t\t\t<\/div>\n\t\t\t\t<\/div>\n\t\t<div class=\"elementor-element elementor-element-d677710 e-grid elementor-hidden-desktop elementor-hidden-tablet e-con-boxed e-con e-parent\" data-id=\"d677710\" data-element_type=\"container\" data-e-type=\"container\">\r\n\t\t\t\t\t<div class=\"e-con-inner\">\r\n\t\t\t\t<div class=\"elementor-element elementor-element-dc383ef elementor-widget elementor-widget-image\" data-id=\"dc383ef\" data-element_type=\"widget\" data-e-type=\"widget\" data-widget_type=\"image.default\">\n\t\t\t\t<div class=\"elementor-widget-container\">\n\t\t\t\t\t\t\t\t\t\t\t\t\t\t\t\t<a href=\"https:\/\/oportofortegroup.com\/fr\/services\/diagnostic-dentreprise-3\/\">\n\t\t\t\t\t\t\t<img decoding=\"async\" src=\"https:\/\/oportofortegroup.com\/wp-content\/uploads\/elementor\/thumbs\/Formacao-1-scaled-reznk7jw86fp775djxhxdusvv9vj32paphnjw46wsc.png\" title=\"Formation 1\" alt=\"Formation 1\" loading=\"lazy\" \/>\t\t\t\t\t\t\t\t<\/a>\n\t\t\t\t\t\t\t\t\t\t\t\t\t\t\t<\/div>\n\t\t\t\t<\/div>\n\t\t\t\t<div class=\"elementor-element elementor-element-2087060 elementor-widget elementor-widget-text-editor\" data-id=\"2087060\" data-element_type=\"widget\" data-e-type=\"widget\" data-widget_type=\"text-editor.default\">\n\t\t\t\t<div class=\"elementor-widget-container\">\n\t\t\t\t\t\t\t\t\t<p><a href=\"https:\/\/oportofortegroup.com\/fr\/services\/diagnostic-dentreprise-3\/\"><strong>Diagnostic d'entreprise et d\u00e9veloppement strat\u00e9gique<\/strong><\/a><\/p><p><span style=\"font-size: 15px;\">Analyse approfondie de la structure et de la culture organisationnelles, identification des d\u00e9fis et conception de solutions qui stimulent la comp\u00e9titivit\u00e9 et la croissance.<\/span><\/p>\t\t\t\t\t\t\t\t<\/div>\n\t\t\t\t<\/div>\n\t\t\t\t<div class=\"elementor-element elementor-element-ab8c522 elementor-widget elementor-widget-image\" data-id=\"ab8c522\" data-element_type=\"widget\" data-e-type=\"widget\" data-widget_type=\"image.default\">\n\t\t\t\t<div class=\"elementor-widget-container\">\n\t\t\t\t\t\t\t\t\t\t\t\t\t\t\t\t<a href=\"https:\/\/oportofortegroup.com\/fr\/services\/certifications-iso-2\/\">\n\t\t\t\t\t\t\t<img decoding=\"async\" src=\"https:\/\/oportofortegroup.com\/wp-content\/uploads\/elementor\/thumbs\/e5d45443633f96e6645dab8dd426bb78-r687hm5btellosyu0cdlaaxxamox0m7xpbf65tli0s.jpg\" title=\"e5d45443633f96e6645dab8dd426bb78\" alt=\"e5d45443633f96e6645dab8dd426bb78\" loading=\"lazy\" \/>\t\t\t\t\t\t\t\t<\/a>\n\t\t\t\t\t\t\t\t\t\t\t\t\t\t\t<\/div>\n\t\t\t\t<\/div>\n\t\t\t\t<div class=\"elementor-element elementor-element-fa6cf24 elementor-widget elementor-widget-text-editor\" data-id=\"fa6cf24\" data-element_type=\"widget\" data-e-type=\"widget\" data-widget_type=\"text-editor.default\">\n\t\t\t\t<div class=\"elementor-widget-container\">\n\t\t\t\t\t\t\t\t\t<p><a href=\"https:\/\/oportofortegroup.com\/fr\/services\/certifications-iso-2\/\"><span style=\"color: #004680;\"><strong>Certification ISO<\/strong><\/span><\/a><\/p><p><span style=\"font-size: 15px;\">Mise en \u0153uvre de normes internationales de qualit\u00e9 et de s\u00e9curit\u00e9 qui renforcent la cr\u00e9dibilit\u00e9 et le positionnement des entreprises sur les march\u00e9s mondiaux.<\/span><\/p>\t\t\t\t\t\t\t\t<\/div>\n\t\t\t\t<\/div>\n\t\t\t\t<div class=\"elementor-element elementor-element-e5adb40 elementor-widget elementor-widget-image\" data-id=\"e5adb40\" data-element_type=\"widget\" data-e-type=\"widget\" data-widget_type=\"image.default\">\n\t\t\t\t<div class=\"elementor-widget-container\">\n\t\t\t\t\t\t\t\t\t\t\t\t\t\t\t<img decoding=\"async\" src=\"https:\/\/oportofortegroup.com\/wp-content\/uploads\/elementor\/thumbs\/Consultoria-reznsn5rjnzbd8wdb2qf986rqqb35b6lj8ddwhoqyk.png\" title=\"Conseil\" alt=\"Conseil\" loading=\"lazy\" \/>\t\t\t\t\t\t\t\t\t\t\t\t\t\t\t<\/div>\n\t\t\t\t<\/div>\n\t\t\t\t<div class=\"elementor-element elementor-element-a2ced5a elementor-widget elementor-widget-text-editor\" data-id=\"a2ced5a\" data-element_type=\"widget\" data-e-type=\"widget\" data-widget_type=\"text-editor.default\">\n\t\t\t\t<div class=\"elementor-widget-container\">\n\t\t\t\t\t\t\t\t\t<p><span style=\"color: #004680;\"><strong>Conseil strat\u00e9gique et op\u00e9rationnel<\/strong><\/span><\/p><p><span style=\"font-size: 15px;\">D\u00e9finition et mise en \u0153uvre de plans de transformation de l'entreprise, en mettant l'accent sur l'innovation, la performance et la durabilit\u00e9.<\/span><\/p>\t\t\t\t\t\t\t\t<\/div>\n\t\t\t\t<\/div>\n\t\t\t\t<div class=\"elementor-element elementor-element-b28638f elementor-widget elementor-widget-image\" data-id=\"b28638f\" data-element_type=\"widget\" data-e-type=\"widget\" data-widget_type=\"image.default\">\n\t\t\t\t<div class=\"elementor-widget-container\">\n\t\t\t\t\t\t\t\t\t\t\t\t\t\t\t<img decoding=\"async\" src=\"https:\/\/oportofortegroup.com\/wp-content\/uploads\/elementor\/thumbs\/Diagnostico-empresarial-reznu7k2xq4ipumg5r41etyfdul3z5ehqziip3d4l8.png\" title=\"Diagnostic d&#039;entreprise\" alt=\"Diagnostic d&#039;entreprise\" loading=\"lazy\" \/>\t\t\t\t\t\t\t\t\t\t\t\t\t\t\t<\/div>\n\t\t\t\t<\/div>\n\t\t\t\t<div class=\"elementor-element elementor-element-436382e elementor-widget elementor-widget-text-editor\" data-id=\"436382e\" data-element_type=\"widget\" data-e-type=\"widget\" data-widget_type=\"text-editor.default\">\n\t\t\t\t<div class=\"elementor-widget-container\">\n\t\t\t\t\t\t\t\t\t<p><span style=\"color: #004680;\"><strong>Syst\u00e8mes de gestion et am\u00e9lioration continue<\/strong><\/span><\/p><p><span style=\"font-size: 15px;\">Cr\u00e9ation de mod\u00e8les de gestion int\u00e9gr\u00e9e qui favorisent l'efficacit\u00e9, la qualit\u00e9 et la durabilit\u00e9 \u00e0 long terme.<\/span><\/p>\t\t\t\t\t\t\t\t<\/div>\n\t\t\t\t<\/div>\n\t\t\t\t\t<\/div>\n\t\t\t\t<\/div>\n\t\t<div class=\"elementor-element elementor-element-8ca4929 e-flex e-con-boxed e-con e-parent\" data-id=\"8ca4929\" data-element_type=\"container\" data-e-type=\"container\">\r\n\t\t\t\t\t<div class=\"e-con-inner\">\r\n\t\t\t\t<div class=\"elementor-element elementor-element-44792f7 elementor-widget elementor-widget-porto_button\" data-id=\"44792f7\" data-element_type=\"widget\" data-e-type=\"widget\" data-settings=\"{&quot;align&quot;:&quot;center&quot;}\" data-widget_type=\"porto_button.default\">\n\t\t\t\t<div class=\"elementor-widget-container\">\n\t\t\t\t\t<a class=\"btn btn-md btn-primary\" href=\"https:\/\/oportofortegroup.com\/fr\/contacts\/\"><span >Je veux en savoir plus<\/span><\/a>\t\t\t\t<\/div>\n\t\t\t\t<\/div>\n\t\t\t\t\t<\/div>\n\t\t\t\t<\/div>\n\t\t\t\t<\/div>","protected":false},"excerpt":{"rendered":"<p>Consultoria e Estrat\u00e9gia Empresarial do Oporto Forte Group foca-se no apoio a empresas na melhoria da performance organizacional, na obten\u00e7\u00e3o de certifica\u00e7\u00f5es internacionais e na defini\u00e7\u00e3o de estrat\u00e9gias de crescimento sustent\u00e1vel. A atua\u00e7\u00e3o combina rigor t\u00e9cnico, vis\u00e3o estrat\u00e9gica e aplica\u00e7\u00e3o pr\u00e1tica, integrando servi\u00e7os como Diagn\u00f3stico Empresarial, Certifica\u00e7\u00f5es ISO, Planeamento Estrat\u00e9gico e Reestrutura\u00e7\u00e3o de Processos. Sustentada [&hellip;]<\/p>\n","protected":false},"author":2,"featured_media":0,"parent":0,"menu_order":0,"comment_status":"closed","ping_status":"closed","template":"","meta":{"_acf_changed":false,"footnotes":""},"class_list":["post-13665","page","type-page","status-publish","hentry"],"acf":[],"_links":{"self":[{"href":"http:\/\/oportofortegroup.com\/fr\/wp-json\/wp\/v2\/pages\/13665","targetHints":{"allow":["GET"]}}],"collection":[{"href":"http:\/\/oportofortegroup.com\/fr\/wp-json\/wp\/v2\/pages"}],"about":[{"href":"http:\/\/oportofortegroup.com\/fr\/wp-json\/wp\/v2\/types\/page"}],"author":[{"embeddable":true,"href":"http:\/\/oportofortegroup.com\/fr\/wp-json\/wp\/v2\/users\/2"}],"replies":[{"embeddable":true,"href":"http:\/\/oportofortegroup.com\/fr\/wp-json\/wp\/v2\/comments?post=13665"}],"version-history":[{"count":77,"href":"http:\/\/oportofortegroup.com\/fr\/wp-json\/wp\/v2\/pages\/13665\/revisions"}],"predecessor-version":[{"id":16461,"href":"http:\/\/oportofortegroup.com\/fr\/wp-json\/wp\/v2\/pages\/13665\/revisions\/16461"}],"wp:attachment":[{"href":"http:\/\/oportofortegroup.com\/fr\/wp-json\/wp\/v2\/media?parent=13665"}],"curies":[{"name":"wp","href":"https:\/\/api.w.org\/{rel}","templated":true}]}}